{"id":1105,"date":"2023-11-26T13:41:37","date_gmt":"2023-11-26T12:41:37","guid":{"rendered":"http:\/\/www.hristinamilanova.com\/art-milanova\/"},"modified":"2025-04-03T22:40:37","modified_gmt":"2025-04-03T20:40:37","slug":"art-milanova","status":"publish","type":"page","link":"https:\/\/www.hristinamilanova.com\/de\/art-milanova\/","title":{"rendered":"Biografie"},"content":{"rendered":"\t\t<div data-elementor-type=\"wp-page\" data-elementor-id=\"1105\" class=\"elementor elementor-1105 elementor-17\" data-elementor-post-type=\"page\">\n\t\t\t\t<div class=\"elementor-element elementor-element-6d270cf e-con-full e-flex e-con e-parent\" data-id=\"6d270cf\" data-element_type=\"container\" data-e-type=\"container\" data-settings=\"{&quot;background_background&quot;:&quot;classic&quot;}\">\n\t\t\t\t<div class=\"elementor-element elementor-element-a2414a5 elementor-widget elementor-widget-heading\" data-id=\"a2414a5\" data-element_type=\"widget\" data-e-type=\"widget\" data-widget_type=\"heading.default\">\n\t\t\t\t<div class=\"elementor-widget-container\">\n\t\t\t\t\t<h1 class=\"elementor-heading-title elementor-size-default\">Biografie<\/h1>\t\t\t\t<\/div>\n\t\t\t\t<\/div>\n\t\t\t\t<\/div>\n\t\t<div class=\"elementor-element elementor-element-f91bf54 e-flex e-con-boxed e-con e-parent\" data-id=\"f91bf54\" data-element_type=\"container\" data-e-type=\"container\">\n\t\t\t\t\t<div class=\"e-con-inner\">\n\t\t<div class=\"elementor-element elementor-element-00e7d51 e-con-full e-flex e-con e-child\" data-id=\"00e7d51\" data-element_type=\"container\" data-e-type=\"container\">\n\t\t\t\t<div class=\"elementor-element elementor-element-c05a7e3 elementor-widget elementor-widget-text-editor\" data-id=\"c05a7e3\" data-element_type=\"widget\" data-e-type=\"widget\" data-widget_type=\"text-editor.default\">\n\t\t\t\t<div class=\"elementor-widget-container\">\n\t\t\t\t\t\t\t\t\t<p>Nachdem er 2002 sein Wirtschaftsstudium abgeschlossen hatte, begann er im Familienunternehmen zu arbeiten, das im Textil- und Modesektor t\u00e4tig ist. Sie stammt aus einer Familie, die sich beruflich der klassischen Musik widmet. Es war im Jahr 2000, als Hristina Milanova Mallorca besuchte und von der Spiritualit\u00e4t dieser Insel v\u00f6llig in den Bann gezogen und gefangen wurde.  <\/p><p>Im Jahr 2003, zwei Jahre vor der Geburt ihres ersten Kindes, begab sich die K\u00fcnstlerin auf eine introspektive Reise und begann, die Umwelt um sie herum zu beobachten und k\u00fcnstlerisch zu bewerten. Daraus entstand ihr Wunsch, ihre k\u00fcnstlerischen F\u00e4higkeiten unter Beweis zu stellen, was sie zu einem st\u00e4ndigen Kampf f\u00fchrte, um sich weiterzuentwickeln und ihr Potenzial und ihre M\u00f6glichkeiten maximal auszusch\u00f6pfen. <\/p><p>Sie setzt ihr Modestudium fort und wird Finalistin bei <b>&#8222;Art Jove&#8220;<\/b> 2005 mit ihrer experimentellen Kollektion &#8222;Aisha Zaliv&#8220;. Dar\u00fcber hinaus bildet sie sich in den Bereichen Fotografie, Bildbearbeitung, Tanz und Musikkomposition weiter. <\/p><p>Ihre Leidenschaft f\u00fcr Architektur, Wissenschaft, Kosmologie, Anthropologie und asiatische Philosophie f\u00fchrt sie zu weiteren Forschungen \u00fcber menschliches Verhalten und emotionale Erinnerungsmuster in Zeit und Raum.<br>Ihr erstes Album entsteht in Oxford in Zusammenarbeit mit dem Produzenten und Komponisten Sam Williams. Free Fall pr\u00e4sentiert <b>&#8222;NIT DE L ART 2015&#8220;<\/b>: <\/p><p><b>&#8222;To Be Space&#8220;<\/b> ist der Titel der konzeptionellen Serie von Kunstwerken des K\u00fcnstlers. Er spiegelt die Bedeutung wider, Raum zu werden, ihn neu zu definieren und ihn zu nutzen; in Harmonie mit der Umgebung zu leben, die wir schaffen, um Teil von ihr zu sein. <\/p><p>Die R\u00e4ume sind Installationen voller Verweise auf Farbe und Licht, auf Energie, die eine starke Verbindung zu den f\u00fcnf Elementen der alten chinesischen Philosophie herstellt: Wasser, Holz, Feuer, Erde, Metall.<\/p><p>Diese Kombination aus europ\u00e4ischer Bildform und asiatischem Denken ist ein weiteres Beispiel f\u00fcr eine sehr zeitgem\u00e4\u00dfe und hybride Denkweise, die wesentlich zu Ver\u00e4nderungen in verschiedenen Aspekten unserer Realit\u00e4t beitr\u00e4gt, nicht nur in der k\u00fcnstlerischen. Milanova ist eine K\u00fcnstlerin des 21. Jahrhunderts, die sich nicht mehr auf die L\u00f6sungen des vergangenen Jahrhunderts verl\u00e4sst. <\/p><p>&#8222;Die Kunst steckt in der Krise. Alle Bereiche sind in der Krise. In ihren Gem\u00e4lden zeigt uns Milanova einen m\u00f6glichen Weg aus der Krise. Dabei nimmt sie den Betrachter als Partner, den sie nicht nur als intellektuellen Teilnehmer, sondern als universellen kreativen Menschen begreift!   <\/p>\t\t\t\t\t\t\t\t<\/div>\n\t\t\t\t<\/div>\n\t\t\t\t<\/div>\n\t\t<div class=\"elementor-element elementor-element-cddeb60 e-con-full e-flex e-con e-child\" data-id=\"cddeb60\" data-element_type=\"container\" data-e-type=\"container\">\n\t\t\t\t<div class=\"elementor-element elementor-element-a828029 elementor-widget elementor-widget-text-editor\" data-id=\"a828029\" data-element_type=\"widget\" data-e-type=\"widget\" data-widget_type=\"text-editor.default\">\n\t\t\t\t<div class=\"elementor-widget-container\">\n\t\t\t\t\t\t\t\t\t<p>Die Theorie der f\u00fcnf Elemente in der chinesischen Philosophie wird sehr eingehend erforscht. Dies ist sehr wichtig f\u00fcr Shiatsu, Feng Shui, Tai Chi Chuan, Qi Gong usw. <\/p><p>Die Elemente sind ein Tor zu einem umfassenderen Verst\u00e4ndnis der Welt, in dem Kreativit\u00e4t ein integraler Bestandteil des Lebens ist. Die Elemente werden nicht im Sinne ihrer materiellen Natur verstanden, sondern als Energien, die zwischen den Materialien existieren. Sie sind Teil der Philosophie der Natur.  <\/p><p>In Europa hingegen entwickelte der griechische Philosoph Empedokles (ca. 495-435 v. Chr.) eine Theorie der vier Elemente (Erde, Feuer, Wasser, Luft). Die Theorie der f\u00fcnf Elemente, die als Stufen der Verwandlung gesehen werden, die sich auch widersprechen k\u00f6nnen &#8211; zum Beispiel Feuer und Wasser -, erm\u00f6glicht es uns, diese Kr\u00e4fte in einem <b>Gedankenbild<\/b> zu ordnen, das auf der Zahl F\u00fcnf basiert. <\/p><p>Die K\u00fcnstlerin wird von diesem Gedanken angezogen, denn sie sieht darin das Versprechen einer neuen und anderen Lebensweise. Ihre Gem\u00e4lde sind der Beweis f\u00fcr diese Faszination. Milanova ist jedoch nicht daran interessiert, diese Ideen zu illustrieren. Aber ihr Wissen dar\u00fcber ist ein grundlegendes Element ihrer Gem\u00e4lde. Die Titel best\u00e4tigen ihre Affinit\u00e4t zum asiatischen Denken.    <\/p><p>In seinen \u00dcberlegungen zur Kunst in <b>&#8222;Die Bedeutung des Lebens&#8220;<\/b> (Stuttgart 1982, S. 421) schreibt der chinesische Schriftsteller Lin Yutang (1895-1976) \u00fcber seine k\u00fcnstlerische Wertsch\u00e4tzung des Lebens: &#8222;Kunst ist sowohl Sch\u00f6pfung als auch Erholung. Von den beiden Ideen glaube ich, dass Kunst als Erholung oder als reines Spiel des menschlichen Geistes wichtiger ist. &#8222;Milanovas Werke enthalten dieselben Emotionen.<\/p><p>Was die K\u00fcnstlerin deutlich vermittelt, ist, wie sie ein neues Bild des Lebens unter der mallorquinischen Sonne schafft, seit sie ihre Heimat verlassen hat. Dabei geht es nicht um eine Fortsetzung oder einen Bruch mit der Tradition, sondern vielmehr um ein neues, freies Lebensgef\u00fchl. Dies dr\u00fcckt sich in intensiven und akuten Empfindungen in allen Sinnen aus.  <\/p>\t\t\t\t\t\t\t\t<\/div>\n\t\t\t\t<\/div>\n\t\t\t\t<div class=\"elementor-element elementor-element-f3e9fa4 elementor-widget elementor-widget-image\" data-id=\"f3e9fa4\" data-element_type=\"widget\" data-e-type=\"widget\" data-widget_type=\"image.default\">\n\t\t\t\t<div class=\"elementor-widget-container\">\n\t\t\t\t\t\t\t\t\t\t\t\t\t\t\t<img decoding=\"async\" width=\"128\" height=\"9\" src=\"https:\/\/www.hristinamilanova.com\/wp-content\/uploads\/2023\/11\/Divider-Decorative_01.png\" class=\"attachment-large size-large wp-image-786\" alt=\"\" \/>\t\t\t\t\t\t\t\t\t\t\t\t\t\t\t<\/div>\n\t\t\t\t<\/div>\n\t\t\t\t<div class=\"elementor-element elementor-element-bbe2239 elementor-widget elementor-widget-image\" data-id=\"bbe2239\" data-element_type=\"widget\" data-e-type=\"widget\" data-widget_type=\"image.default\">\n\t\t\t\t<div class=\"elementor-widget-container\">\n\t\t\t\t\t\t\t\t\t\t\t\t\t\t\t<img fetchpriority=\"high\" decoding=\"async\" width=\"800\" height=\"66\" src=\"https:\/\/www.hristinamilanova.com\/wp-content\/uploads\/2023\/11\/ART-MILANOVA-web-transp2-75787b-1920w.png\" class=\"attachment-large size-large wp-image-734\" alt=\"\" srcset=\"https:\/\/www.hristinamilanova.com\/wp-content\/uploads\/2023\/11\/ART-MILANOVA-web-transp2-75787b-1920w.png 1000w, https:\/\/www.hristinamilanova.com\/wp-content\/uploads\/2023\/11\/ART-MILANOVA-web-transp2-75787b-1920w-300x25.png 300w, https:\/\/www.hristinamilanova.com\/wp-content\/uploads\/2023\/11\/ART-MILANOVA-web-transp2-75787b-1920w-768x64.png 768w\" sizes=\"(max-width: 800px) 100vw, 800px\" \/>\t\t\t\t\t\t\t\t\t\t\t\t\t\t\t<\/div>\n\t\t\t\t<\/div>\n\t\t\t\t<\/div>\n\t\t\t\t\t<\/div>\n\t\t\t\t<\/div>\n\t\t<div class=\"elementor-element elementor-element-418cf32 e-flex e-con-boxed e-con e-parent\" data-id=\"418cf32\" data-element_type=\"container\" data-e-type=\"container\">\n\t\t\t\t\t<div class=\"e-con-inner\">\n\t\t\t\t<div class=\"elementor-element elementor-element-d4df9cf elementor-widget elementor-widget-image\" data-id=\"d4df9cf\" data-element_type=\"widget\" data-e-type=\"widget\" data-widget_type=\"image.default\">\n\t\t\t\t<div class=\"elementor-widget-container\">\n\t\t\t\t\t\t\t\t\t\t\t\t\t\t\t<img decoding=\"async\" width=\"1920\" height=\"1280\" src=\"https:\/\/www.hristinamilanova.com\/wp-content\/uploads\/2023\/11\/01-1920w.jpg\" class=\"attachment-full size-full wp-image-788\" alt=\"\" srcset=\"https:\/\/www.hristinamilanova.com\/wp-content\/uploads\/2023\/11\/01-1920w.jpg 1920w, https:\/\/www.hristinamilanova.com\/wp-content\/uploads\/2023\/11\/01-1920w-300x200.jpg 300w, https:\/\/www.hristinamilanova.com\/wp-content\/uploads\/2023\/11\/01-1920w-1024x683.jpg 1024w, https:\/\/www.hristinamilanova.com\/wp-content\/uploads\/2023\/11\/01-1920w-768x512.jpg 768w, https:\/\/www.hristinamilanova.com\/wp-content\/uploads\/2023\/11\/01-1920w-1536x1024.jpg 1536w\" sizes=\"(max-width: 1920px) 100vw, 1920px\" \/>\t\t\t\t\t\t\t\t\t\t\t\t\t\t\t<\/div>\n\t\t\t\t<\/div>\n\t\t\t\t\t<\/div>\n\t\t\t\t<\/div>\n\t\t<div class=\"elementor-element elementor-element-69b9837 e-flex e-con-boxed e-con e-parent\" data-id=\"69b9837\" data-element_type=\"container\" data-e-type=\"container\">\n\t\t\t\t\t<div class=\"e-con-inner\">\n\t\t\t\t\t<\/div>\n\t\t\t\t<\/div>\n\t\t\t\t<\/div>\n\t\t","protected":false},"excerpt":{"rendered":"<p>Biografie Nachdem er 2002 sein Wirtschaftsstudium abgeschlossen hatte, begann er im Familienunternehmen zu arbeiten, das im Textil- und Modesektor t\u00e4tig ist. Sie stammt aus einer Familie, die sich beruflich der klassischen Musik widmet. Es war im Jahr 2000, als Hristina Milanova Mallorca besuchte und von der Spiritualit\u00e4t dieser Insel v\u00f6llig in den Bann gezogen und [&hellip;]<\/p>\n","protected":false},"author":1,"featured_media":0,"parent":0,"menu_order":1,"comment_status":"closed","ping_status":"closed","template":"","meta":{"_seopress_robots_primary_cat":"","_seopress_titles_title":"","_seopress_titles_desc":"","_seopress_robots_index":"","_seopress_analysis_target_kw":"","footnotes":""},"class_list":["post-1105","page","type-page","status-publish","hentry"],"_links":{"self":[{"href":"https:\/\/www.hristinamilanova.com\/de\/wp-json\/wp\/v2\/pages\/1105","targetHints":{"allow":["GET"]}}],"collection":[{"href":"https:\/\/www.hristinamilanova.com\/de\/wp-json\/wp\/v2\/pages"}],"about":[{"href":"https:\/\/www.hristinamilanova.com\/de\/wp-json\/wp\/v2\/types\/page"}],"author":[{"embeddable":true,"href":"https:\/\/www.hristinamilanova.com\/de\/wp-json\/wp\/v2\/users\/1"}],"replies":[{"embeddable":true,"href":"https:\/\/www.hristinamilanova.com\/de\/wp-json\/wp\/v2\/comments?post=1105"}],"version-history":[{"count":0,"href":"https:\/\/www.hristinamilanova.com\/de\/wp-json\/wp\/v2\/pages\/1105\/revisions"}],"wp:attachment":[{"href":"https:\/\/www.hristinamilanova.com\/de\/wp-json\/wp\/v2\/media?parent=1105"}],"curies":[{"name":"wp","href":"https:\/\/api.w.org\/{rel}","templated":true}]}}