{"id":1123,"date":"2023-11-26T17:39:14","date_gmt":"2023-11-26T16:39:14","guid":{"rendered":"http:\/\/www.hristinamilanova.com\/word-world-das-elegante-universum\/"},"modified":"2024-01-18T19:25:18","modified_gmt":"2024-01-18T18:25:18","slug":"word-world-das-elegante-universum","status":"publish","type":"page","link":"https:\/\/www.hristinamilanova.com\/de\/word-world-das-elegante-universum\/","title":{"rendered":"Word-World. El Universo Elegante"},"content":{"rendered":"\t\t<div data-elementor-type=\"wp-page\" data-elementor-id=\"1123\" class=\"elementor elementor-1123 elementor-31\" data-elementor-post-type=\"page\">\n\t\t\t\t<div class=\"elementor-element elementor-element-27ab1092 e-flex e-con-boxed e-con e-parent\" data-id=\"27ab1092\" data-element_type=\"container\" data-e-type=\"container\" data-settings=\"{&quot;background_background&quot;:&quot;classic&quot;}\">\n\t\t\t\t\t<div class=\"e-con-inner\">\n\t\t\t\t<div class=\"elementor-element elementor-element-4ce4d7b4 elementor-widget elementor-widget-text-editor\" data-id=\"4ce4d7b4\" data-element_type=\"widget\" data-e-type=\"widget\" data-widget_type=\"text-editor.default\">\n\t\t\t\t<div class=\"elementor-widget-container\">\n\t\t\t\t\t\t\t\t\t<h1>Word-World. El Universo Elegante <\/h1>\n<h2>by Hristina Milanova<\/h2>\n\t\t\t\t\t\t\t\t<\/div>\n\t\t\t\t<\/div>\n\t\t\t\t\t<\/div>\n\t\t\t\t<\/div>\n\t\t<div class=\"elementor-element elementor-element-eaed666 e-con-full e-flex e-con e-parent\" data-id=\"eaed666\" data-element_type=\"container\" data-e-type=\"container\">\n\t\t\t\t<div class=\"elementor-element elementor-element-53a965e0 elementor-widget elementor-widget-image\" data-id=\"53a965e0\" data-element_type=\"widget\" data-e-type=\"widget\" data-widget_type=\"image.default\">\n\t\t\t\t<div class=\"elementor-widget-container\">\n\t\t\t\t\t\t\t\t\t\t\t\t\t\t\t<img fetchpriority=\"high\" decoding=\"async\" width=\"768\" height=\"992\" src=\"https:\/\/www.hristinamilanova.com\/wp-content\/uploads\/2023\/11\/1h.m.copy-2880w-768x992.jpeg\" class=\"attachment-medium_large size-medium_large wp-image-806\" alt=\"\" srcset=\"https:\/\/www.hristinamilanova.com\/wp-content\/uploads\/2023\/11\/1h.m.copy-2880w-768x992.jpeg 768w, https:\/\/www.hristinamilanova.com\/wp-content\/uploads\/2023\/11\/1h.m.copy-2880w-232x300.jpeg 232w, https:\/\/www.hristinamilanova.com\/wp-content\/uploads\/2023\/11\/1h.m.copy-2880w-793x1024.jpeg 793w, https:\/\/www.hristinamilanova.com\/wp-content\/uploads\/2023\/11\/1h.m.copy-2880w-1189x1536.jpeg 1189w, https:\/\/www.hristinamilanova.com\/wp-content\/uploads\/2023\/11\/1h.m.copy-2880w-1586x2048.jpeg 1586w, https:\/\/www.hristinamilanova.com\/wp-content\/uploads\/2023\/11\/1h.m.copy-2880w.jpeg 1920w\" sizes=\"(max-width: 768px) 100vw, 768px\" \/>\t\t\t\t\t\t\t\t\t\t\t\t\t\t\t<\/div>\n\t\t\t\t<\/div>\n\t\t\t\t<div class=\"elementor-element elementor-element-553938b9 elementor-widget elementor-widget-text-editor\" data-id=\"553938b9\" data-element_type=\"widget\" data-e-type=\"widget\" data-widget_type=\"text-editor.default\">\n\t\t\t\t<div class=\"elementor-widget-container\">\n\t\t\t\t\t\t\t\t\t<p><span style=\"border: 0px solid #333333; -webkit-font-smoothing: antialiased; font-family: Jost, 'Jost Fallback'; font-weight: bold; display: initial;\"> <\/span><\/p>\n<p><span style=\"border: 0px solid #333333; -webkit-font-smoothing: antialiased; font-family: Jost, 'Jost Fallback'; font-weight: bold; display: initial;\">Wort &#8211; Welt. Das elegante Universum<\/span><span style=\"border: 0px solid #333333; -webkit-font-smoothing: antialiased; font-family: Jost, 'Jost Fallback'; display: initial; color: #444444;\">.<\/span><\/p>\n<\/p>\n<p style=\"border: 0px solid #333333; -webkit-font-smoothing: antialiased; margin-top: 0px; margin-bottom: 0px; font-family: Jost, 'Jost Fallback';\"><span style=\"border: 0px solid #333333; -webkit-font-smoothing: antialiased; display: initial;\">Der egoistische Geist des Jahrhunderts, Egoismus und Eitelkeit. Die technologischen Fortschritte in der Computertechnik haben nicht nur zu Spaltungen zwischen Menschen und Nationen aufgrund unterschiedlicher Interessen gef\u00fchrt, sondern auch neue Diskriminierungen, Kriege und Todesf\u00e4lle provoziert. Eine offensichtliche und unversch\u00e4mte Ignoranz. Kurz gesagt, die Menschheit wiederholt die Vergangenheit. Denn wer sind wir ohne diese Vergangenheit? Da ich die globale Problematik als K\u00fcnstler und Teilnehmer an den Ver\u00e4nderungen in diesem Jahrhundert genau beobachte, habe ich mein neues Projekt ins Leben gerufen: &#8222;Word &#8211; World&#8220; The elegant universe. Es ist mein neuestes Projekt, das von meiner Hingabe an das Wissen in verschiedenen Bereichen angetrieben wird. Die universellen sch\u00f6pferischen Kr\u00e4fte heben das individuelle Bewusstsein, um das Gelernte an die Umwelt weitergeben zu k\u00f6nnen. Da das Herz nicht gelernt hat zu denken, wird der Verstand immer ein Sklave im Dienste der Materialisierung sein, der nicht im Einklang mit der Natur und der Existenz des Individuums steht, da alles Kleine in allem Gro\u00dfen ist und umgekehrt. Die Menschheit wird gezwungen sein, drastische Ma\u00dfnahmen f\u00fcr ihre existenzielle Zukunft zu ergreifen. Liebe, Wahrheit, Weisheit, Gerechtigkeit und G\u00fcte. <\/span><\/p>\n<p style=\"border: 0px solid #333333; -webkit-font-smoothing: antialiased; margin-top: 0px; margin-bottom: 0px; font-family: Jost, 'Jost Fallback';\"><span style=\"border: 0px solid #333333; -webkit-font-smoothing: antialiased; display: initial;\">Dies sind die f\u00fcnf Tugenden, auf die ich mich gest\u00fctzt habe. Diese Tugenden verwandeln das menschliche Bewusstsein in ein kosmisches Bewusstsein der Einheit, das das Wesen als wahren Sch\u00f6pfer wahrnimmt. In diesem Projekt sind die Disziplinen Bildhauerei, Malerei, Schrift, Video, Klang und Bewegung in Komplizenschaft integriert. In meiner Erforschung von Raum-Zeit, Kosmologie und Wissenschaft erlebe ich die Beobachtung der Realit\u00e4t, die in jedem Kunstwerk erschaffen wird, indem ich die beiden Gehirnh\u00e4lften des Geistes aufeinander abstimme, um die Sch\u00f6pfung in ihrer Reinheit des Geistes zu zeigen. Die Welt muss ihren Geist materialisieren, darf aber gleichzeitig die Vergeistigung der Materie nicht vergessen. Die Gabe der Sch\u00f6pfung ist keine k\u00fcnstlerische Fertigkeit des Zeitvertreibs oder eine manipulierte Leistung und ein Erfolg, sie ist ein Gef\u00fchl, ein Lieben und Arbeiten Tag f\u00fcr Tag f\u00fcr das Gute und f\u00fcr das Gute. Meine Kunst ist weder f\u00fcr die Launenhaften noch f\u00fcr die Neugierigen. Sie ist f\u00fcr diejenigen, die intuitiv wissen, dass Weisheit, Gesundheit und Lebensstil zusammengeh\u00f6ren. Nur gesunde Menschen in Geist und Herz k\u00f6nnen eine neue Welt schaffen.<\/span><\/p>\n<p><span style=\"font-family: Jost, 'Jost Fallback'; letter-spacing: 0px; word-spacing: 0em;\"> &#8222;Word-World&#8220; Das elegante Universum. Es entstand aus einem luziden Traum von einem Stern, in dem sich der Raum um den Stern kr\u00fcmmt. Aufgrund dieser Kr\u00fcmmung kreisen nicht nur die Planeten um den Stern, sondern auch das Licht wird abgelenkt und bewegt sich nicht mehr in einer geraden Linie. Dies ist die Theorie der Riemannschen Kr\u00fcmmung. Da alle Materie nur durch eine Kraft entsteht und existiert, die das Teilchen eines Atoms in Schwingung versetzt und den k\u00fcrzesten Abstand eines Sonnensystems aufrechterh\u00e4lt. Wir m\u00fcssen davon ausgehen, dass hinter dieser Kraft ein bewusster und intelligenter Geist steht. Dieser Geist ist die Matrix der gesamten Materie. Ich l\u00e4chle und sage: Wahre Kunst wird immer eine m\u00f6gliche Antwort sein, um uns den n\u00e4chsten Schritt der Menschheit zu lehren, sonst sollte sie nicht als Kunst bezeichnet werden. Der einzige Unterschied zwischen den Menschen ist ihr Bewusstsein der Einheit.<\/span><\/p>\n<p><b> <\/b><\/p>\n<p><b>08.04.2022 H.Milanova<\/b><\/p>\n<p><b> <\/b><\/p>\n\t\t\t\t\t\t\t\t<\/div>\n\t\t\t\t<\/div>\n\t\t\t\t<\/div>\n\t\t<div class=\"elementor-element elementor-element-76721bcc e-con-full e-flex e-con e-parent\" data-id=\"76721bcc\" data-element_type=\"container\" data-e-type=\"container\">\n\t\t<div class=\"elementor-element elementor-element-1ed9cd6a e-con-full e-flex e-con e-child\" data-id=\"1ed9cd6a\" data-element_type=\"container\" data-e-type=\"container\">\n\t\t\t\t<div class=\"elementor-element elementor-element-30950d4f elementor-widget elementor-widget-image\" data-id=\"30950d4f\" data-element_type=\"widget\" data-e-type=\"widget\" data-widget_type=\"image.default\">\n\t\t\t\t<div class=\"elementor-widget-container\">\n\t\t\t\t\t\t\t\t\t\t\t\t\t\t\t<img decoding=\"async\" width=\"800\" height=\"534\" src=\"https:\/\/www.hristinamilanova.com\/wp-content\/uploads\/2023\/11\/3-c6738727-1024x683.jpg\" class=\"attachment-large size-large wp-image-810\" alt=\"\" srcset=\"https:\/\/www.hristinamilanova.com\/wp-content\/uploads\/2023\/11\/3-c6738727-1024x683.jpg 1024w, https:\/\/www.hristinamilanova.com\/wp-content\/uploads\/2023\/11\/3-c6738727-300x200.jpg 300w, https:\/\/www.hristinamilanova.com\/wp-content\/uploads\/2023\/11\/3-c6738727-768x512.jpg 768w, https:\/\/www.hristinamilanova.com\/wp-content\/uploads\/2023\/11\/3-c6738727-1536x1024.jpg 1536w, https:\/\/www.hristinamilanova.com\/wp-content\/uploads\/2023\/11\/3-c6738727.jpg 1920w\" sizes=\"(max-width: 800px) 100vw, 800px\" \/>\t\t\t\t\t\t\t\t\t\t\t\t\t\t\t<\/div>\n\t\t\t\t<\/div>\n\t\t\t\t<\/div>\n\t\t<div class=\"elementor-element elementor-element-7fe48324 e-con-full e-flex e-con e-child\" data-id=\"7fe48324\" data-element_type=\"container\" data-e-type=\"container\">\n\t\t\t\t<div class=\"elementor-element elementor-element-7103498a elementor-widget elementor-widget-image\" data-id=\"7103498a\" data-element_type=\"widget\" data-e-type=\"widget\" data-widget_type=\"image.default\">\n\t\t\t\t<div class=\"elementor-widget-container\">\n\t\t\t\t\t\t\t\t\t\t\t\t\t\t\t<img decoding=\"async\" width=\"800\" height=\"534\" src=\"https:\/\/www.hristinamilanova.com\/wp-content\/uploads\/2023\/11\/2-71de0ea4-1024x683.jpg\" class=\"attachment-large size-large wp-image-808\" alt=\"\" srcset=\"https:\/\/www.hristinamilanova.com\/wp-content\/uploads\/2023\/11\/2-71de0ea4-1024x683.jpg 1024w, https:\/\/www.hristinamilanova.com\/wp-content\/uploads\/2023\/11\/2-71de0ea4-300x200.jpg 300w, https:\/\/www.hristinamilanova.com\/wp-content\/uploads\/2023\/11\/2-71de0ea4-768x512.jpg 768w, https:\/\/www.hristinamilanova.com\/wp-content\/uploads\/2023\/11\/2-71de0ea4-1536x1024.jpg 1536w, https:\/\/www.hristinamilanova.com\/wp-content\/uploads\/2023\/11\/2-71de0ea4.jpg 1920w\" sizes=\"(max-width: 800px) 100vw, 800px\" \/>\t\t\t\t\t\t\t\t\t\t\t\t\t\t\t<\/div>\n\t\t\t\t<\/div>\n\t\t\t\t<\/div>\n\t\t\t\t<\/div>\n\t\t\t\t<\/div>\n\t\t","protected":false},"excerpt":{"rendered":"<p>Word-World. El Universo Elegante by Hristina Milanova Wort &#8211; Welt. Das elegante Universum. Der egoistische Geist des Jahrhunderts, Egoismus und Eitelkeit. Die technologischen Fortschritte in der Computertechnik haben nicht nur zu Spaltungen zwischen Menschen und Nationen aufgrund unterschiedlicher Interessen gef\u00fchrt, sondern auch neue Diskriminierungen, Kriege und Todesf\u00e4lle provoziert. Eine offensichtliche und unversch\u00e4mte Ignoranz. Kurz gesagt, [&hellip;]<\/p>\n","protected":false},"author":1,"featured_media":0,"parent":0,"menu_order":101,"comment_status":"closed","ping_status":"closed","template":"","meta":{"_seopress_robots_primary_cat":"","_seopress_titles_title":"","_seopress_titles_desc":"","_seopress_robots_index":"","_seopress_analysis_target_kw":"","footnotes":""},"class_list":["post-1123","page","type-page","status-publish","hentry"],"_links":{"self":[{"href":"https:\/\/www.hristinamilanova.com\/de\/wp-json\/wp\/v2\/pages\/1123","targetHints":{"allow":["GET"]}}],"collection":[{"href":"https:\/\/www.hristinamilanova.com\/de\/wp-json\/wp\/v2\/pages"}],"about":[{"href":"https:\/\/www.hristinamilanova.com\/de\/wp-json\/wp\/v2\/types\/page"}],"author":[{"embeddable":true,"href":"https:\/\/www.hristinamilanova.com\/de\/wp-json\/wp\/v2\/users\/1"}],"replies":[{"embeddable":true,"href":"https:\/\/www.hristinamilanova.com\/de\/wp-json\/wp\/v2\/comments?post=1123"}],"version-history":[{"count":0,"href":"https:\/\/www.hristinamilanova.com\/de\/wp-json\/wp\/v2\/pages\/1123\/revisions"}],"wp:attachment":[{"href":"https:\/\/www.hristinamilanova.com\/de\/wp-json\/wp\/v2\/media?parent=1123"}],"curies":[{"name":"wp","href":"https:\/\/api.w.org\/{rel}","templated":true}]}}