{"id":1125,"date":"2023-11-26T17:39:27","date_gmt":"2023-11-26T16:39:27","guid":{"rendered":"http:\/\/www.hristinamilanova.com\/witness-the-beauty-of-sound\/"},"modified":"2025-03-19T14:43:36","modified_gmt":"2025-03-19T13:43:36","slug":"witness-the-beauty-of-sound","status":"publish","type":"page","link":"https:\/\/www.hristinamilanova.com\/de\/witness-the-beauty-of-sound\/","title":{"rendered":"Witness The Beauty of Sound"},"content":{"rendered":"\t\t<div data-elementor-type=\"wp-page\" data-elementor-id=\"1125\" class=\"elementor elementor-1125 elementor-33\" data-elementor-post-type=\"page\">\n\t\t\t\t<div class=\"elementor-element elementor-element-67fb7ec e-flex e-con-boxed e-con e-parent\" data-id=\"67fb7ec\" data-element_type=\"container\" data-e-type=\"container\" data-settings=\"{&quot;background_background&quot;:&quot;classic&quot;}\">\n\t\t\t\t\t<div class=\"e-con-inner\">\n\t\t\t\t<div class=\"elementor-element elementor-element-ad097b5 elementor-widget elementor-widget-text-editor\" data-id=\"ad097b5\" data-element_type=\"widget\" data-e-type=\"widget\" data-widget_type=\"text-editor.default\">\n\t\t\t\t<div class=\"elementor-widget-container\">\n\t\t\t\t\t\t\t\t\t<h1>Witness The Beauty of Sound<\/h1>\n<h2>by Hristina Milanova<\/h2>\n\t\t\t\t\t\t\t\t<\/div>\n\t\t\t\t<\/div>\n\t\t\t\t\t<\/div>\n\t\t\t\t<\/div>\n\t\t<div class=\"elementor-element elementor-element-ba984ca e-con-full e-flex e-con e-parent\" data-id=\"ba984ca\" data-element_type=\"container\" data-e-type=\"container\">\n\t\t<div class=\"elementor-element elementor-element-69b88fa e-flex e-con-boxed e-con e-child\" data-id=\"69b88fa\" data-element_type=\"container\" data-e-type=\"container\">\n\t\t\t\t\t<div class=\"e-con-inner\">\n\t\t\t\t<div class=\"elementor-element elementor-element-4f69396 elementor-widget elementor-widget-text-editor\" data-id=\"4f69396\" data-element_type=\"widget\" data-e-type=\"widget\" data-widget_type=\"text-editor.default\">\n\t\t\t\t<div class=\"elementor-widget-container\">\n\t\t\t\t\t\t\t\t\t<p><strong style=\"letter-spacing: 0px; word-spacing: 0em;\"> <\/strong><\/p>\n<p><strong style=\"letter-spacing: 0px; word-spacing: 0em;\"><img fetchpriority=\"high\" decoding=\"async\" class=\"alignright wp-image-676\" style=\"margin-left: 50px; margin-top: 10px;\" src=\"https:\/\/www.hristinamilanova.com\/wp-content\/uploads\/2023\/12\/1-1200-png-1920w-1024x683.jpeg\" alt=\"\" width=\"700\" height=\"467\" srcset=\"https:\/\/www.hristinamilanova.com\/wp-content\/uploads\/2023\/12\/1-1200-png-1920w-1024x683.jpeg 1024w, https:\/\/www.hristinamilanova.com\/wp-content\/uploads\/2023\/12\/1-1200-png-1920w-300x200.jpeg 300w, https:\/\/www.hristinamilanova.com\/wp-content\/uploads\/2023\/12\/1-1200-png-1920w-768x512.jpeg 768w, https:\/\/www.hristinamilanova.com\/wp-content\/uploads\/2023\/12\/1-1200-png-1920w-1536x1024.jpeg 1536w, https:\/\/www.hristinamilanova.com\/wp-content\/uploads\/2023\/12\/1-1200-png-1920w.jpeg 1800w\" sizes=\"(max-width: 700px) 100vw, 700px\" \/>DIETER RONTE<\/strong><\/p>\n<p>Kunstkritiker<\/p>\n<p><strong>Die Suche nach der Wahrheit<\/strong><\/p>\n<p>Die Arbeit von Hristina Milanova ist keine visuelle Darstellung einer \u00e4sthetischen Theorie. Die K\u00fcnstlerin verfolgt jedoch weder politische Anspr\u00fcche noch absolute Abstraktion. Die Werke sind Geheimnisse, die in der K\u00fcnstlerin und ihrem k\u00fcnstlerischen Willen verankert sind. Der Dialog mit den Bildern und Objekten ist daher nicht unmittelbar und direkt, sondern relativ einfach und dauerhaft. Die K\u00fcnstlerin erzwingt praktisch eine Beziehung, eine Art \u00e4sthetischen &#8222;Vertrag&#8220;, den der Betrachter nur durch seinen eigenen Blick erfahren kann, um so eine gro\u00dfe geistige Bereicherung zu erhalten. Milanovas Denken ist vielf\u00e4ltig, was sowohl mit ihrer Biographie als auch mit ihrem langen Aufenthalt im warmen Klima Mallorcas zu tun hat.<br \/>In dem Text<strong>&#8222;Witness The Beauty of Sound<\/strong>&#8220; aus der Ausstellung in der Galerie Gerhartd Braun (Palma, 2021) reflektiert Milanova:<br \/>Ver\u00e4nderungen sind unvermeidlich, sie sind Teil des menschlichen Lebens und seiner Entwicklung.      Seine Natur, wie die des Universums, tendiert einfach dazu, sich selbst zu vervollkommnen. Vielleicht sollten wir in der heutigen Gesellschaft &#8211; in der Menschheit &#8211; unser Hauptaugenmerk darauf richten, unsere &#8222;kranke&#8220; Intelligenz zu heilen.<br \/>&#8222;&#8230; H\u00f6ren Sie auf, noch mehr Spaltungen und unn\u00f6tiges Chaos zu schaffen&#8220;.<br \/>Milanova ruft zum Wandel, zur Vielfalt auf, fordert uns auf, uns den Tatsachen und unseren eigenen Erfahrungen zu stellen, die aus dem Herzen kommen. &#8222;<b>\u00d6ffnen wir uns f\u00fcr die Gedanken des Herzens<\/b>&#8222;.<br \/>Starke Worte eines K\u00fcnstlers in einer Zeit, in der die Menschheit keine Antworten auf die Probleme findet, die sie sich selbst geschaffen hat, wie das Coronavirus oder den Klimawandel, geschweige denn die Durchsetzung der Menschenrechte oder gar die Abschaffung von Kriegen.<br \/>Die Vielfalt und Einheit von Natur und Mensch sind verloren gegangen. Die Kunst, so sieht es Milanova, steht vor einer gr\u00f6\u00dferen Herausforderung als sonst: Sie muss aus sich selbst heraus neue Antworten finden. Und diese kommen nicht nur aus der visuellen Erfahrung, sondern vom K\u00fcnstler, der sich mit seinen Werken den Anforderungen stellt.  <br \/>&#8222;Ihre Vision wird erst dann klar, wenn Sie in Ihr eigenes Herz schauen k\u00f6nnen. Denn wer nach au\u00dfen schaut, tr\u00e4umt, und wer nach innen schaut, erwacht&#8220;.<br \/>So zitiert H.Milanova am Ende des Textes den Schweizer Psychiater und Begr\u00fcnder der analytischen Psychologie Carl Gustav Jung.<br \/>In jedem Werk des K\u00fcnstlers erleben wir diese aus der Person heraus entwickelte optische Welt, die in reichen und vielf\u00e4ltigen Bez\u00fcgen die Welt des Bildes zu einer Plattform f\u00fcr das Handeln werden l\u00e4sst.  Die Welt von Jung hat mit dem Tr\u00e4umen, dem Sehen, dem Herzen, dem Sehen und dem Wollen zu tun, wie in der Arbeit von Milanova: Mandalas, Sozialarbeit mit Kindern, der Reichtum der Farben, von der Bibel bis zur Romantik, bis zu den Theorien des Denkens \u00fcber das Universum wie der Raum, den die Menschen nutzen, die Sterne, die Kosmologie usw. Die Sehnsucht der K\u00fcnstlerin nach Kunst ist gepr\u00e4gt von ihrer eigenen Biografie und der Komplexit\u00e4t ihres Lebens in Ost- und Westeuropa. Die Farben sind sorgf\u00e4ltig platziert, sie vermischen sich, ohne sich gegenseitig zu verschlingen, und umgeben keine festen Formen, die eine schwere Erz\u00e4hlung ergeben w\u00fcrden. Sie spiegeln sich in fotografischen Referenzen oder Bildern wie Wasser, Traum, Himmel und Erde wider. Die Sch\u00f6nheit der Bilder ist jenseits der proklamierten Sch\u00f6nheit der Natur verankert. Die Sch\u00f6nheit der Bilder selbst verdeckt eine traditionelle Interpretation. Hinter den Oberfl\u00e4chen verbirgt sich eine intellektuelle Komplexit\u00e4t des heutigen K\u00fcnstlerdaseins. H. Milanova will nicht weitermachen, sondern weitergehen und Neuland betreten. Diese Komplexit\u00e4t wird jedoch von einer impr\u00e4gnierten und gemeinsamen Schrift getragen, egal ob es sich um Fotografie, Zeichnung, Schwarz-Wei\u00df oder Farbe, Technik, Bild oder Installation, Objekt oder Video handelt.<br \/>Kunst und Leben werden als Einheit formuliert. Jedes neue Werk ist daher gleichzeitig ein biografisches Update. Harald Szeemann betitelte diese k\u00fcnstlerischen Verfahren in seiner ber\u00fchmten Ausstellung in Bern 1969: &#8222;Wenn Haltungen zur Form werden&#8220;. Die Vielfalt m\u00f6glicher Interpretationen unserer Welt in einem \u00e4sthetischen Dialog vermitteln&#8220;.  <br \/>Nur Milanova erlaubt sich mehr Freiheiten, da sie zun\u00e4chst nur f\u00fcr sich selbst schafft und dann den Betrachter einl\u00e4dt, die Biografie mit ihr zu teilen, um beide Seiten zu bereichern. Werke k\u00f6nnen auf viele verschiedene Arten gelesen werden, sozusagen eine Unendlichkeit von Formen, die sich im Kopf immer weiter entwickeln.<br \/>1962 formulierte Umberto Eco die ber\u00fchmten Worte &#8222;opera aperta&#8220; &#8211; das offene Kunstwerk, das sich im Kopf des Betrachters auf verschiedene Weise vollendet.<br \/>Die reflektierten Emotionen entstehen so als visuelle, rationale Ebene der Erfahrung. Dieses Eindringen ist geradezu provokant, d.h. es macht neugierig, auf die Sinne der anderen und ist als sinnliche Einladung zu einem Dialog ohne Erz\u00e4hlung zu verstehen. Und doch werden die M\u00f6glichkeiten der Assimilierung durch die Verwendung von Videos geschaffen, die die Realit\u00e4ten in einer stark marginalisierten Weise darstellen. Erz\u00e4hlung und Gef\u00fchl steigern ihren Gebrauch bis zu dem Punkt, an dem sie sich auf Objekte verlassen, um in Ruhe weiterdenken zu k\u00f6nnen. Die Werke zeigen, wie ein Leben visuelle Informationen und pers\u00f6nliche Erfahrungen als Ausdrucksform nutzt.<br \/>Kunst ist nicht nur der visuelle Beweis f\u00fcr die soziokulturelle These eines Kurators, wie die letzte Documenta oder Museumssammlungen zeigen. Kunst bleibt eine B\u00fchne f\u00fcr Ideen und Theorien, Kunst ist unmittelbare optische Wahrheit, Kunst ist Wahrheit und Anspruch zugleich. Kunst ist auch Vielfalt, der Ausdruck eines Individuums, die Suche nach der eigenen Wahrheit.  <br \/><strong>Doch Einfachheit ist nicht Einfachheit. In Milanovas Werk offenbart sie sich als eine komplexe, in die Zukunft gerichtete Kraft, mit indirekten Verweisen auf m\u00f6gliche Beispiele, in denen sich auch die Geschichte widerspiegelt (die Renaissance) und in denen die Freiheit der Kunst anerkannt wird. <\/strong><\/p>\n<p><strong>DIETER RONTE<\/strong><\/p>\n<p><strong>Palma de Mallorca, <\/strong><br \/><strong>Dezember, A.D. 2021<\/strong><\/p>\n<p><strong>Witness to the beauty of sound (Zeuge der Sch\u00f6nheit des Klangs<\/strong>) ist der Titel der neuen Ausstellung von Hristina Milanova und der Beginn einer neuen Etappe in Hristinas k\u00fcnstlerischer Laufbahn, nach drei Jahren Arbeit und Forschung. Und mit ihren eigenen Worten: <br \/><strong>&#8222;Eine nicht-lineare Reise durch die graphisch-plastische Darstellung in Verbindung mit meiner Leidenschaft f\u00fcr Kosmologie und Symbolik, aus der ich Geometrie und Symmetrie entnehme, was zur Darstellung von Mandalas f\u00fchrt&#8220;<\/strong>.<br \/>Ein Prozess des Wandels sowohl f\u00fcr Hristina Milanova als auch f\u00fcr die Gerhardt Braun Galerie, die mit dieser Ausstellung einen neuen Raum einweiht. Die Sch\u00f6nheit des Klangs ist ein Zeugnis f\u00fcr die Ver\u00e4nderungen, die wir durchleben. Ver\u00e4nderungen, Ver\u00e4nderungen, Ver\u00e4nderungen, Ver\u00e4nderungen, die uns erkennen lassen, dass wir Energie sind, die mit Lebewesen und der Natur verbunden ist und Informationen erzeugt, die in die Geschichte eingehen. Geschichte, die in Verbindung mit dem K\u00fcnstler &#8222;lebendig&#8220; ist, der diese Energie einf\u00e4ngt und in Kunst verwandelt. Es ist der Moment der Sch\u00f6pfung. Eine Sch\u00f6pfung mit einer doppelten Bedeutung als Ursprung des Lebens und des k\u00fcnstlerischen Werks. Im Ursprung schl\u00e4gt das Herz zwischen &#8211; Leben und Tod &#8211; das schlagende Herz, der Ursprung der Werke von Hristina Milanova.<br \/>Denn Hristina Milanova hat sich auf das Studium der inneren Darstellung des Menschen konzentriert, auf der Flucht vor den Stereotypen, die durch den Missbrauch des von den Medien trivialisierten \u00e4u\u00dferen K\u00f6rpers auferlegt wurden. Der K\u00f6rper hat aufgeh\u00f6rt, ein Schlachtfeld zu sein und ist zu einem Feld f\u00fcr die Feier des Lebens geworden. Leben, das mit der Natur und dem Universum verbunden ist, in einem Schlag, in einem Puls, in einem schlagenden Herzen. Das Herz, ein Konzept mit langer kultureller Tradition, nimmt den privilegierten Platz als Erzeuger von Emotionen ein. Diese Vorstellung wird heute fortgef\u00fchrt und wendet sich gegen wissenschaftliche Erkenntnisse, die das Gehirn als Sitz der Emotionen ansehen. Das Bild des Gehirns hat das des Herzens nicht \u00fcbertreffen k\u00f6nnen. Das Herz erreicht unsere Tage mit einer gro\u00dfen metaphorischen Kraft als Ergebnis einer langen historischen Entwicklung; von der Bibel bis zur Romantik und bis in die Gegenwart.           Der Vorschlag von Hristina Milanova steht in direktem Zusammenhang mit diesem kulturellen Erbe, denn das Herz hat in allen Kulturen einen privilegierten Platz und nat\u00fcrlich auch in der Darstellung zeitgen\u00f6ssischer Kunst, die f\u00fcr jeden verst\u00e4ndlich ist, da sie den weniger rationalen Teil und das pr\u00e4formale Denken des Menschen anspricht. Hristina Milanova verbindet sich mit dem Universum durch die k\u00fcnstlerische Darstellung von Mandalas. Die Wiederholung des Rhythmus des Universums und der Natur in einer Struktur aus konzentrischen Mustern, die die sich wiederholende und expansive fraktale Zusammensetzung der Sch\u00f6pfung darstellen. Die Mandalas und ihre visuelle \u00c4sthetik werden durch die Verwendung von Farben erreicht. Die vorherrschenden Farben sind Blau, Wei\u00df, Schwarz und Rosa in Kombination mit der sich wiederholenden Struktur des Herzens. Seine dimensionale Betrachtung vermittelt Gef\u00fchle von Ausdehnung, Freude, Vereinigung, Liebe und Gl\u00fcck, die eine primitive k\u00fcnstlerische Verwendung zeitgem\u00e4\u00df machen.     <\/p>\n<p>Aus diesem Grund hat die K\u00fcnstlerin einen organischen Stoff gew\u00e4hlt, den sie mit einer Mischung aus Farbstoffen als strukturelle Grundlage ihres Werks individuell bearbeitet und eine Analogie zwischen dem organischen Material und dem Menschen herstellt.<br \/>Die Leinwand verf\u00fcgt \u00fcber ein Ged\u00e4chtnis, genau wie das Blut, das Herz und die Zellen.<br \/>Die Flexibilit\u00e4t des Herzens, das Verletzliche, das Menschlichste, sein konstanter Rhythmus, der uns mit dem Leben und dem Tod verbindet, macht es zu einem Symbol der Einheit zwischen den Kulturen, dargestellt durch die Installation mehrerer Werke mit Bildern von Kindern aus verschiedenen Nationen als Symbol f\u00fcr das Reinste und Zerbrechlichste unseres Planeten. Die Menschlichkeit, die Bedeutung der n\u00e4chsten Generationen und die Bewahrung dessen, was f\u00fcr die menschliche Evolution als Spezies wesentlich und wichtig ist. Es ist die direkte Verbindung mit unserem Geist. Der Geist ist einfach die Bezeichnung, die die Menschen der h\u00f6chsten Vorstellung des Unendlichen Geistes geben &#8211; dem Leben; der wahren Essenz der Sch\u00f6pfung, die so viel h\u00f6her ist als alles, was wir unter Verstand und Leben verstehen. Das Ged\u00e4chtnis wird aufgezeichnet und hinterl\u00e4sst sein Erbe, die DNA definiert, wer wir sind.<br \/>Die Ordnung, die grunds\u00e4tzlich in der Einheit und Identit\u00e4t liegt, die die Grundlage f\u00fcr ihr Handeln als Ursache ist, ist das, was die aufeinanderfolgenden Bewegungen in dieser Welt hervorbringt, die das Werden darstellen, das sich im spirituellen und plastischen Ausdruck der Mandalas materialisiert, die eine doppelte Funktion haben: spirituell und \u00e4sthetisch, wie wir in der Ausstellung Witness of the beauty of the Sound sehen.   <\/p>\n<p><strong>H.Milanova 05. 2021<\/strong><\/p>\n<p><strong> <\/strong><\/p>\n\t\t\t\t\t\t\t\t<\/div>\n\t\t\t\t<\/div>\n\t\t\t\t\t<\/div>\n\t\t\t\t<\/div>\n\t\t\t\t<\/div>\n\t\t<div class=\"elementor-element elementor-element-bd54ec5 e-con-full e-flex e-con e-parent\" data-id=\"bd54ec5\" data-element_type=\"container\" data-e-type=\"container\">\n\t\t<div class=\"elementor-element elementor-element-a48a6d0 e-con-full e-flex e-con e-child\" data-id=\"a48a6d0\" data-element_type=\"container\" data-e-type=\"container\">\n\t\t\t\t<div class=\"elementor-element elementor-element-fa04174 elementor-widget elementor-widget-image\" data-id=\"fa04174\" data-element_type=\"widget\" data-e-type=\"widget\" data-widget_type=\"image.default\">\n\t\t\t\t<div class=\"elementor-widget-container\">\n\t\t\t\t\t\t\t\t\t\t\t\t\t\t\t<img decoding=\"async\" width=\"800\" height=\"534\" src=\"https:\/\/www.hristinamilanova.com\/wp-content\/uploads\/2023\/11\/unnamed1-1920w-1024x683.jpg\" class=\"attachment-large size-large wp-image-798\" alt=\"\" srcset=\"https:\/\/www.hristinamilanova.com\/wp-content\/uploads\/2023\/11\/unnamed1-1920w-1024x683.jpg 1024w, https:\/\/www.hristinamilanova.com\/wp-content\/uploads\/2023\/11\/unnamed1-1920w-300x200.jpg 300w, https:\/\/www.hristinamilanova.com\/wp-content\/uploads\/2023\/11\/unnamed1-1920w-768x512.jpg 768w, https:\/\/www.hristinamilanova.com\/wp-content\/uploads\/2023\/11\/unnamed1-1920w-1536x1024.jpg 1536w, https:\/\/www.hristinamilanova.com\/wp-content\/uploads\/2023\/11\/unnamed1-1920w.jpg 1920w\" sizes=\"(max-width: 800px) 100vw, 800px\" \/>\t\t\t\t\t\t\t\t\t\t\t\t\t\t\t<\/div>\n\t\t\t\t<\/div>\n\t\t\t\t<\/div>\n\t\t<div class=\"elementor-element elementor-element-088dfbe e-con-full e-flex e-con e-child\" data-id=\"088dfbe\" data-element_type=\"container\" data-e-type=\"container\">\n\t\t\t\t<div class=\"elementor-element elementor-element-9dd7759 elementor-widget elementor-widget-image\" data-id=\"9dd7759\" data-element_type=\"widget\" data-e-type=\"widget\" data-widget_type=\"image.default\">\n\t\t\t\t<div class=\"elementor-widget-container\">\n\t\t\t\t\t\t\t\t\t\t\t\t\t\t\t<img decoding=\"async\" width=\"800\" height=\"534\" src=\"https:\/\/www.hristinamilanova.com\/wp-content\/uploads\/2023\/11\/unnamed2-1920w-1024x683.jpg\" class=\"attachment-large size-large wp-image-800\" alt=\"\" srcset=\"https:\/\/www.hristinamilanova.com\/wp-content\/uploads\/2023\/11\/unnamed2-1920w-1024x683.jpg 1024w, https:\/\/www.hristinamilanova.com\/wp-content\/uploads\/2023\/11\/unnamed2-1920w-300x200.jpg 300w, https:\/\/www.hristinamilanova.com\/wp-content\/uploads\/2023\/11\/unnamed2-1920w-768x512.jpg 768w, https:\/\/www.hristinamilanova.com\/wp-content\/uploads\/2023\/11\/unnamed2-1920w.jpg 1313w\" sizes=\"(max-width: 800px) 100vw, 800px\" \/>\t\t\t\t\t\t\t\t\t\t\t\t\t\t\t<\/div>\n\t\t\t\t<\/div>\n\t\t\t\t<\/div>\n\t\t\t\t<\/div>\n\t\t<div class=\"elementor-element elementor-element-4e512c3 e-flex e-con-boxed e-con e-parent\" data-id=\"4e512c3\" data-element_type=\"container\" data-e-type=\"container\">\n\t\t\t\t\t<div class=\"e-con-inner\">\n\t\t\t\t\t<\/div>\n\t\t\t\t<\/div>\n\t\t\t\t<\/div>\n\t\t","protected":false},"excerpt":{"rendered":"<p>Witness The Beauty of Sound by Hristina Milanova DIETER RONTE Kunstkritiker Die Suche nach der Wahrheit Die Arbeit von Hristina Milanova ist keine visuelle Darstellung einer \u00e4sthetischen Theorie. Die K\u00fcnstlerin verfolgt jedoch weder politische Anspr\u00fcche noch absolute Abstraktion. Die Werke sind Geheimnisse, die in der K\u00fcnstlerin und ihrem k\u00fcnstlerischen Willen verankert sind. Der Dialog mit [&hellip;]<\/p>\n","protected":false},"author":1,"featured_media":0,"parent":0,"menu_order":102,"comment_status":"closed","ping_status":"closed","template":"","meta":{"_seopress_robots_primary_cat":"","_seopress_titles_title":"","_seopress_titles_desc":"","_seopress_robots_index":"","_seopress_analysis_target_kw":"","footnotes":""},"class_list":["post-1125","page","type-page","status-publish","hentry"],"_links":{"self":[{"href":"https:\/\/www.hristinamilanova.com\/de\/wp-json\/wp\/v2\/pages\/1125","targetHints":{"allow":["GET"]}}],"collection":[{"href":"https:\/\/www.hristinamilanova.com\/de\/wp-json\/wp\/v2\/pages"}],"about":[{"href":"https:\/\/www.hristinamilanova.com\/de\/wp-json\/wp\/v2\/types\/page"}],"author":[{"embeddable":true,"href":"https:\/\/www.hristinamilanova.com\/de\/wp-json\/wp\/v2\/users\/1"}],"replies":[{"embeddable":true,"href":"https:\/\/www.hristinamilanova.com\/de\/wp-json\/wp\/v2\/comments?post=1125"}],"version-history":[{"count":0,"href":"https:\/\/www.hristinamilanova.com\/de\/wp-json\/wp\/v2\/pages\/1125\/revisions"}],"wp:attachment":[{"href":"https:\/\/www.hristinamilanova.com\/de\/wp-json\/wp\/v2\/media?parent=1125"}],"curies":[{"name":"wp","href":"https:\/\/api.w.org\/{rel}","templated":true}]}}