{"id":1129,"date":"2023-11-29T20:31:59","date_gmt":"2023-11-29T19:31:59","guid":{"rendered":"http:\/\/www.hristinamilanova.com\/trapped-by-beauty\/"},"modified":"2024-01-10T22:47:34","modified_gmt":"2024-01-10T21:47:34","slug":"trapped-by-beauty","status":"publish","type":"page","link":"https:\/\/www.hristinamilanova.com\/de\/trapped-by-beauty\/","title":{"rendered":"Trapped by Beauty"},"content":{"rendered":"\t\t<div data-elementor-type=\"wp-page\" data-elementor-id=\"1129\" class=\"elementor elementor-1129 elementor-440\" data-elementor-post-type=\"page\">\n\t\t\t\t<div class=\"elementor-element elementor-element-58ac4a61 e-flex e-con-boxed e-con e-parent\" data-id=\"58ac4a61\" data-element_type=\"container\" data-e-type=\"container\" data-settings=\"{&quot;background_background&quot;:&quot;classic&quot;}\">\n\t\t\t\t\t<div class=\"e-con-inner\">\n\t\t\t\t<div class=\"elementor-element elementor-element-17352af7 elementor-widget elementor-widget-text-editor\" data-id=\"17352af7\" data-element_type=\"widget\" data-e-type=\"widget\" data-widget_type=\"text-editor.default\">\n\t\t\t\t<div class=\"elementor-widget-container\">\n\t\t\t\t\t\t\t\t\t<h1>Trapped by Beauty (2019-2020)<\/h1>\n<h2>by Hristina Milanova<\/h2>\t\t\t\t\t\t\t\t<\/div>\n\t\t\t\t<\/div>\n\t\t\t\t\t<\/div>\n\t\t\t\t<\/div>\n\t\t<div class=\"elementor-element elementor-element-aee664e e-con-full e-flex e-con e-parent\" data-id=\"aee664e\" data-element_type=\"container\" data-e-type=\"container\">\n\t\t\t\t<div class=\"elementor-element elementor-element-28266ba2 elementor-widget elementor-widget-image\" data-id=\"28266ba2\" data-element_type=\"widget\" data-e-type=\"widget\" data-widget_type=\"image.default\">\n\t\t\t\t<div class=\"elementor-widget-container\">\n\t\t\t\t\t\t\t\t\t\t\t\t\t\t\t<img fetchpriority=\"high\" decoding=\"async\" width=\"1920\" height=\"1280\" src=\"https:\/\/www.hristinamilanova.com\/wp-content\/uploads\/2023\/11\/1.Structureofthevaccum-2880w.jpg\" class=\"attachment-full size-full wp-image-812\" alt=\"\" srcset=\"https:\/\/www.hristinamilanova.com\/wp-content\/uploads\/2023\/11\/1.Structureofthevaccum-2880w.jpg 1920w, https:\/\/www.hristinamilanova.com\/wp-content\/uploads\/2023\/11\/1.Structureofthevaccum-2880w-300x200.jpg 300w, https:\/\/www.hristinamilanova.com\/wp-content\/uploads\/2023\/11\/1.Structureofthevaccum-2880w-1024x683.jpg 1024w, https:\/\/www.hristinamilanova.com\/wp-content\/uploads\/2023\/11\/1.Structureofthevaccum-2880w-768x512.jpg 768w, https:\/\/www.hristinamilanova.com\/wp-content\/uploads\/2023\/11\/1.Structureofthevaccum-2880w-1536x1024.jpg 1536w\" sizes=\"(max-width: 1920px) 100vw, 1920px\" \/>\t\t\t\t\t\t\t\t\t\t\t\t\t\t\t<\/div>\n\t\t\t\t<\/div>\n\t\t\t\t<div class=\"elementor-element elementor-element-74276f9a elementor-widget elementor-widget-text-editor\" data-id=\"74276f9a\" data-element_type=\"widget\" data-e-type=\"widget\" data-widget_type=\"text-editor.default\">\n\t\t\t\t<div class=\"elementor-widget-container\">\n\t\t\t\t\t\t\t\t\t<p><b> <\/b><\/p>\n<p><b>Trapped by beauty<\/b><\/p>\n<p><b>Die Wirkung der Sch\u00f6nheit auf den Menschen erzeugt Achtung und Bewunderung, aber die Kunst stellt das Erhabene in der Natur nur nach. E. Kant <\/b><\/p>\n<p>Nur das Erhabene erhebt die Seele \u00fcber die Mittelm\u00e4\u00dfigkeit, aber das h\u00e4ngt nicht so sehr vom Objekt ab, sondern von der Sensibilit\u00e4t, mit der man es betrachtet. Ich spreche einen Ruf an den Betrachter aus, damit er sich \u00f6ffnet und beginnt, aufmerksam \u00fcber die Formen und Gegenst\u00e4nde hinaus zu schauen. In seiner sehr aufmerksamen Kontemplation wird er die wahre Sch\u00f6pfung entdecken. Er wird die Essenz des Lebens entdecken, eine Verbindung, die in ihrer Ausdehnung wie eine Br\u00fccke zu einem gr\u00f6\u00dferen Bewusstsein wirkt. Dieses Ph\u00e4nomen wird nicht nur durch die wahrgenommene Sch\u00f6nheit er\u00f6ffnet, sondern durch ein tieferes multidimensionales Verst\u00e4ndnis. Darin liegt die wahre Quelle aller menschlichen Ver\u00e4nderung und Entwicklung. Es ist genau die Sensibilit\u00e4t des Betrachters, die im Mittelpunkt meines gesamten Diskurses steht. Ich behaupte nicht, die Schw\u00e4chen der menschlichen Psyche zu verstehen, aber ich m\u00f6chte die universelle Intelligenz und die grundlegenden Gesetze der Natur beobachten. Nachdem ich mir diese Universalien zu eigen gemacht habe, \u00fcbertrage ich sie auf das t\u00e4gliche Leben.        <\/p>\n<p>Die Achse und der Schl\u00fcssel zu diesem Prozess des sensiblen Verstehens, der F\u00e4higkeit, die Sch\u00f6nheit der Existenz in ihrem tiefsten Sinn zu erfassen, liegt im Wesen. Ein Wesen, das zu emotionaler Reife f\u00e4hig ist, das verstehen kann, dass Kunst in ihrem erhabenen kreativen Ausdruck ein wertvolles evolution\u00e4res Werkzeug f\u00fcr die Psyche ist. Heute ist der denkende Verstand machiavellistisch und hat starre Strukturen geschaffen, gesellschaftlich, politisch und wirtschaftlich. Dar\u00fcber hinaus haben die daraus resultierenden Ungleichheiten nicht nur sein schlechtes Funktionieren offenbart, sondern auch den Mangel an Koh\u00e4renz zwischen Gedanken, Worten und Gef\u00fchlen. Es mangelt an echter sch\u00f6pferischer Kraft.    <\/p>\n<p>Wenn der Mensch seine evolution\u00e4re Verantwortung f\u00fcr Gleichgewicht und Ganzheit nicht wahrnimmt, ist er dazu bestimmt, nicht nur seine Umwelt, sondern auch sich selbst zu zerst\u00f6ren. Auf der Suche nach einer m\u00f6glichen L\u00f6sung f\u00fcr dieses Problem fordere ich eine Kunst, die ihre Umgebung umgestaltet, und lehne eine Kunst ab, die sich nicht auf sie einl\u00e4sst. Die Sch\u00f6pfung, der Betrachter und die Umwelt werden dann mit einer klaren Botschaft vereint: eine bessere Welt zu schaffen, ausgehend von der individuellen Verantwortung jedes Einzelnen, mit der pers\u00f6nlichen Verpflichtung, nach innen zu schauen und sich die notwendige Zeit zu nehmen, um Gef\u00fchle, Gedanken und Worte neu auszurichten. Es ist diese Ausrichtung, die die wahre Magie der Sch\u00f6pfung bestimmt. In den letzten 10 Jahren lag das Hauptaugenmerk aller meiner Projekte auf der F\u00f6rderung des Gleichgewichts meiner Umwelt und der menschlichen Beziehungen darin. Ich wollte auch einen Beitrag zur Wahrnehmungserweiterung des Beobachters leisten, indem ich die Expansion selbst und die universellen Gesetze des Kosmos erforschte. Ich habe mich von den wissenschaftlichen Theorien \u00fcber Raum und Leere von Nassim Haramein inspirieren lassen, der sagt, dass es keine Raumzeit, sondern ein Raumged\u00e4chtnis gibt. Es handelt sich um einen Raum, der nicht ohne den Beobachter existieren kann, der die Zeit in seiner subjektiven Wahrnehmung schafft. Es ist also das Subjekt, das die Struktur des Raums und seiner Umgebung aus seinen gesammelten Erfahrungen als Erinnerung konstruiert. Die materielle Welt, die wir wahrnehmen, ist eigentlich Energie, die in strukturelle Informationen umgewandelt wird und so unsere Realit\u00e4t schafft. Ich frage mich also: Was ist unsere Rolle? Kann jeder von uns individuell an der Ver\u00e4nderung hin zu einer gerechteren, liebevolleren, freieren und bewussteren Welt teilnehmen? K\u00f6nnen wir unsere unmittelbare Umgebung und die Gesundung der Umwelt beeinflussen? Wir sind Komplizen des Universums, wir sind Teil der unendlichen Quelle der Weisheit, der Struktur des Raums, der sozialen Struktur, kurz gesagt, der Sch\u00f6pfung. Die Besessenheit vom \u00c4u\u00dferen, die durch den technologischen Fortschritt und die Geschwindigkeit der Kommunikationsnetze mit ihrem st\u00e4ndigen Bombardement f\u00e4lschlicherweise hervorgerufen wird, entfernt uns immer mehr von unserem wahren Wesen und von dem Bed\u00fcrfnis, mit anderen zu teilen, was wirklich real ist. Wir haben uns zu weit von der Natur entfernt, und die Banalit\u00e4t hat die Verpflichtungen gebrochen, selbst die pers\u00f6nlichsten.       Aus all diesen Gr\u00fcnden beanspruche ich erneut die Verantwortung, wieder nach innen zu schauen, wieder zu entdecken, was wichtig ist, und von dort aus mit einem neuen Blick zu schaffen&#8230; Mit meinen \u00e4sthetischen Vorschl\u00e4gen m\u00f6chte ich weiter gehen, ich m\u00f6chte die etablierten Formen brechen und sie in Frage stellen, bis ich wieder finde, was wirklich sch\u00f6n ist. Unsere geistige Struktur neigt dazu, sich durch das, was wir gelernt haben, zu reproduzieren und verhindert mit dem Gef\u00fchl, in der Materie gefangen zu sein, die wahre Entwicklung des Wesens. Die Kunst und das Schaffen erm\u00f6glichen es uns, starre Strukturen aufzubrechen und unsere Umgebung zu ver\u00e4ndern. Bewegen wir uns auf eine liebevollere, wahrhaftigere und bewusstere Welt zu. Verbinden wir uns mit Hingabe mit der Essenz und \u00f6ffnen wir unsere F\u00e4higkeit, Sch\u00f6nheit als das Erhabenste zu empfinden, was es gibt. Eine Welt ohne wahre Verbindung zu ihrem Wesen ist eine blinde Welt.     <\/p>\n<p><b>H.Milanova 14.05.2021<\/b><\/p>\n<p><b> <\/b><\/p>\n\t\t\t\t\t\t\t\t<\/div>\n\t\t\t\t<\/div>\n\t\t\t\t<\/div>\n\t\t<div class=\"elementor-element elementor-element-4d5ac5f6 e-con-full e-flex e-con e-parent\" data-id=\"4d5ac5f6\" data-element_type=\"container\" data-e-type=\"container\">\n\t\t<div class=\"elementor-element elementor-element-5cfc4c10 e-con-full e-flex e-con e-child\" data-id=\"5cfc4c10\" data-element_type=\"container\" data-e-type=\"container\">\n\t\t\t\t<div class=\"elementor-element elementor-element-5d0de1a5 elementor-widget elementor-widget-image\" data-id=\"5d0de1a5\" data-element_type=\"widget\" data-e-type=\"widget\" data-widget_type=\"image.default\">\n\t\t\t\t<div class=\"elementor-widget-container\">\n\t\t\t\t\t\t\t\t\t\t\t\t\t\t\t<img decoding=\"async\" width=\"1920\" height=\"1280\" src=\"https:\/\/www.hristinamilanova.com\/wp-content\/uploads\/2023\/11\/2-b09ce495-1920w.jpg\" class=\"attachment-full size-full wp-image-814\" alt=\"\" srcset=\"https:\/\/www.hristinamilanova.com\/wp-content\/uploads\/2023\/11\/2-b09ce495-1920w.jpg 1920w, https:\/\/www.hristinamilanova.com\/wp-content\/uploads\/2023\/11\/2-b09ce495-1920w-300x200.jpg 300w, https:\/\/www.hristinamilanova.com\/wp-content\/uploads\/2023\/11\/2-b09ce495-1920w-1024x683.jpg 1024w, https:\/\/www.hristinamilanova.com\/wp-content\/uploads\/2023\/11\/2-b09ce495-1920w-768x512.jpg 768w, https:\/\/www.hristinamilanova.com\/wp-content\/uploads\/2023\/11\/2-b09ce495-1920w-1536x1024.jpg 1536w\" sizes=\"(max-width: 1920px) 100vw, 1920px\" \/>\t\t\t\t\t\t\t\t\t\t\t\t\t\t\t<\/div>\n\t\t\t\t<\/div>\n\t\t\t\t<\/div>\n\t\t\t\t<\/div>\n\t\t\t\t<\/div>\n\t\t","protected":false},"excerpt":{"rendered":"<p>Trapped by Beauty (2019-2020) by Hristina Milanova Trapped by beauty Die Wirkung der Sch\u00f6nheit auf den Menschen erzeugt Achtung und Bewunderung, aber die Kunst stellt das Erhabene in der Natur nur nach. E. Kant Nur das Erhabene erhebt die Seele \u00fcber die Mittelm\u00e4\u00dfigkeit, aber das h\u00e4ngt nicht so sehr vom Objekt ab, sondern von der [&hellip;]<\/p>\n","protected":false},"author":1,"featured_media":0,"parent":0,"menu_order":103,"comment_status":"closed","ping_status":"closed","template":"","meta":{"_seopress_robots_primary_cat":"","_seopress_titles_title":"","_seopress_titles_desc":"","_seopress_robots_index":"","_seopress_analysis_target_kw":"","footnotes":""},"class_list":["post-1129","page","type-page","status-publish","hentry"],"_links":{"self":[{"href":"https:\/\/www.hristinamilanova.com\/de\/wp-json\/wp\/v2\/pages\/1129","targetHints":{"allow":["GET"]}}],"collection":[{"href":"https:\/\/www.hristinamilanova.com\/de\/wp-json\/wp\/v2\/pages"}],"about":[{"href":"https:\/\/www.hristinamilanova.com\/de\/wp-json\/wp\/v2\/types\/page"}],"author":[{"embeddable":true,"href":"https:\/\/www.hristinamilanova.com\/de\/wp-json\/wp\/v2\/users\/1"}],"replies":[{"embeddable":true,"href":"https:\/\/www.hristinamilanova.com\/de\/wp-json\/wp\/v2\/comments?post=1129"}],"version-history":[{"count":0,"href":"https:\/\/www.hristinamilanova.com\/de\/wp-json\/wp\/v2\/pages\/1129\/revisions"}],"wp:attachment":[{"href":"https:\/\/www.hristinamilanova.com\/de\/wp-json\/wp\/v2\/media?parent=1129"}],"curies":[{"name":"wp","href":"https:\/\/api.w.org\/{rel}","templated":true}]}}