{"id":1133,"date":"2023-11-29T20:44:32","date_gmt":"2023-11-29T19:44:32","guid":{"rendered":"http:\/\/www.hristinamilanova.com\/the-link-gotas-de-hielo\/"},"modified":"2024-01-18T19:27:42","modified_gmt":"2024-01-18T18:27:42","slug":"the-link-gotas-de-hielo","status":"publish","type":"page","link":"https:\/\/www.hristinamilanova.com\/de\/the-link-gotas-de-hielo\/","title":{"rendered":"The Link. Gotas de hielo"},"content":{"rendered":"\t\t<div data-elementor-type=\"wp-page\" data-elementor-id=\"1133\" class=\"elementor elementor-1133 elementor-455\" data-elementor-post-type=\"page\">\n\t\t\t\t<div class=\"elementor-element elementor-element-19f4484f e-flex e-con-boxed e-con e-parent\" data-id=\"19f4484f\" data-element_type=\"container\" data-e-type=\"container\" data-settings=\"{&quot;background_background&quot;:&quot;classic&quot;}\">\n\t\t\t\t\t<div class=\"e-con-inner\">\n\t\t\t\t<div class=\"elementor-element elementor-element-6f903ce7 elementor-widget elementor-widget-text-editor\" data-id=\"6f903ce7\" data-element_type=\"widget\" data-e-type=\"widget\" data-widget_type=\"text-editor.default\">\n\t\t\t\t<div class=\"elementor-widget-container\">\n\t\t\t\t\t\t\t\t\t<h1>The Link. Gotas de hielo <\/h1>\n<h2>by Hristina Milanova<\/h2>\t\t\t\t\t\t\t\t<\/div>\n\t\t\t\t<\/div>\n\t\t\t\t\t<\/div>\n\t\t\t\t<\/div>\n\t\t<div class=\"elementor-element elementor-element-5a31d09e e-con-full e-flex e-con e-parent\" data-id=\"5a31d09e\" data-element_type=\"container\" data-e-type=\"container\">\n\t\t\t\t<div class=\"elementor-element elementor-element-1071838 elementor-widget elementor-widget-image\" data-id=\"1071838\" data-element_type=\"widget\" data-e-type=\"widget\" data-widget_type=\"image.default\">\n\t\t\t\t<div class=\"elementor-widget-container\">\n\t\t\t\t\t\t\t\t\t\t\t\t\t\t\t<img fetchpriority=\"high\" decoding=\"async\" width=\"992\" height=\"765\" src=\"https:\/\/www.hristinamilanova.com\/wp-content\/uploads\/2023\/11\/3-1b032ec0-2880w.jpg\" class=\"attachment-full size-full wp-image-818\" alt=\"\" srcset=\"https:\/\/www.hristinamilanova.com\/wp-content\/uploads\/2023\/11\/3-1b032ec0-2880w.jpg 992w, https:\/\/www.hristinamilanova.com\/wp-content\/uploads\/2023\/11\/3-1b032ec0-2880w-300x231.jpg 300w, https:\/\/www.hristinamilanova.com\/wp-content\/uploads\/2023\/11\/3-1b032ec0-2880w-768x592.jpg 768w\" sizes=\"(max-width: 992px) 100vw, 992px\" \/>\t\t\t\t\t\t\t\t\t\t\t\t\t\t\t<\/div>\n\t\t\t\t<\/div>\n\t\t\t\t<div class=\"elementor-element elementor-element-6f43f732 elementor-widget elementor-widget-text-editor\" data-id=\"6f43f732\" data-element_type=\"widget\" data-e-type=\"widget\" data-widget_type=\"text-editor.default\">\n\t\t\t\t<div class=\"elementor-widget-container\">\n\t\t\t\t\t\t\t\t\t<p><span style=\"letter-spacing: 0px; word-spacing: 0em;\"> <\/span><\/p>\n<p><span style=\"letter-spacing: 0px; word-spacing: 0em;\">Mein neuestes Projekt, <b>&#8222;The link. Drops of Ice&#8220;<\/b> ist eine Reflexion \u00fcber die heutige Gesellschaft. Mit den geschaffenen Werken hinterfrage ich die zunehmend fragilen und instabilen Verbindungen, die die heutige Welt hervorruft. Seine st\u00e4ndige Bewegung und seine sich ver\u00e4ndernde Form, die gegenw\u00e4rtige Unstimmigkeit, in der die Zeit entgleitet, weil nichts zu Ende geht. <\/span><\/p>\n<p>Aus meiner Sicht und als eine M\u00f6glichkeit, die gegenw\u00e4rtigen Umst\u00e4nde zu verstehen, stelle ich die st\u00e4ndige Interaktion zwischen dem Beobachter und der Informationsflut, die auf uns eindringt, in Frage. Ohne gen\u00fcgend Zeit, um sie in ihrer wirklichen Bedeutung zu verdauen und zu verarbeiten. <\/p>\n<p>Ich gehe von Zygmund Baumans Definition der &#8222;fl\u00fcssigen Gesellschaft&#8220; und der darauf angewandten Metapher der &#8222;Liquidit\u00e4t&#8220; aus, um die ungew\u00f6hnlichen Beziehungen zu erkl\u00e4ren, die von der Angst unserer Zeit zeugen. Ich glaube an Formen, die keinen Anfang und kein Ende haben, sie sind Eistropfen, die schmelzen und die Bewegungen reflektieren, die um sie herum entstehen, sie sind die Spiegel der Gesellschaft, die das Gute und das Schlechte festhalten, die das Vergehen der Zeit registrieren und zur Erinnerung werden. Eistropfen, die wie Meilensteine der Illusionen aussehen, die wie Regen fallen, angesichts der allgemeinen Frustration in der Kommunikation, die durch die Magneten dargestellt wird, die einige der St\u00fccke halten, was in sich selbst ein Widerspruch ist. Es handelt sich um eine Gesellschaft in Bewegung, die oberfl\u00e4chlich voranschreitet, aber in der Tiefe keine Bewegung hat.   <\/p>\n<p>Meine Suche ist der Wunsch, den Raum st\u00e4ndig zu ver\u00e4ndern. Dies hat mich zu einer obligatorischen Vertiefung gef\u00fchrt und dazu, den Weg der Selbstbeobachtung einzuschlagen. Ich untersuche die Materialien, die das vom Unterbewusstsein und den Emotionen erzeugte Universum am besten zum Ausdruck bringen. Sie sollen die &#8222;Strukturen des Selbst&#8220; kanalisieren, ein Konzept, das ich mit diesen Werken und ihren Formen unterstreichen m\u00f6chte.   <\/p>\n<p>Der Wunsch, Neues zu finden und sich zu erneuern, ist die treibende Kraft hinter jedem der von mir entwickelten Projekte. &#8222;The Link. Drops of ice&#8220; ist das Ergebnis einer globalen Untersuchung von Materialien und Konzepten.   Diese Vertiefung hat mich zu dem neuen k\u00fcnstlerischen Vorschlag von gro\u00dfformatigen Spiegeln gef\u00fchrt, die manuell moduliert werden, bis sie organische Formen annehmen. Ich habe die \u00fcbliche Verwendung des Materials extrapoliert, um diese widerspr\u00fcchlichen Figuren zu schaffen: verg\u00e4nglich und unbeweglich zugleich. <\/p>\n<p>Meine Arbeit f\u00fchrt mich zur inneren Suche, aber auch zur Auseinandersetzung mit den Ungleichheiten, Ungerechtigkeiten und Schwierigkeiten in der heutigen Welt. Ich setze mich f\u00fcr die Freiheit des Einzelnen und den Wandel zu einer besseren Welt ein, in der die Utopie aufh\u00f6rt, utopisch zu sein. <\/p>\n<p><b>H.Milanova April 2017<\/b><\/p>\n<p><b> <\/b><\/p>\n\t\t\t\t\t\t\t\t<\/div>\n\t\t\t\t<\/div>\n\t\t\t\t<\/div>\n\t\t<div class=\"elementor-element elementor-element-7c8a957d e-con-full e-flex e-con e-parent\" data-id=\"7c8a957d\" data-element_type=\"container\" data-e-type=\"container\">\n\t\t<div class=\"elementor-element elementor-element-7b87287 e-con-full e-flex e-con e-child\" data-id=\"7b87287\" data-element_type=\"container\" data-e-type=\"container\">\n\t\t\t\t<div class=\"elementor-element elementor-element-3f886484 elementor-widget elementor-widget-image\" data-id=\"3f886484\" data-element_type=\"widget\" data-e-type=\"widget\" data-widget_type=\"image.default\">\n\t\t\t\t<div class=\"elementor-widget-container\">\n\t\t\t\t\t\t\t\t\t\t\t\t\t\t\t<img decoding=\"async\" width=\"800\" height=\"617\" src=\"https:\/\/www.hristinamilanova.com\/wp-content\/uploads\/2023\/11\/01.Sence-91036001-1920w.jpg\" class=\"attachment-large size-large wp-image-816\" alt=\"\" srcset=\"https:\/\/www.hristinamilanova.com\/wp-content\/uploads\/2023\/11\/01.Sence-91036001-1920w.jpg 992w, https:\/\/www.hristinamilanova.com\/wp-content\/uploads\/2023\/11\/01.Sence-91036001-1920w-300x231.jpg 300w, https:\/\/www.hristinamilanova.com\/wp-content\/uploads\/2023\/11\/01.Sence-91036001-1920w-768x592.jpg 768w\" sizes=\"(max-width: 800px) 100vw, 800px\" \/>\t\t\t\t\t\t\t\t\t\t\t\t\t\t\t<\/div>\n\t\t\t\t<\/div>\n\t\t\t\t<\/div>\n\t\t<div class=\"elementor-element elementor-element-66ab931 e-con-full e-flex e-con e-child\" data-id=\"66ab931\" data-element_type=\"container\" data-e-type=\"container\">\n\t\t\t\t<div class=\"elementor-element elementor-element-405e927b elementor-widget elementor-widget-image\" data-id=\"405e927b\" data-element_type=\"widget\" data-e-type=\"widget\" data-widget_type=\"image.default\">\n\t\t\t\t<div class=\"elementor-widget-container\">\n\t\t\t\t\t\t\t\t\t\t\t\t\t\t\t<img decoding=\"async\" width=\"800\" height=\"668\" src=\"https:\/\/www.hristinamilanova.com\/wp-content\/uploads\/2023\/11\/3-74d13dbe-23fb4c8f-3eb7d313-1920w.jpg\" class=\"attachment-large size-large wp-image-820\" alt=\"\" srcset=\"https:\/\/www.hristinamilanova.com\/wp-content\/uploads\/2023\/11\/3-74d13dbe-23fb4c8f-3eb7d313-1920w.jpg 850w, https:\/\/www.hristinamilanova.com\/wp-content\/uploads\/2023\/11\/3-74d13dbe-23fb4c8f-3eb7d313-1920w-300x251.jpg 300w, https:\/\/www.hristinamilanova.com\/wp-content\/uploads\/2023\/11\/3-74d13dbe-23fb4c8f-3eb7d313-1920w-768x642.jpg 768w\" sizes=\"(max-width: 800px) 100vw, 800px\" \/>\t\t\t\t\t\t\t\t\t\t\t\t\t\t\t<\/div>\n\t\t\t\t<\/div>\n\t\t\t\t<\/div>\n\t\t\t\t<\/div>\n\t\t\t\t<\/div>\n\t\t","protected":false},"excerpt":{"rendered":"<p>The Link. Gotas de hielo by Hristina Milanova Mein neuestes Projekt, &#8222;The link. Drops of Ice&#8220; ist eine Reflexion \u00fcber die heutige Gesellschaft. Mit den geschaffenen Werken hinterfrage ich die zunehmend fragilen und instabilen Verbindungen, die die heutige Welt hervorruft. Seine st\u00e4ndige Bewegung und seine sich ver\u00e4ndernde Form, die gegenw\u00e4rtige Unstimmigkeit, in der die Zeit [&hellip;]<\/p>\n","protected":false},"author":1,"featured_media":0,"parent":0,"menu_order":104,"comment_status":"closed","ping_status":"closed","template":"","meta":{"_seopress_robots_primary_cat":"","_seopress_titles_title":"","_seopress_titles_desc":"","_seopress_robots_index":"","footnotes":""},"class_list":["post-1133","page","type-page","status-publish","hentry"],"_links":{"self":[{"href":"https:\/\/www.hristinamilanova.com\/de\/wp-json\/wp\/v2\/pages\/1133","targetHints":{"allow":["GET"]}}],"collection":[{"href":"https:\/\/www.hristinamilanova.com\/de\/wp-json\/wp\/v2\/pages"}],"about":[{"href":"https:\/\/www.hristinamilanova.com\/de\/wp-json\/wp\/v2\/types\/page"}],"author":[{"embeddable":true,"href":"https:\/\/www.hristinamilanova.com\/de\/wp-json\/wp\/v2\/users\/1"}],"replies":[{"embeddable":true,"href":"https:\/\/www.hristinamilanova.com\/de\/wp-json\/wp\/v2\/comments?post=1133"}],"version-history":[{"count":0,"href":"https:\/\/www.hristinamilanova.com\/de\/wp-json\/wp\/v2\/pages\/1133\/revisions"}],"wp:attachment":[{"href":"https:\/\/www.hristinamilanova.com\/de\/wp-json\/wp\/v2\/media?parent=1133"}],"curies":[{"name":"wp","href":"https:\/\/api.w.org\/{rel}","templated":true}]}}