{"id":1135,"date":"2023-11-29T21:13:33","date_gmt":"2023-11-29T20:13:33","guid":{"rendered":"http:\/\/www.hristinamilanova.com\/through-the-pupil\/"},"modified":"2024-01-10T22:50:30","modified_gmt":"2024-01-10T21:50:30","slug":"through-the-pupil","status":"publish","type":"page","link":"https:\/\/www.hristinamilanova.com\/de\/through-the-pupil\/","title":{"rendered":"Through the Pupil"},"content":{"rendered":"\t\t<div data-elementor-type=\"wp-page\" data-elementor-id=\"1135\" class=\"elementor elementor-1135 elementor-504\" data-elementor-post-type=\"page\">\n\t\t\t\t<div class=\"elementor-element elementor-element-1a43ee05 e-flex e-con-boxed e-con e-parent\" data-id=\"1a43ee05\" data-element_type=\"container\" data-e-type=\"container\" data-settings=\"{&quot;background_background&quot;:&quot;classic&quot;}\">\n\t\t\t\t\t<div class=\"e-con-inner\">\n\t\t\t\t<div class=\"elementor-element elementor-element-f255898 elementor-widget elementor-widget-text-editor\" data-id=\"f255898\" data-element_type=\"widget\" data-e-type=\"widget\" data-widget_type=\"text-editor.default\">\n\t\t\t\t<div class=\"elementor-widget-container\">\n\t\t\t\t\t\t\t\t\t<h1>Through the Pupil<\/h1>\n<h2>by Hristina Milanova<\/h2>\t\t\t\t\t\t\t\t<\/div>\n\t\t\t\t<\/div>\n\t\t\t\t\t<\/div>\n\t\t\t\t<\/div>\n\t\t<div class=\"elementor-element elementor-element-37397f17 e-con-full e-flex e-con e-parent\" data-id=\"37397f17\" data-element_type=\"container\" data-e-type=\"container\">\n\t\t\t\t<div class=\"elementor-element elementor-element-661ece0f elementor-widget elementor-widget-image\" data-id=\"661ece0f\" data-element_type=\"widget\" data-e-type=\"widget\" data-widget_type=\"image.default\">\n\t\t\t\t<div class=\"elementor-widget-container\">\n\t\t\t\t\t\t\t\t\t\t\t\t\t\t\t<img fetchpriority=\"high\" decoding=\"async\" width=\"1920\" height=\"1256\" src=\"https:\/\/www.hristinamilanova.com\/wp-content\/uploads\/2023\/11\/DSC0448.NEF-2880w.jpg\" class=\"attachment-full size-full wp-image-846\" alt=\"\" srcset=\"https:\/\/www.hristinamilanova.com\/wp-content\/uploads\/2023\/11\/DSC0448.NEF-2880w.jpg 1920w, https:\/\/www.hristinamilanova.com\/wp-content\/uploads\/2023\/11\/DSC0448.NEF-2880w-300x196.jpg 300w, https:\/\/www.hristinamilanova.com\/wp-content\/uploads\/2023\/11\/DSC0448.NEF-2880w-1024x670.jpg 1024w, https:\/\/www.hristinamilanova.com\/wp-content\/uploads\/2023\/11\/DSC0448.NEF-2880w-768x502.jpg 768w, https:\/\/www.hristinamilanova.com\/wp-content\/uploads\/2023\/11\/DSC0448.NEF-2880w-1536x1005.jpg 1536w\" sizes=\"(max-width: 1920px) 100vw, 1920px\" \/>\t\t\t\t\t\t\t\t\t\t\t\t\t\t\t<\/div>\n\t\t\t\t<\/div>\n\t\t\t\t<\/div>\n\t\t<div class=\"elementor-element elementor-element-d785aa1 e-con-full e-flex e-con e-parent\" data-id=\"d785aa1\" data-element_type=\"container\" data-e-type=\"container\">\n\t\t<div class=\"elementor-element elementor-element-3f1d36b e-con-full e-flex e-con e-child\" data-id=\"3f1d36b\" data-element_type=\"container\" data-e-type=\"container\">\n\t\t\t\t<div class=\"elementor-element elementor-element-5456d93 elementor-widget elementor-widget-text-editor\" data-id=\"5456d93\" data-element_type=\"widget\" data-e-type=\"widget\" data-widget_type=\"text-editor.default\">\n\t\t\t\t<div class=\"elementor-widget-container\">\n\t\t\t\t\t\t\t\t\t<p><b>Kunstkritiker&nbsp;<\/b><\/p>\n<p><b>&#8222;Through the Pupil&#8220;<\/b><\/p>\n<p>Die Ausstellung der Schwarz-Wei\u00df-Fotografien von Hristina Milanova sollte urspr\u00fcnglich von Musik begleitet werden, die sie zusammen mit dem englischen Komponisten Sam Williams geschaffen hat, um die zeitlichen und umweltbezogenen Aspekte zweier Schl\u00fcsselaspekte zu betonen, um die sich ihre Werke drehen: organische und architektonische Konstruktionen.<\/p>\n<p>Es ist die zeitliche Struktur, die beiden k\u00fcnstlerischen Facetten zugrunde liegt: In dem f\u00fcr seine Fotografien gew\u00e4hlten Motiv zeichnen sich die nat\u00fcrlichen Formen durch ihre geometrische Anordnung aus. Auf ihnen f\u00fchrt er eine Aktion ein, die ihre Spuren auf dem Bild hinterl\u00e4sst und nur durch das Spiel mit den mechanischen M\u00f6glichkeiten der Fotografie, d.h. mit der Belichtungszeit, m\u00f6glich ist. Dieser f\u00fcr die Musik typische Zeitfaktor f\u00fcgt dem Bild geometrische Linien hinzu, die wiederum auf diesem strukturellen Bestandteil bestehen und darauf hinweisen, dass er auch die Grundlage der musikalischen Komposition ist. Symbolische Bez\u00fcge finden sich auch in der Einbeziehung nat\u00fcrlicher Elemente wie Wasser und Wind in die Musikst\u00fccke und in den Bildern mit verknoteten Saiten. Letztere entziehen sich, wie es hei\u00dft, den von der Macht auferlegten Fesseln, die die Freiheit des Handelns und Denkens unterdr\u00fccken, aber diese Interpretation, die im Werk nicht zum Ausdruck kommt, verleiht diesem Symbol Spielraum: Sein semantischer Reichtum bietet die M\u00f6glichkeit, es auf die Vereinigung oder auf die Unterdr\u00fcckung zu beziehen. In diesem Fall dominiert die Eloquenz dieses Bildes \u00fcber die Absicht des K\u00fcnstlers.     <\/p>\n<p><b>La Real , Mai 2010<\/b><\/p><p><b><br><\/b><\/p>\t\t\t\t\t\t\t\t<\/div>\n\t\t\t\t<\/div>\n\t\t\t\t<\/div>\n\t\t<div class=\"elementor-element elementor-element-6e45e1d e-con-full e-flex e-con e-child\" data-id=\"6e45e1d\" data-element_type=\"container\" data-e-type=\"container\">\n\t\t\t\t<div class=\"elementor-element elementor-element-07325d2 elementor-widget elementor-widget-image\" data-id=\"07325d2\" data-element_type=\"widget\" data-e-type=\"widget\" data-widget_type=\"image.default\">\n\t\t\t\t<div class=\"elementor-widget-container\">\n\t\t\t\t\t\t\t\t\t\t\t\t\t\t\t<img decoding=\"async\" width=\"774\" height=\"1000\" src=\"https:\/\/www.hristinamilanova.com\/wp-content\/uploads\/2023\/11\/atravesando-la-pupila-1920w.jpg\" class=\"attachment-large size-large wp-image-848\" alt=\"\" srcset=\"https:\/\/www.hristinamilanova.com\/wp-content\/uploads\/2023\/11\/atravesando-la-pupila-1920w.jpg 774w, https:\/\/www.hristinamilanova.com\/wp-content\/uploads\/2023\/11\/atravesando-la-pupila-1920w-232x300.jpg 232w, https:\/\/www.hristinamilanova.com\/wp-content\/uploads\/2023\/11\/atravesando-la-pupila-1920w-768x992.jpg 768w\" sizes=\"(max-width: 774px) 100vw, 774px\" \/>\t\t\t\t\t\t\t\t\t\t\t\t\t\t\t<\/div>\n\t\t\t\t<\/div>\n\t\t\t\t<\/div>\n\t\t\t\t<\/div>\n\t\t\t\t<\/div>\n\t\t","protected":false},"excerpt":{"rendered":"<p>Through the Pupil by Hristina Milanova Kunstkritiker&nbsp; &#8222;Through the Pupil&#8220; Die Ausstellung der Schwarz-Wei\u00df-Fotografien von Hristina Milanova sollte urspr\u00fcnglich von Musik begleitet werden, die sie zusammen mit dem englischen Komponisten Sam Williams geschaffen hat, um die zeitlichen und umweltbezogenen Aspekte zweier Schl\u00fcsselaspekte zu betonen, um die sich ihre Werke drehen: organische und architektonische Konstruktionen. Es [&hellip;]<\/p>\n","protected":false},"author":1,"featured_media":0,"parent":0,"menu_order":109,"comment_status":"closed","ping_status":"closed","template":"","meta":{"_seopress_robots_primary_cat":"","_seopress_titles_title":"","_seopress_titles_desc":"","_seopress_robots_index":"","_seopress_analysis_target_kw":"","footnotes":""},"class_list":["post-1135","page","type-page","status-publish","hentry"],"_links":{"self":[{"href":"https:\/\/www.hristinamilanova.com\/de\/wp-json\/wp\/v2\/pages\/1135","targetHints":{"allow":["GET"]}}],"collection":[{"href":"https:\/\/www.hristinamilanova.com\/de\/wp-json\/wp\/v2\/pages"}],"about":[{"href":"https:\/\/www.hristinamilanova.com\/de\/wp-json\/wp\/v2\/types\/page"}],"author":[{"embeddable":true,"href":"https:\/\/www.hristinamilanova.com\/de\/wp-json\/wp\/v2\/users\/1"}],"replies":[{"embeddable":true,"href":"https:\/\/www.hristinamilanova.com\/de\/wp-json\/wp\/v2\/comments?post=1135"}],"version-history":[{"count":0,"href":"https:\/\/www.hristinamilanova.com\/de\/wp-json\/wp\/v2\/pages\/1135\/revisions"}],"wp:attachment":[{"href":"https:\/\/www.hristinamilanova.com\/de\/wp-json\/wp\/v2\/media?parent=1135"}],"curies":[{"name":"wp","href":"https:\/\/api.w.org\/{rel}","templated":true}]}}