{"id":1137,"date":"2023-11-29T21:09:44","date_gmt":"2023-11-29T20:09:44","guid":{"rendered":"http:\/\/www.hristinamilanova.com\/movements-of-light\/"},"modified":"2024-01-10T22:50:19","modified_gmt":"2024-01-10T21:50:19","slug":"movements-of-light","status":"publish","type":"page","link":"https:\/\/www.hristinamilanova.com\/de\/movements-of-light\/","title":{"rendered":"Movements of Light"},"content":{"rendered":"\t\t<div data-elementor-type=\"wp-page\" data-elementor-id=\"1137\" class=\"elementor elementor-1137 elementor-492\" data-elementor-post-type=\"page\">\n\t\t\t\t<div class=\"elementor-element elementor-element-56ac489c e-flex e-con-boxed e-con e-parent\" data-id=\"56ac489c\" data-element_type=\"container\" data-e-type=\"container\" data-settings=\"{&quot;background_background&quot;:&quot;classic&quot;}\">\n\t\t\t\t\t<div class=\"e-con-inner\">\n\t\t\t\t<div class=\"elementor-element elementor-element-19855063 elementor-widget elementor-widget-text-editor\" data-id=\"19855063\" data-element_type=\"widget\" data-e-type=\"widget\" data-widget_type=\"text-editor.default\">\n\t\t\t\t<div class=\"elementor-widget-container\">\n\t\t\t\t\t\t\t\t\t<h1>Movements of Light<\/h1>\n<h2>by Hristina Milanova<\/h2>\t\t\t\t\t\t\t\t<\/div>\n\t\t\t\t<\/div>\n\t\t\t\t\t<\/div>\n\t\t\t\t<\/div>\n\t\t<div class=\"elementor-element elementor-element-1b9bf5ba e-con-full e-flex e-con e-parent\" data-id=\"1b9bf5ba\" data-element_type=\"container\" data-e-type=\"container\">\n\t\t\t\t<div class=\"elementor-element elementor-element-10b738ed elementor-widget elementor-widget-image\" data-id=\"10b738ed\" data-element_type=\"widget\" data-e-type=\"widget\" data-widget_type=\"image.default\">\n\t\t\t\t<div class=\"elementor-widget-container\">\n\t\t\t\t\t\t\t\t\t\t\t\t\t\t\t<img fetchpriority=\"high\" decoding=\"async\" width=\"1040\" height=\"630\" src=\"https:\/\/www.hristinamilanova.com\/wp-content\/uploads\/2023\/11\/8.Mov.oflight-2880w.jpg\" class=\"attachment-full size-full wp-image-844\" alt=\"\" srcset=\"https:\/\/www.hristinamilanova.com\/wp-content\/uploads\/2023\/11\/8.Mov.oflight-2880w.jpg 1040w, https:\/\/www.hristinamilanova.com\/wp-content\/uploads\/2023\/11\/8.Mov.oflight-2880w-300x182.jpg 300w, https:\/\/www.hristinamilanova.com\/wp-content\/uploads\/2023\/11\/8.Mov.oflight-2880w-1024x620.jpg 1024w, https:\/\/www.hristinamilanova.com\/wp-content\/uploads\/2023\/11\/8.Mov.oflight-2880w-768x465.jpg 768w\" sizes=\"(max-width: 1040px) 100vw, 1040px\" \/>\t\t\t\t\t\t\t\t\t\t\t\t\t\t\t<\/div>\n\t\t\t\t<\/div>\n\t\t\t\t<div class=\"elementor-element elementor-element-4260872e elementor-widget elementor-widget-text-editor\" data-id=\"4260872e\" data-element_type=\"widget\" data-e-type=\"widget\" data-widget_type=\"text-editor.default\">\n\t\t\t\t<div class=\"elementor-widget-container\">\n\t\t\t\t\t\t\t\t\t<p><b> <\/b><\/p>\n<p><b>Movements of Light<\/b><\/p>\n<p>Nach dem Erfolg ihrer Ausstellungen in Gro\u00dfbritannien und Spanien pr\u00e4sentiert die Gerhardt Braun Galerie die n\u00e4chste Installation der vielseitigen K\u00fcnstlerin Hristina Milanova.<\/p>\n<p>Es sendet uns eine Botschaft, in uns selbst zu schauen, mehrere hinterleuchtete Tafeln, Schwarz-Wei\u00df-Fotografien und f\u00fcnf Musikst\u00fccke, die der K\u00fcnstler in Zusammenarbeit mit dem Produzenten und Komponisten Sam Williams entwickelt hat. Die Kl\u00e4nge, die immer seine fotografischen Installationen begleiten. <\/p>\n<p>&#8222;Das B\u00f6se hat keine Grenzen, aber das Licht kann es zerst\u00f6ren&#8220;.<\/p>\n<p>Hristina Milanova offenbart ihre innersten Gef\u00fchle, ihr Ringen um ein Weiterkommen, ohne sich von den Konstruktionen der gesellschaftlichen Maschinerie gefangen zu f\u00fchlen.<\/p>\n<p>Ein vom Glauben erf\u00fcllter Schrei nach Freiheit, ein starker Glaube an die Kraft, die in jedem von uns steckt, um eine bessere Welt f\u00fcr uns und andere zu schaffen.<\/p>\n<p><b>Hristina Milanova 12.2012<\/b><\/p>\n<p><b>Georgina Sas<\/b><\/p>\n<p><b>Kunstkritiker <\/b><\/p>\n<p>Der franz\u00f6sische Theoretiker Roland Barthes schrieb: Die Fotografie wiederholt mechanisch, was sie existenziell nie wiederholen kann (&#8230;). Sie ist das Zeugnis dessen, was ich gesehen habe und was gewesen ist. Diese Theorie von Barthes bezieht sich auf die Erfassung und Vereinigung des Bildes, um es f\u00fcr immer einzufrieren, da die Fotografie ihren Wert erst mit dem unumkehrbaren Verschwinden des Referenten erh\u00e4lt.   <\/p>\n<p>Hristina Milanova (Bulgarien, 1976) schafft abstrakte Bilder, die von ihren Fotografien abgeleitet sind, die sie direkt von nat\u00fcrlichen, organischen Formen aufgenommen hat. Dank einer intensiven Beleuchtung mit sehr kurzer Brenndauer erzeugt sie in diesen Bildern Ver\u00e4nderungen in Ton, Gr\u00f6\u00dfe und Aussehen, die ihre Tafeln zu einer Verherrlichung der Farbe machen. <\/p>\n<p>Die Werke von Hristina Milanova, einschlie\u00dflich ihrer Schwarz-Wei\u00df-Fotografien, haben sowohl eine wissenschaftliche als auch eine philosophische Dimension. Die bulgarische K\u00fcnstlerin manipuliert das reale Bild und verleiht ihm einen malerischen Charakter, der manchmal die reine fotografische &#8222;Chemie&#8220; im engeren Sinne widerzuspiegeln scheint. Das Werk wendet sich direkt an das Auge, ohne Vermittler, mit der Herausforderung, unbekannte, sogar hypnotische Empfindungen zu provozieren und ein Abenteuer der Erkenntnis hervorzurufen, zu dem nur die Kunst den Schl\u00fcssel besitzt.  <\/p>\n<p>Es sind Bilder, die von Minimalismus durchdrungen sind; Chromatismus und Formen, die eine gewisse Syn\u00e4sthesie zwischen Farbe und Bewegung schaffen. Eine nicht zu leugnende Tendenz, sich auszudehnen, sich \u00fcber ihren physischen Raum hinaus zu zerstreuen und sich durch den Raum zu bewegen. Die Idee scheint den Raum zu ver\u00e4ndern, indem sie das offenbart, was er an K\u00fcnstlichkeit besitzt, und ein gewisses Schwindelgef\u00fchl hervorruft, das den Betrachter in Frage stellt und ihn zu der Illusion f\u00fchrt, sich etwas vorstellen und sehen zu k\u00f6nnen, was wir nicht sichtbar wahrnehmen. Es handelt sich um Vorschl\u00e4ge, die scheinbar chaotische Strukturen offenbaren, in denen das Publikum innehalten kann, um all das zu betrachten, was nicht greifbar ist.   <\/p>\n<p>Eine Verschmelzung, die beweist, wie die Str\u00f6me zwischen Design, Fotografie oder Malerei, die immer aktiv sind, ein reiches Feld auf bewusste Weise bilden, aber mit einem Willen zum plastischen Experimentieren und einem subtileren Willen zur Darstellung der Realit\u00e4t.<\/p><\/p>\n\t\t\t\t\t\t\t\t<\/div>\n\t\t\t\t<\/div>\n\t\t\t\t<\/div>\n\t\t<div class=\"elementor-element elementor-element-54b7e15b e-con-full e-flex e-con e-parent\" data-id=\"54b7e15b\" data-element_type=\"container\" data-e-type=\"container\">\n\t\t<div class=\"elementor-element elementor-element-30b5a7a1 e-con-full e-flex e-con e-child\" data-id=\"30b5a7a1\" data-element_type=\"container\" data-e-type=\"container\">\n\t\t\t\t<div class=\"elementor-element elementor-element-6eb1a93d elementor-widget elementor-widget-image\" data-id=\"6eb1a93d\" data-element_type=\"widget\" data-e-type=\"widget\" data-widget_type=\"image.default\">\n\t\t\t\t<div class=\"elementor-widget-container\">\n\t\t\t\t\t\t\t\t\t\t\t\t\t\t\t<img decoding=\"async\" width=\"800\" height=\"588\" src=\"https:\/\/www.hristinamilanova.com\/wp-content\/uploads\/2023\/11\/1-1920w-1024x752.jpg\" class=\"attachment-large size-large wp-image-840\" alt=\"\" srcset=\"https:\/\/www.hristinamilanova.com\/wp-content\/uploads\/2023\/11\/1-1920w-1024x752.jpg 1024w, https:\/\/www.hristinamilanova.com\/wp-content\/uploads\/2023\/11\/1-1920w-300x220.jpg 300w, https:\/\/www.hristinamilanova.com\/wp-content\/uploads\/2023\/11\/1-1920w-768x564.jpg 768w, https:\/\/www.hristinamilanova.com\/wp-content\/uploads\/2023\/11\/1-1920w-1536x1128.jpg 1536w, https:\/\/www.hristinamilanova.com\/wp-content\/uploads\/2023\/11\/1-1920w.jpg 1920w\" sizes=\"(max-width: 800px) 100vw, 800px\" \/>\t\t\t\t\t\t\t\t\t\t\t\t\t\t\t<\/div>\n\t\t\t\t<\/div>\n\t\t\t\t<\/div>\n\t\t<div class=\"elementor-element elementor-element-502645e9 e-con-full e-flex e-con e-child\" data-id=\"502645e9\" data-element_type=\"container\" data-e-type=\"container\">\n\t\t\t\t<div class=\"elementor-element elementor-element-6a63f66e elementor-widget elementor-widget-image\" data-id=\"6a63f66e\" data-element_type=\"widget\" data-e-type=\"widget\" data-widget_type=\"image.default\">\n\t\t\t\t<div class=\"elementor-widget-container\">\n\t\t\t\t\t\t\t\t\t\t\t\t\t\t\t<img decoding=\"async\" width=\"800\" height=\"797\" src=\"https:\/\/www.hristinamilanova.com\/wp-content\/uploads\/2023\/11\/3-236b80c3-1da66c46-1920w-1024x1020.jpg\" class=\"attachment-large size-large wp-image-842\" alt=\"\" srcset=\"https:\/\/www.hristinamilanova.com\/wp-content\/uploads\/2023\/11\/3-236b80c3-1da66c46-1920w-1024x1020.jpg 1024w, https:\/\/www.hristinamilanova.com\/wp-content\/uploads\/2023\/11\/3-236b80c3-1da66c46-1920w-300x300.jpg 300w, https:\/\/www.hristinamilanova.com\/wp-content\/uploads\/2023\/11\/3-236b80c3-1da66c46-1920w-150x150.jpg 150w, https:\/\/www.hristinamilanova.com\/wp-content\/uploads\/2023\/11\/3-236b80c3-1da66c46-1920w-768x765.jpg 768w, https:\/\/www.hristinamilanova.com\/wp-content\/uploads\/2023\/11\/3-236b80c3-1da66c46-1920w.jpg 1242w\" sizes=\"(max-width: 800px) 100vw, 800px\" \/>\t\t\t\t\t\t\t\t\t\t\t\t\t\t\t<\/div>\n\t\t\t\t<\/div>\n\t\t\t\t<\/div>\n\t\t\t\t<\/div>\n\t\t\t\t<\/div>\n\t\t","protected":false},"excerpt":{"rendered":"<p>Movements of Light by Hristina Milanova Movements of Light Nach dem Erfolg ihrer Ausstellungen in Gro\u00dfbritannien und Spanien pr\u00e4sentiert die Gerhardt Braun Galerie die n\u00e4chste Installation der vielseitigen K\u00fcnstlerin Hristina Milanova. Es sendet uns eine Botschaft, in uns selbst zu schauen, mehrere hinterleuchtete Tafeln, Schwarz-Wei\u00df-Fotografien und f\u00fcnf Musikst\u00fccke, die der K\u00fcnstler in Zusammenarbeit mit dem [&hellip;]<\/p>\n","protected":false},"author":1,"featured_media":0,"parent":0,"menu_order":108,"comment_status":"closed","ping_status":"closed","template":"","meta":{"_seopress_robots_primary_cat":"","_seopress_titles_title":"","_seopress_titles_desc":"","_seopress_robots_index":"","_seopress_analysis_target_kw":"","footnotes":""},"class_list":["post-1137","page","type-page","status-publish","hentry"],"_links":{"self":[{"href":"https:\/\/www.hristinamilanova.com\/de\/wp-json\/wp\/v2\/pages\/1137","targetHints":{"allow":["GET"]}}],"collection":[{"href":"https:\/\/www.hristinamilanova.com\/de\/wp-json\/wp\/v2\/pages"}],"about":[{"href":"https:\/\/www.hristinamilanova.com\/de\/wp-json\/wp\/v2\/types\/page"}],"author":[{"embeddable":true,"href":"https:\/\/www.hristinamilanova.com\/de\/wp-json\/wp\/v2\/users\/1"}],"replies":[{"embeddable":true,"href":"https:\/\/www.hristinamilanova.com\/de\/wp-json\/wp\/v2\/comments?post=1137"}],"version-history":[{"count":0,"href":"https:\/\/www.hristinamilanova.com\/de\/wp-json\/wp\/v2\/pages\/1137\/revisions"}],"wp:attachment":[{"href":"https:\/\/www.hristinamilanova.com\/de\/wp-json\/wp\/v2\/media?parent=1137"}],"curies":[{"name":"wp","href":"https:\/\/api.w.org\/{rel}","templated":true}]}}