{"id":1139,"date":"2023-11-29T21:06:16","date_gmt":"2023-11-29T20:06:16","guid":{"rendered":"http:\/\/www.hristinamilanova.com\/beyond-the-matter\/"},"modified":"2024-01-10T22:49:43","modified_gmt":"2024-01-10T21:49:43","slug":"beyond-the-matter","status":"publish","type":"page","link":"https:\/\/www.hristinamilanova.com\/de\/beyond-the-matter\/","title":{"rendered":"Beyond the Matter"},"content":{"rendered":"\t\t<div data-elementor-type=\"wp-page\" data-elementor-id=\"1139\" class=\"elementor elementor-1139 elementor-483\" data-elementor-post-type=\"page\">\n\t\t\t\t<div class=\"elementor-element elementor-element-35c45034 e-flex e-con-boxed e-con e-parent\" data-id=\"35c45034\" data-element_type=\"container\" data-e-type=\"container\" data-settings=\"{&quot;background_background&quot;:&quot;classic&quot;}\">\n\t\t\t\t\t<div class=\"e-con-inner\">\n\t\t\t\t<div class=\"elementor-element elementor-element-276eaea6 elementor-widget elementor-widget-text-editor\" data-id=\"276eaea6\" data-element_type=\"widget\" data-e-type=\"widget\" data-widget_type=\"text-editor.default\">\n\t\t\t\t<div class=\"elementor-widget-container\">\n\t\t\t\t\t\t\t\t\t<h1>Beyond the Matter<\/h1>\n<h2>by Hristina Milanova<\/h2>\t\t\t\t\t\t\t\t<\/div>\n\t\t\t\t<\/div>\n\t\t\t\t\t<\/div>\n\t\t\t\t<\/div>\n\t\t<div class=\"elementor-element elementor-element-40911759 e-con-full e-flex e-con e-parent\" data-id=\"40911759\" data-element_type=\"container\" data-e-type=\"container\">\n\t\t\t\t<div class=\"elementor-element elementor-element-53848259 elementor-widget elementor-widget-image\" data-id=\"53848259\" data-element_type=\"widget\" data-e-type=\"widget\" data-widget_type=\"image.default\">\n\t\t\t\t<div class=\"elementor-widget-container\">\n\t\t\t\t\t\t\t\t\t\t\t\t\t\t\t<img fetchpriority=\"high\" decoding=\"async\" width=\"1141\" height=\"774\" src=\"https:\/\/www.hristinamilanova.com\/wp-content\/uploads\/2023\/11\/7-BeyondtheMatter-2880w.jpg\" class=\"attachment-full size-full wp-image-838\" alt=\"\" srcset=\"https:\/\/www.hristinamilanova.com\/wp-content\/uploads\/2023\/11\/7-BeyondtheMatter-2880w.jpg 1141w, https:\/\/www.hristinamilanova.com\/wp-content\/uploads\/2023\/11\/7-BeyondtheMatter-2880w-300x204.jpg 300w, https:\/\/www.hristinamilanova.com\/wp-content\/uploads\/2023\/11\/7-BeyondtheMatter-2880w-1024x695.jpg 1024w, https:\/\/www.hristinamilanova.com\/wp-content\/uploads\/2023\/11\/7-BeyondtheMatter-2880w-768x521.jpg 768w\" sizes=\"(max-width: 1141px) 100vw, 1141px\" \/>\t\t\t\t\t\t\t\t\t\t\t\t\t\t\t<\/div>\n\t\t\t\t<\/div>\n\t\t\t\t<div class=\"elementor-element elementor-element-2b600dae elementor-widget elementor-widget-text-editor\" data-id=\"2b600dae\" data-element_type=\"widget\" data-e-type=\"widget\" data-widget_type=\"text-editor.default\">\n\t\t\t\t<div class=\"elementor-widget-container\">\n\t\t\t\t\t\t\t\t\t<p><b> <\/b><\/p>\n<p><b>Beyond the Matter<\/b><\/p>\n<p>Es ist ein Projekt, das mehrere Disziplinen miteinander verbindet und drei k\u00fcnstlerische Sprachen in einer vereint, um eine k\u00fcnstlerische Erfahrung zu schaffen, die der Syn\u00e4sthesie nahe kommt. Drei gro\u00dfformatige Bilder, sein erstes Musikalbum &#8222;To be Space&#8220; und eine Lichtinstallation h\u00fcllen das Publikum in eine Umgebung ein, in der die Empfindungen im Vordergrund stehen. <\/p>\n<p>F\u00fcr einen Moment verwandelt Milanova den Raum in eine gro\u00dfe platonische H\u00f6hle, einen Ort, an dem Licht, Farbe und Musik zusammenkommen, um die Repr\u00e4sentation zu transzendieren und uns als Zuschauer auf eine sublime sensorische Ebene zu heben.<\/p>\n<p><b>Mercedes Estarellas 09. 2013<\/b><\/p>\n<p><b style=\"letter-spacing: 0px; word-spacing: 0em;\">Galerie Gerhardt Braun<\/b><\/p>\n<p><b style=\"letter-spacing: 0px; word-spacing: 0em;\"> <\/b><\/p>\n\t\t\t\t\t\t\t\t<\/div>\n\t\t\t\t<\/div>\n\t\t\t\t<\/div>\n\t\t<div class=\"elementor-element elementor-element-27e8ca13 e-con-full e-flex e-con e-parent\" data-id=\"27e8ca13\" data-element_type=\"container\" data-e-type=\"container\">\n\t\t<div class=\"elementor-element elementor-element-4280f050 e-con-full e-flex e-con e-child\" data-id=\"4280f050\" data-element_type=\"container\" data-e-type=\"container\">\n\t\t\t\t<div class=\"elementor-element elementor-element-2c146f2 elementor-widget elementor-widget-image\" data-id=\"2c146f2\" data-element_type=\"widget\" data-e-type=\"widget\" data-widget_type=\"image.default\">\n\t\t\t\t<div class=\"elementor-widget-container\">\n\t\t\t\t\t\t\t\t\t\t\t\t\t\t\t<img decoding=\"async\" width=\"800\" height=\"571\" src=\"https:\/\/www.hristinamilanova.com\/wp-content\/uploads\/2023\/11\/01-7e4a95a5-1920w-1024x731.jpg\" class=\"attachment-large size-large wp-image-836\" alt=\"\" srcset=\"https:\/\/www.hristinamilanova.com\/wp-content\/uploads\/2023\/11\/01-7e4a95a5-1920w-1024x731.jpg 1024w, https:\/\/www.hristinamilanova.com\/wp-content\/uploads\/2023\/11\/01-7e4a95a5-1920w-300x214.jpg 300w, https:\/\/www.hristinamilanova.com\/wp-content\/uploads\/2023\/11\/01-7e4a95a5-1920w-768x548.jpg 768w, https:\/\/www.hristinamilanova.com\/wp-content\/uploads\/2023\/11\/01-7e4a95a5-1920w.jpg 1084w\" sizes=\"(max-width: 800px) 100vw, 800px\" \/>\t\t\t\t\t\t\t\t\t\t\t\t\t\t\t<\/div>\n\t\t\t\t<\/div>\n\t\t\t\t<\/div>\n\t\t<div class=\"elementor-element elementor-element-50f77f96 e-con-full e-flex e-con e-child\" data-id=\"50f77f96\" data-element_type=\"container\" data-e-type=\"container\">\n\t\t\t\t<div class=\"elementor-element elementor-element-1e4ca2c0 elementor-widget elementor-widget-image\" data-id=\"1e4ca2c0\" data-element_type=\"widget\" data-e-type=\"widget\" data-widget_type=\"image.default\">\n\t\t\t\t<div class=\"elementor-widget-container\">\n\t\t\t\t\t\t\t\t\t\t\t\t\t\t\t<img decoding=\"async\" width=\"800\" height=\"619\" src=\"https:\/\/www.hristinamilanova.com\/wp-content\/uploads\/2023\/11\/DSC0034-1920w.jpg\" class=\"attachment-large size-large wp-image-834\" alt=\"\" srcset=\"https:\/\/www.hristinamilanova.com\/wp-content\/uploads\/2023\/11\/DSC0034-1920w.jpg 1000w, https:\/\/www.hristinamilanova.com\/wp-content\/uploads\/2023\/11\/DSC0034-1920w-300x232.jpg 300w, https:\/\/www.hristinamilanova.com\/wp-content\/uploads\/2023\/11\/DSC0034-1920w-768x594.jpg 768w\" sizes=\"(max-width: 800px) 100vw, 800px\" \/>\t\t\t\t\t\t\t\t\t\t\t\t\t\t\t<\/div>\n\t\t\t\t<\/div>\n\t\t\t\t<\/div>\n\t\t\t\t<\/div>\n\t\t\t\t<\/div>\n\t\t","protected":false},"excerpt":{"rendered":"<p>Beyond the Matter by Hristina Milanova Beyond the Matter Es ist ein Projekt, das mehrere Disziplinen miteinander verbindet und drei k\u00fcnstlerische Sprachen in einer vereint, um eine k\u00fcnstlerische Erfahrung zu schaffen, die der Syn\u00e4sthesie nahe kommt. Drei gro\u00dfformatige Bilder, sein erstes Musikalbum &#8222;To be Space&#8220; und eine Lichtinstallation h\u00fcllen das Publikum in eine Umgebung ein, [&hellip;]<\/p>\n","protected":false},"author":1,"featured_media":0,"parent":0,"menu_order":107,"comment_status":"closed","ping_status":"closed","template":"","meta":{"_seopress_robots_primary_cat":"","_seopress_titles_title":"","_seopress_titles_desc":"","_seopress_robots_index":"","_seopress_analysis_target_kw":"","footnotes":""},"class_list":["post-1139","page","type-page","status-publish","hentry"],"_links":{"self":[{"href":"https:\/\/www.hristinamilanova.com\/de\/wp-json\/wp\/v2\/pages\/1139","targetHints":{"allow":["GET"]}}],"collection":[{"href":"https:\/\/www.hristinamilanova.com\/de\/wp-json\/wp\/v2\/pages"}],"about":[{"href":"https:\/\/www.hristinamilanova.com\/de\/wp-json\/wp\/v2\/types\/page"}],"author":[{"embeddable":true,"href":"https:\/\/www.hristinamilanova.com\/de\/wp-json\/wp\/v2\/users\/1"}],"replies":[{"embeddable":true,"href":"https:\/\/www.hristinamilanova.com\/de\/wp-json\/wp\/v2\/comments?post=1139"}],"version-history":[{"count":0,"href":"https:\/\/www.hristinamilanova.com\/de\/wp-json\/wp\/v2\/pages\/1139\/revisions"}],"wp:attachment":[{"href":"https:\/\/www.hristinamilanova.com\/de\/wp-json\/wp\/v2\/media?parent=1139"}],"curies":[{"name":"wp","href":"https:\/\/api.w.org\/{rel}","templated":true}]}}