{"id":1141,"date":"2023-11-29T21:03:11","date_gmt":"2023-11-29T20:03:11","guid":{"rendered":"http:\/\/www.hristinamilanova.com\/return\/"},"modified":"2024-01-10T22:49:31","modified_gmt":"2024-01-10T21:49:31","slug":"return","status":"publish","type":"page","link":"https:\/\/www.hristinamilanova.com\/de\/return\/","title":{"rendered":"Return"},"content":{"rendered":"\t\t<div data-elementor-type=\"wp-page\" data-elementor-id=\"1141\" class=\"elementor elementor-1141 elementor-474\" data-elementor-post-type=\"page\">\n\t\t\t\t<div class=\"elementor-element elementor-element-638325cd e-flex e-con-boxed e-con e-parent\" data-id=\"638325cd\" data-element_type=\"container\" data-e-type=\"container\" data-settings=\"{&quot;background_background&quot;:&quot;classic&quot;}\">\n\t\t\t\t\t<div class=\"e-con-inner\">\n\t\t\t\t<div class=\"elementor-element elementor-element-74bc6aa3 elementor-widget elementor-widget-text-editor\" data-id=\"74bc6aa3\" data-element_type=\"widget\" data-e-type=\"widget\" data-widget_type=\"text-editor.default\">\n\t\t\t\t<div class=\"elementor-widget-container\">\n\t\t\t\t\t\t\t\t\t<h1>Return<\/h1>\n<h2>by Hristina Milanova<\/h2>\n\t\t\t\t\t\t\t\t<\/div>\n\t\t\t\t<\/div>\n\t\t\t\t\t<\/div>\n\t\t\t\t<\/div>\n\t\t<div class=\"elementor-element elementor-element-5f8782ec e-con-full e-flex e-con e-parent\" data-id=\"5f8782ec\" data-element_type=\"container\" data-e-type=\"container\">\n\t\t\t\t<div class=\"elementor-element elementor-element-14588fd4 elementor-widget elementor-widget-image\" data-id=\"14588fd4\" data-element_type=\"widget\" data-e-type=\"widget\" data-widget_type=\"image.default\">\n\t\t\t\t<div class=\"elementor-widget-container\">\n\t\t\t\t\t\t\t\t\t\t\t\t\t\t\t<img fetchpriority=\"high\" decoding=\"async\" width=\"794\" height=\"567\" src=\"https:\/\/www.hristinamilanova.com\/wp-content\/uploads\/2023\/11\/3-f7d83e11-1920w.jpg\" class=\"attachment-full size-full wp-image-828\" alt=\"\" srcset=\"https:\/\/www.hristinamilanova.com\/wp-content\/uploads\/2023\/11\/3-f7d83e11-1920w.jpg 794w, https:\/\/www.hristinamilanova.com\/wp-content\/uploads\/2023\/11\/3-f7d83e11-1920w-300x214.jpg 300w, https:\/\/www.hristinamilanova.com\/wp-content\/uploads\/2023\/11\/3-f7d83e11-1920w-768x548.jpg 768w\" sizes=\"(max-width: 794px) 100vw, 794px\" \/>\t\t\t\t\t\t\t\t\t\t\t\t\t\t\t<\/div>\n\t\t\t\t<\/div>\n\t\t\t\t<div class=\"elementor-element elementor-element-20391d5d elementor-widget elementor-widget-text-editor\" data-id=\"20391d5d\" data-element_type=\"widget\" data-e-type=\"widget\" data-widget_type=\"text-editor.default\">\n\t\t\t\t<div class=\"elementor-widget-container\">\n\t\t\t\t\t\t\t\t\t<\/p>\n<p><b>Return<\/b><\/p>\n<p>Es handelt sich um ein Projekt, das aus Experimenten entstanden ist. <\/p>\n<p>Sie wollen einen Schritt weiter gehen und entdecken auf neuen Forschungsgebieten Hightech-Materialien.<\/p>\n<p>Die Zusammenarbeit mit mehreren Unternehmen veranlasste mich dazu, manuell manipulierte massive Skulpturen zu schaffen.<\/p>\n<p>Das Gem\u00e4lde hielt mehr als 300 Grad aus und blieb unversehrt, was mich dazu brachte, \u00fcber das Allt\u00e4gliche und die Innovation selbst hinauszugehen. <\/p>\n<p>Die R\u00fcckkehr der Wurzel und alles, was von der W\u00e4rme gen\u00e4hrt wird, bleibt unversehrt gegen\u00fcber der Unterdr\u00fcckung durch das \u00c4u\u00dfere, dem die Individualit\u00e4t eines Wesens Tag f\u00fcr Tag ausgesetzt ist.<\/p>\n<p>Zwischen Gedanken und all meinen Sinnen werden drei Werke geboren. R\u00fcckkehr, Anfang, leere Tropfen. <\/p>\n<p>Unsere geistige Struktur neigt dazu, sich durch das, was wir gelernt haben, zu reproduzieren und verhindert zusammen mit dem Gef\u00fchl, in der Materie gefangen zu sein, eine wahre Entwicklung.<\/p>\n<p>Engagement f\u00fcr Innovation im weitesten Sinne.<\/p>\n<p>Verbinden wir uns mit Hingabe mit der Essenz und \u00f6ffnen wir unsere F\u00e4higkeit, an einer liebevolleren, wahrhaftigeren und bewussteren Welt teilzuhaben.<\/p>\n<p><b>H.Milanova 09.2014<\/b><\/p>\n<p><b> <\/b><\/p>\n\t\t\t\t\t\t\t\t<\/div>\n\t\t\t\t<\/div>\n\t\t\t\t<\/div>\n\t\t<div class=\"elementor-element elementor-element-621a2375 e-con-full e-flex e-con e-parent\" data-id=\"621a2375\" data-element_type=\"container\" data-e-type=\"container\">\n\t\t<div class=\"elementor-element elementor-element-32ecefaa e-con-full e-flex e-con e-child\" data-id=\"32ecefaa\" data-element_type=\"container\" data-e-type=\"container\">\n\t\t\t\t<div class=\"elementor-element elementor-element-11454d6f elementor-widget elementor-widget-image\" data-id=\"11454d6f\" data-element_type=\"widget\" data-e-type=\"widget\" data-widget_type=\"image.default\">\n\t\t\t\t<div class=\"elementor-widget-container\">\n\t\t\t\t\t\t\t\t\t\t\t\t\t\t\t<img decoding=\"async\" width=\"800\" height=\"572\" src=\"https:\/\/www.hristinamilanova.com\/wp-content\/uploads\/2023\/11\/afterrain-1920w-1024x732.jpg\" class=\"attachment-large size-large wp-image-830\" alt=\"\" srcset=\"https:\/\/www.hristinamilanova.com\/wp-content\/uploads\/2023\/11\/afterrain-1920w-1024x732.jpg 1024w, https:\/\/www.hristinamilanova.com\/wp-content\/uploads\/2023\/11\/afterrain-1920w-300x214.jpg 300w, https:\/\/www.hristinamilanova.com\/wp-content\/uploads\/2023\/11\/afterrain-1920w-768x549.jpg 768w, https:\/\/www.hristinamilanova.com\/wp-content\/uploads\/2023\/11\/afterrain-1920w-1536x1098.jpg 1536w, https:\/\/www.hristinamilanova.com\/wp-content\/uploads\/2023\/11\/afterrain-1920w.jpg 1920w\" sizes=\"(max-width: 800px) 100vw, 800px\" \/>\t\t\t\t\t\t\t\t\t\t\t\t\t\t\t<\/div>\n\t\t\t\t<\/div>\n\t\t\t\t<\/div>\n\t\t<div class=\"elementor-element elementor-element-71042b9 e-con-full e-flex e-con e-child\" data-id=\"71042b9\" data-element_type=\"container\" data-e-type=\"container\">\n\t\t\t\t<div class=\"elementor-element elementor-element-56d673cb elementor-widget elementor-widget-image\" data-id=\"56d673cb\" data-element_type=\"widget\" data-e-type=\"widget\" data-widget_type=\"image.default\">\n\t\t\t\t<div class=\"elementor-widget-container\">\n\t\t\t\t\t\t\t\t\t\t\t\t\t\t\t<img decoding=\"async\" width=\"794\" height=\"567\" src=\"https:\/\/www.hristinamilanova.com\/wp-content\/uploads\/2023\/11\/return-1920w.jpg\" class=\"attachment-large size-large wp-image-832\" alt=\"\" srcset=\"https:\/\/www.hristinamilanova.com\/wp-content\/uploads\/2023\/11\/return-1920w.jpg 794w, https:\/\/www.hristinamilanova.com\/wp-content\/uploads\/2023\/11\/return-1920w-300x214.jpg 300w, https:\/\/www.hristinamilanova.com\/wp-content\/uploads\/2023\/11\/return-1920w-768x548.jpg 768w\" sizes=\"(max-width: 794px) 100vw, 794px\" \/>\t\t\t\t\t\t\t\t\t\t\t\t\t\t\t<\/div>\n\t\t\t\t<\/div>\n\t\t\t\t<\/div>\n\t\t\t\t<\/div>\n\t\t\t\t<\/div>\n\t\t","protected":false},"excerpt":{"rendered":"<p>Return by Hristina Milanova Return Es handelt sich um ein Projekt, das aus Experimenten entstanden ist. Sie wollen einen Schritt weiter gehen und entdecken auf neuen Forschungsgebieten Hightech-Materialien. Die Zusammenarbeit mit mehreren Unternehmen veranlasste mich dazu, manuell manipulierte massive Skulpturen zu schaffen. Das Gem\u00e4lde hielt mehr als 300 Grad aus und blieb unversehrt, was mich [&hellip;]<\/p>\n","protected":false},"author":1,"featured_media":0,"parent":0,"menu_order":106,"comment_status":"closed","ping_status":"closed","template":"","meta":{"_seopress_robots_primary_cat":"","_seopress_titles_title":"","_seopress_titles_desc":"","_seopress_robots_index":"","_seopress_analysis_target_kw":"","footnotes":""},"class_list":["post-1141","page","type-page","status-publish","hentry"],"_links":{"self":[{"href":"https:\/\/www.hristinamilanova.com\/de\/wp-json\/wp\/v2\/pages\/1141","targetHints":{"allow":["GET"]}}],"collection":[{"href":"https:\/\/www.hristinamilanova.com\/de\/wp-json\/wp\/v2\/pages"}],"about":[{"href":"https:\/\/www.hristinamilanova.com\/de\/wp-json\/wp\/v2\/types\/page"}],"author":[{"embeddable":true,"href":"https:\/\/www.hristinamilanova.com\/de\/wp-json\/wp\/v2\/users\/1"}],"replies":[{"embeddable":true,"href":"https:\/\/www.hristinamilanova.com\/de\/wp-json\/wp\/v2\/comments?post=1141"}],"version-history":[{"count":0,"href":"https:\/\/www.hristinamilanova.com\/de\/wp-json\/wp\/v2\/pages\/1141\/revisions"}],"wp:attachment":[{"href":"https:\/\/www.hristinamilanova.com\/de\/wp-json\/wp\/v2\/media?parent=1141"}],"curies":[{"name":"wp","href":"https:\/\/api.w.org\/{rel}","templated":true}]}}