{"id":1145,"date":"2023-11-29T20:59:13","date_gmt":"2023-11-29T19:59:13","guid":{"rendered":"http:\/\/www.hristinamilanova.com\/free-fall\/"},"modified":"2024-01-10T22:49:18","modified_gmt":"2024-01-10T21:49:18","slug":"free-fall","status":"publish","type":"page","link":"https:\/\/www.hristinamilanova.com\/de\/free-fall\/","title":{"rendered":"Free Fall"},"content":{"rendered":"\t\t<div data-elementor-type=\"wp-page\" data-elementor-id=\"1145\" class=\"elementor elementor-1145 elementor-465\" data-elementor-post-type=\"page\">\n\t\t\t\t<div class=\"elementor-element elementor-element-50547444 e-flex e-con-boxed e-con e-parent\" data-id=\"50547444\" data-element_type=\"container\" data-e-type=\"container\" data-settings=\"{&quot;background_background&quot;:&quot;classic&quot;}\">\n\t\t\t\t\t<div class=\"e-con-inner\">\n\t\t\t\t<div class=\"elementor-element elementor-element-6333c8c0 elementor-widget elementor-widget-text-editor\" data-id=\"6333c8c0\" data-element_type=\"widget\" data-e-type=\"widget\" data-widget_type=\"text-editor.default\">\n\t\t\t\t<div class=\"elementor-widget-container\">\n\t\t\t\t\t\t\t\t\t<h1>Free Fall<\/h1>\n<h2>by Hristina Milanova<\/h2>\t\t\t\t\t\t\t\t<\/div>\n\t\t\t\t<\/div>\n\t\t\t\t\t<\/div>\n\t\t\t\t<\/div>\n\t\t<div class=\"elementor-element elementor-element-3a4b4f65 e-con-full e-flex e-con e-parent\" data-id=\"3a4b4f65\" data-element_type=\"container\" data-e-type=\"container\">\n\t\t\t\t<div class=\"elementor-element elementor-element-785a386d elementor-widget elementor-widget-image\" data-id=\"785a386d\" data-element_type=\"widget\" data-e-type=\"widget\" data-widget_type=\"image.default\">\n\t\t\t\t<div class=\"elementor-widget-container\">\n\t\t\t\t\t\t\t\t\t\t\t\t\t\t\t<img fetchpriority=\"high\" decoding=\"async\" width=\"1920\" height=\"1396\" src=\"https:\/\/www.hristinamilanova.com\/wp-content\/uploads\/2023\/11\/5-c78c017e-2880w.jpg\" class=\"attachment-full size-full wp-image-822\" alt=\"\" srcset=\"https:\/\/www.hristinamilanova.com\/wp-content\/uploads\/2023\/11\/5-c78c017e-2880w.jpg 1920w, https:\/\/www.hristinamilanova.com\/wp-content\/uploads\/2023\/11\/5-c78c017e-2880w-300x218.jpg 300w, https:\/\/www.hristinamilanova.com\/wp-content\/uploads\/2023\/11\/5-c78c017e-2880w-1024x745.jpg 1024w, https:\/\/www.hristinamilanova.com\/wp-content\/uploads\/2023\/11\/5-c78c017e-2880w-768x558.jpg 768w, https:\/\/www.hristinamilanova.com\/wp-content\/uploads\/2023\/11\/5-c78c017e-2880w-1536x1117.jpg 1536w\" sizes=\"(max-width: 1920px) 100vw, 1920px\" \/>\t\t\t\t\t\t\t\t\t\t\t\t\t\t\t<\/div>\n\t\t\t\t<\/div>\n\t\t\t\t<div class=\"elementor-element elementor-element-1d72e82b elementor-widget elementor-widget-text-editor\" data-id=\"1d72e82b\" data-element_type=\"widget\" data-e-type=\"widget\" data-widget_type=\"text-editor.default\">\n\t\t\t\t<div class=\"elementor-widget-container\">\n\t\t\t\t\t\t\t\t\t<\/p>\n<p><b>Free Fall<\/b><\/p>\n<p>In der Physik wird die Bewegung eines K\u00f6rpers unter der ausschlie\u00dflichen Einwirkung eines Gravitationsfeldes als freier Fall bezeichnet. Der Widerstand ist die Kraft, die ein K\u00f6rper erf\u00e4hrt, wenn er sich durch die Luft bewegt. <\/p>\n<p>Die Natur ist im Laufe der Geschichte in all ihren Aspekten dargestellt worden. Sie wird von allen Kulturen als Quelle der Weisheit betrachtet und dient als Inspirationsquelle f\u00fcr die Darstellung der wichtigsten Ereignisse unserer Existenz wie Geburt, Wachstum und Tod, d. h. des Kreislaufs des Lebens. <\/p>\n<p>Aus diesem Lebenszyklus sch\u00f6pft Hristina Milanova ihre Inspiration und aktualisiert ihre Interpretation der Natur, indem sie Hightech-Materialien, digitale Fototechniken und Malerei kombiniert. Die K\u00fcnstlerin beobachtet die Natur und filtert sie durch ihre Augen, um Werke zu schaffen, die die Konzepte von Geburt, pers\u00f6nlichem Wachstum, Harmonie, Flie\u00dfverhalten und Regeneration vermitteln. <\/p>\n<p>Die direkte Beziehung zwischen Lebenszyklen und Bewegung f\u00fchrt ihn dazu, mit der Idee des freien Falls zu arbeiten, die dem Projekt seinen Titel gibt.<\/p>\n<p>Milanova unterstreicht die Unvermeidbarkeit des Falles aller K\u00f6rper durch die Schwerkraft und erinnert uns daran, dass Albert Einstein bewiesen hat, dass die Schwerkraft eine Illusion ist, ein Effekt der Raum-Zeit-Geometrie. Die Erde verformt die Raumzeit um uns herum, so dass der Raum selbst uns auf den Boden dr\u00fcckt. Der K\u00fcnstler interessiert sich f\u00fcr die Entwicklung dieses Sturzes, bei dem wir immer auf alle m\u00f6glichen Widerst\u00e4nde sto\u00dfen und lernen m\u00fcssen, sie zu \u00fcberwinden, damit der Fall zu einem Fluss wird und der Widerstand, auf den wir sto\u00dfen, minimiert wird. Die Kreisf\u00f6rmigkeit ist eine repr\u00e4sentative Symbolik f\u00fcr den Kreislauf des Lebens.   <\/p>\n<p>Milanova interpretiert dies durch die weichen, abgerundeten Formen der Bilder, die er uns anbietet, und gibt uns die M\u00f6glichkeit, unser eigenes Gleichgewicht in ihnen zu finden, indem er uns erlaubt, die Richtung zu w\u00e4hlen, in der wir sie ausstellen wollen.<\/p>\n<p>Man k\u00f6nnte sagen, dass Hristina Milanova in ihren Werken schwimmt und mit ihren Gedanken die Natur modelliert, die sie fotografiert. Das Ergebnis ist offensichtlich harmonisch, vitalistisch und ausgeglichen wie alles in der Natur. <\/p>\n<p><b>Mercedes Estarellas 09.2015<\/b><\/p><\/p>\n\t\t\t\t\t\t\t\t<\/div>\n\t\t\t\t<\/div>\n\t\t\t\t<\/div>\n\t\t<div class=\"elementor-element elementor-element-1d331c8f e-con-full e-flex e-con e-parent\" data-id=\"1d331c8f\" data-element_type=\"container\" data-e-type=\"container\">\n\t\t<div class=\"elementor-element elementor-element-73baa3bb e-con-full e-flex e-con e-child\" data-id=\"73baa3bb\" data-element_type=\"container\" data-e-type=\"container\">\n\t\t\t\t<div class=\"elementor-element elementor-element-523934a4 elementor-widget elementor-widget-image\" data-id=\"523934a4\" data-element_type=\"widget\" data-e-type=\"widget\" data-widget_type=\"image.default\">\n\t\t\t\t<div class=\"elementor-widget-container\">\n\t\t\t\t\t\t\t\t\t\t\t\t\t\t\t<img decoding=\"async\" width=\"800\" height=\"619\" src=\"https:\/\/www.hristinamilanova.com\/wp-content\/uploads\/2023\/11\/aurora2copy-1920w.jpg\" class=\"attachment-large size-large wp-image-824\" alt=\"\" srcset=\"https:\/\/www.hristinamilanova.com\/wp-content\/uploads\/2023\/11\/aurora2copy-1920w.jpg 1000w, https:\/\/www.hristinamilanova.com\/wp-content\/uploads\/2023\/11\/aurora2copy-1920w-300x232.jpg 300w, https:\/\/www.hristinamilanova.com\/wp-content\/uploads\/2023\/11\/aurora2copy-1920w-768x594.jpg 768w\" sizes=\"(max-width: 800px) 100vw, 800px\" \/>\t\t\t\t\t\t\t\t\t\t\t\t\t\t\t<\/div>\n\t\t\t\t<\/div>\n\t\t\t\t<\/div>\n\t\t<div class=\"elementor-element elementor-element-42e64e63 e-con-full e-flex e-con e-child\" data-id=\"42e64e63\" data-element_type=\"container\" data-e-type=\"container\">\n\t\t\t\t<div class=\"elementor-element elementor-element-72687578 elementor-widget elementor-widget-image\" data-id=\"72687578\" data-element_type=\"widget\" data-e-type=\"widget\" data-widget_type=\"image.default\">\n\t\t\t\t<div class=\"elementor-widget-container\">\n\t\t\t\t\t\t\t\t\t\t\t\t\t\t\t<img decoding=\"async\" width=\"800\" height=\"600\" src=\"https:\/\/www.hristinamilanova.com\/wp-content\/uploads\/2023\/11\/IMG_9154-1920w-1024x768.jpg\" class=\"attachment-large size-large wp-image-826\" alt=\"\" srcset=\"https:\/\/www.hristinamilanova.com\/wp-content\/uploads\/2023\/11\/IMG_9154-1920w-1024x768.jpg 1024w, https:\/\/www.hristinamilanova.com\/wp-content\/uploads\/2023\/11\/IMG_9154-1920w-300x225.jpg 300w, https:\/\/www.hristinamilanova.com\/wp-content\/uploads\/2023\/11\/IMG_9154-1920w-768x576.jpg 768w, https:\/\/www.hristinamilanova.com\/wp-content\/uploads\/2023\/11\/IMG_9154-1920w-1536x1152.jpg 1536w, https:\/\/www.hristinamilanova.com\/wp-content\/uploads\/2023\/11\/IMG_9154-1920w.jpg 1920w\" sizes=\"(max-width: 800px) 100vw, 800px\" \/>\t\t\t\t\t\t\t\t\t\t\t\t\t\t\t<\/div>\n\t\t\t\t<\/div>\n\t\t\t\t<\/div>\n\t\t\t\t<\/div>\n\t\t\t\t<\/div>\n\t\t","protected":false},"excerpt":{"rendered":"<p>Free Fall by Hristina Milanova Free Fall In der Physik wird die Bewegung eines K\u00f6rpers unter der ausschlie\u00dflichen Einwirkung eines Gravitationsfeldes als freier Fall bezeichnet. Der Widerstand ist die Kraft, die ein K\u00f6rper erf\u00e4hrt, wenn er sich durch die Luft bewegt. Die Natur ist im Laufe der Geschichte in all ihren Aspekten dargestellt worden. Sie [&hellip;]<\/p>\n","protected":false},"author":1,"featured_media":0,"parent":0,"menu_order":105,"comment_status":"closed","ping_status":"closed","template":"","meta":{"_seopress_robots_primary_cat":"","_seopress_titles_title":"","_seopress_titles_desc":"","_seopress_robots_index":"","_seopress_analysis_target_kw":"","footnotes":""},"class_list":["post-1145","page","type-page","status-publish","hentry"],"_links":{"self":[{"href":"https:\/\/www.hristinamilanova.com\/de\/wp-json\/wp\/v2\/pages\/1145","targetHints":{"allow":["GET"]}}],"collection":[{"href":"https:\/\/www.hristinamilanova.com\/de\/wp-json\/wp\/v2\/pages"}],"about":[{"href":"https:\/\/www.hristinamilanova.com\/de\/wp-json\/wp\/v2\/types\/page"}],"author":[{"embeddable":true,"href":"https:\/\/www.hristinamilanova.com\/de\/wp-json\/wp\/v2\/users\/1"}],"replies":[{"embeddable":true,"href":"https:\/\/www.hristinamilanova.com\/de\/wp-json\/wp\/v2\/comments?post=1145"}],"version-history":[{"count":0,"href":"https:\/\/www.hristinamilanova.com\/de\/wp-json\/wp\/v2\/pages\/1145\/revisions"}],"wp:attachment":[{"href":"https:\/\/www.hristinamilanova.com\/de\/wp-json\/wp\/v2\/media?parent=1145"}],"curies":[{"name":"wp","href":"https:\/\/api.w.org\/{rel}","templated":true}]}}