{"id":1147,"date":"2023-11-26T22:32:30","date_gmt":"2023-11-26T21:32:30","guid":{"rendered":"http:\/\/www.hristinamilanova.com\/rechtlicher-hinweis\/"},"modified":"2024-01-19T23:51:43","modified_gmt":"2024-01-19T22:51:43","slug":"rechtlicher-hinweis","status":"publish","type":"page","link":"https:\/\/www.hristinamilanova.com\/de\/rechtlicher-hinweis\/","title":{"rendered":"Rechtlicher Hinweis"},"content":{"rendered":"\t\t<div data-elementor-type=\"wp-page\" data-elementor-id=\"1147\" class=\"elementor elementor-1147 elementor-193\" data-elementor-post-type=\"page\">\n\t\t\t\t<div class=\"elementor-element elementor-element-541a0af e-flex e-con-boxed e-con e-parent\" data-id=\"541a0af\" data-element_type=\"container\" data-e-type=\"container\">\n\t\t\t\t\t<div class=\"e-con-inner\">\n\t\t\t\t<div class=\"elementor-element elementor-element-93da0dc elementor-widget elementor-widget-text-editor\" data-id=\"93da0dc\" data-element_type=\"widget\" data-e-type=\"widget\" data-widget_type=\"text-editor.default\">\n\t\t\t\t<div class=\"elementor-widget-container\">\n\t\t\t\t\t\t\t\t\t<h2>Rechtlicher Hinweis<\/h2>\n<h3>1. die Eigent\u00fcmerschaft an der Website<\/h3>\n<p>Gem\u00e4\u00df Artikel 10 des Gesetzes 34\/2002 vom 11. Juli \u00fcber die Dienstleistungen der Informationsgesellschaft und den Handel wird der Nutzer dar\u00fcber informiert, dass die Website Eigentum von HRISTINA VASKOVA MILANOVA, NIF \/ CIF: X3122718P, mit Adresse Calle Busqueret 6 Bloq. 3 &#8211; 3 C, 07011 Palma De Mallorca (Balearen) (WEBSITEBETREIBER), der allein und ausschlie\u00dflich f\u00fcr die Richtigkeit der Informationen auf der Website in Bezug auf Texte, Fotos, Logos, Gutscheine, Produkte, Dienstleistungen und Bilder angezeigt verantwortlich ist. <\/p>\n<h3>2. die Bedingungen f\u00fcr die Nutzung<\/h3>\n<p>Der Zugang zu dieser Website verleiht den Status eines BENUTZERS, der freiwillig auf diese Website zugreift. Der blo\u00dfe Zugang bedeutet nicht, dass irgendeine Art von Gesch\u00e4ftsbeziehung zwischen dem BENUTZER und dem WEBSITEBETREIBER zustande kommt. Die auf der Website bereitgestellten Informationen sollen den Nutzern die Kenntnis der vom WEBSITEBETREIBER angebotenen Aktivit\u00e4ten und Dienstleistungen erleichtern. Der WEBSITEBETREIBER beh\u00e4lt sich das Recht vor, jederzeit so viele \u00c4nderungen, Abwandlungen, L\u00f6schungen oder Streichungen der Inhalte und der Art ihrer Pr\u00e4sentation vorzunehmen, wie er es f\u00fcr die Erbringung der Dienstleistungen f\u00fcr notwendig erachtet. Diese Befugnis gew\u00e4hrt den Nutzern kein Recht auf Schadenersatz, daher wird dem BENUTZER empfohlen, diesen rechtlichen Hinweis so oft zu lesen, wie er auf die Website zugreift.   <\/p>\n<h3>3. Missbr\u00e4uchliche Verwendung<\/h3>\n<p>Der BENUTZER \u00fcbernimmt die Verantwortung f\u00fcr die Nutzung des Portals und verpflichtet sich, die Website ordnungsgem\u00e4\u00df zu nutzen, wahrheitsgem\u00e4\u00dfe und rechtm\u00e4\u00dfige Informationen zu liefern und kein Verhalten zuzulassen, das gegen das Gesetz, die Rechte oder die Interessen Dritter verst\u00f6\u00dft.<\/p>\n<p>Die Inanspruchnahme bestimmter Dienstleistungen oder Anfragen an den WEBSITEBETREIBER setzt das vorherige Ausf\u00fcllen des entsprechenden Datenerfassungsformulars voraus. Zu diesem Zweck haftet der BENUTZER f\u00fcr alle falschen oder ungenauen Informationen, die er angibt oder mitteilt, sowie f\u00fcr alle Sch\u00e4den, die dem WEBSITEBETREIBER und gegebenenfalls dem Webmaster entstehen. <\/p>\n<p>Der WEBSITEBETREIBER beh\u00e4lt sich das Recht vor, den Zugang zur Website denjenigen BENUTZERN zu verweigern oder zu entziehen, die die Bedingungen und Verpflichtungen dieser Website nicht einhalten.<\/p>\n<h3>4. Ausschluss von Gew\u00e4hrleistung und Haftung<\/h3>\n<p>Der WEBSITEBETREIBER ist nicht verantwortlich f\u00fcr den Missbrauch der Inhalte der Website.<\/p>\n<p>Der WEBSITEBETREIBER erkl\u00e4rt jedoch, dass er im Rahmen seiner M\u00f6glichkeiten und des Standes der Technik alle notwendigen Ma\u00dfnahmen ergriffen hat, um das Funktionieren der Website zu gew\u00e4hrleisten und das Vorhandensein und die \u00dcbertragung von Viren und anderen sch\u00e4dlichen Komponenten an die Nutzer zu vermeiden.<\/p>\n<h3>5. Links<\/h3>\n<p>F\u00fcr den Fall, dass die Website Links oder Hyperlinks zu anderen Internetseiten enth\u00e4lt, \u00fcbt der WEBSITEBETREIBER keinerlei Kontrolle \u00fcber diese Seiten und Inhalte aus und \u00fcbernimmt in keinem Fall die Verantwortung f\u00fcr den Inhalt eines Links, der zu einer Website Dritter geh\u00f6rt.<\/p>\n<h3>6. Geistiges und gewerbliches Eigentum<\/h3>\n<p>Das Urheberrecht, das Design und die Erstellung der Website sind Eigentum des WEBSITEBETREIBERS. Der freie Zugang impliziert keine anderen Rechte oder Lizenzen f\u00fcr die Vervielf\u00e4ltigung und\/oder den Vertrieb ohne vorherige ausdr\u00fcckliche Genehmigung des Eigent\u00fcmers, und daher ist gem\u00e4\u00df den Bestimmungen der Artikel 8 und 32.1, zweiter Absatz, des Gesetzes \u00fcber geistiges Eigentum die Vervielf\u00e4ltigung, der Vertrieb und die \u00f6ffentliche Mitteilung des gesamten oder eines Teils des Inhalts dieser Website zu kommerziellen Zwecken, auf jedem Tr\u00e4ger und mit jedem technischen Mittel ohne vorherige Genehmigung ausdr\u00fccklich verboten, und der BENUTZER verpflichtet sich, die Rechte des geistigen und gewerblichen Eigentums zu respektieren. <\/p>\n<p>Die Marken, Logos, Designs, Inhalte, Programme oder \u00e4hnliche Objekte, die Teil dieser Website sind, sind durch gewerbliche und geistige Eigentumsrechte gesch\u00fctzt. Die unerlaubte Vervielf\u00e4ltigung, Verbreitung, Manipulation oder Disassemblierung der Quellcodes, der enthaltenen Algorithmen oder der Datenbank, ob ganz oder teilweise, wird mit schweren zivil- und strafrechtlichen Sanktionen geahndet und unterliegt allen gesetzlich zul\u00e4ssigen Ma\u00dfnahmen. <\/p>\n<h3>7. Politik zum Schutz der Privatsph\u00e4re und des Datenschutzes<\/h3>\n<p>Der WEBSITEBETREIBER ist nicht verantwortlich f\u00fcr die Sammlung von Daten auf dieser Website, noch wird er der Datenverarbeiter sein. Gem\u00e4\u00df den Bestimmungen der Allgemeinen Datenschutzverordnung (DSGVO), Verordnung (EU) 2016\/679, zum Schutz nat\u00fcrlicher Personen bei der Verarbeitung personenbezogener Daten und zum freien Datenverkehr, wird der BENUTZER dar\u00fcber informiert, dass alle Daten, die \u00fcber die verschiedenen Formulare auf der Website gesammelt werden, in eine Datei aufgenommen werden, die unter der Verantwortung des WEBSITEBETREIBERS erstellt und gepflegt wird, um die Zusendung der angeforderten Informationen zu verwalten, und dass gegebenenfalls ein kommerzielles Profil auf der Grundlage der bereitgestellten Informationen erstellt werden kann. Auf der Grundlage dieses Profils werden keine automatisierten Entscheidungen getroffen. Die zur Verf\u00fcgung gestellten personenbezogenen Daten werden so lange aufbewahrt, wie die Gesch\u00e4ftsbeziehung gegebenenfalls aufrechterhalten wird und ihre L\u00f6schung nicht vom Interessenten verlangt wird.   <\/p>\n<p>Zu diesem Zweck wird der WEBSITEBETREIBER \u00fcber das Datenerfassungsformular die Zustimmung der betroffenen Person zur Verarbeitung der Daten und zum Angebot von Produkten und Dienstleistungen einholen, wobei der NUTZER das Recht hat, diese Zustimmung jederzeit zu widerrufen sowie sein Recht auf Zugang, Berichtigung, \u00dcbertragbarkeit und L\u00f6schung seiner Daten auszu\u00fcben und eine Beschwerde bei der Aufsichtsbeh\u00f6rde einzureichen, wenn er der Ansicht ist, dass die Verarbeitung nicht den geltenden Vorschriften entspricht.<\/p>\n<p>Der Inhalt der Website ist f\u00fcr vollj\u00e4hrige Personen bestimmt, der WEBSITEBETREIBER hat nicht die Absicht, Daten von Minderj\u00e4hrigen zu erhalten, und wenn er von der Existenz pers\u00f6nlicher Daten eines Minderj\u00e4hrigen in seiner Datei erf\u00e4hrt, wird er diese Daten unverz\u00fcglich l\u00f6schen.<\/p>\n<h3>8. Cookie-Richtlinie<\/h3>\n<p>Diese Website kann technische Cookies (kleine Informationsdateien, die der Server an den Computer der Person sendet, die die Seite aufruft) verwenden, um bestimmte Funktionen auszuf\u00fchren, die f\u00fcr das ordnungsgem\u00e4\u00dfe Funktionieren und die Darstellung der Website als wesentlich angesehen werden. Die verwendeten Cookies sind in jedem Fall vor\u00fcbergehender Natur und dienen ausschlie\u00dflich dem Zweck, das Surfen effizienter zu gestalten, und verschwinden am Ende der Sitzung des Nutzers. Diese Cookies liefern in keinem Fall personenbezogene Daten und werden auch nicht zum Sammeln solcher Daten verwendet. Auf dieser Website werden keine entbehrlichen Cookies ohne die vorherige Zustimmung des Nutzers installiert.   <\/p>\n<p>Der BENUTZER hat die M\u00f6glichkeit, seinen Browser so zu konfigurieren, dass er vor dem Empfang von Cookies gewarnt wird und deren Installation auf seinem Computer verhindert. Bitte konsultieren Sie die Anweisungen Ihres Browsers f\u00fcr weitere Informationen. <\/p>\n<h3>9. Anwendbares Recht und Gerichtsbarkeit<\/h3>\n<p>Die Beziehung mit dem BENUTZER unterliegt der geltenden spanischen Gesetzgebung, und alle Streitigkeiten werden vor den entsprechenden Gerichten ausgetragen.<\/p>\n\t\t\t\t\t\t\t\t<\/div>\n\t\t\t\t<\/div>\n\t\t\t\t\t<\/div>\n\t\t\t\t<\/div>\n\t\t\t\t<\/div>\n\t\t","protected":false},"excerpt":{"rendered":"<p>Rechtlicher Hinweis 1. die Eigent\u00fcmerschaft an der Website Gem\u00e4\u00df Artikel 10 des Gesetzes 34\/2002 vom 11. Juli \u00fcber die Dienstleistungen der Informationsgesellschaft und den Handel wird der Nutzer dar\u00fcber informiert, dass die Website Eigentum von HRISTINA VASKOVA MILANOVA, NIF \/ CIF: X3122718P, mit Adresse Calle Busqueret 6 Bloq. 3 &#8211; 3 C, 07011 Palma De [&hellip;]<\/p>\n","protected":false},"author":1,"featured_media":0,"parent":0,"menu_order":201,"comment_status":"closed","ping_status":"closed","template":"","meta":{"_seopress_robots_primary_cat":"","_seopress_titles_title":"","_seopress_titles_desc":"","_seopress_robots_index":"","footnotes":""},"class_list":["post-1147","page","type-page","status-publish","hentry"],"_links":{"self":[{"href":"https:\/\/www.hristinamilanova.com\/de\/wp-json\/wp\/v2\/pages\/1147","targetHints":{"allow":["GET"]}}],"collection":[{"href":"https:\/\/www.hristinamilanova.com\/de\/wp-json\/wp\/v2\/pages"}],"about":[{"href":"https:\/\/www.hristinamilanova.com\/de\/wp-json\/wp\/v2\/types\/page"}],"author":[{"embeddable":true,"href":"https:\/\/www.hristinamilanova.com\/de\/wp-json\/wp\/v2\/users\/1"}],"replies":[{"embeddable":true,"href":"https:\/\/www.hristinamilanova.com\/de\/wp-json\/wp\/v2\/comments?post=1147"}],"version-history":[{"count":0,"href":"https:\/\/www.hristinamilanova.com\/de\/wp-json\/wp\/v2\/pages\/1147\/revisions"}],"wp:attachment":[{"href":"https:\/\/www.hristinamilanova.com\/de\/wp-json\/wp\/v2\/media?parent=1147"}],"curies":[{"name":"wp","href":"https:\/\/api.w.org\/{rel}","templated":true}]}}