{"id":1149,"date":"2023-11-26T22:32:52","date_gmt":"2023-11-26T21:32:52","guid":{"rendered":"http:\/\/www.hristinamilanova.com\/cookies-politik\/"},"modified":"2023-12-22T23:17:31","modified_gmt":"2023-12-22T22:17:31","slug":"cookies-politik","status":"publish","type":"page","link":"https:\/\/www.hristinamilanova.com\/de\/cookies-politik\/","title":{"rendered":"Cookies-Politik"},"content":{"rendered":"\t\t<div data-elementor-type=\"wp-page\" data-elementor-id=\"1149\" class=\"elementor elementor-1149 elementor-197\" data-elementor-post-type=\"page\">\n\t\t\t\t<div class=\"elementor-element elementor-element-f757b42 e-flex e-con-boxed e-con e-parent\" data-id=\"f757b42\" data-element_type=\"container\" data-e-type=\"container\">\n\t\t\t\t\t<div class=\"e-con-inner\">\n\t\t\t\t<div class=\"elementor-element elementor-element-b028623 elementor-widget elementor-widget-text-editor\" data-id=\"b028623\" data-element_type=\"widget\" data-e-type=\"widget\" data-widget_type=\"text-editor.default\">\n\t\t\t\t<div class=\"elementor-widget-container\">\n\t\t\t\t\t\t\t\t\t<h2>Cookies-Politik<\/h2>\n<h3>Was ist ein Cookie?<\/h3>\n<p>Cookies sind kleine Textdateien, die zum Speichern von Informationen verwendet werden.<br \/>\nCookies werden auf Ihrem Ger\u00e4t gespeichert, wenn Sie \u00fcber Ihren Browser auf eine Website zugreifen.<br \/>\nDiese Cookies helfen uns, die Website funktionsf\u00e4hig zu machen, sie sicherer zu machen, die Benutzerfreundlichkeit zu verbessern und zu verstehen, wie sich die Website verh\u00e4lt und wo Verbesserungen oder Fehlerbehebungen erforderlich sind.  <\/p>\n<p>Wir verwenden eigene Cookies und Cookies von Drittanbietern, um den technischen Betrieb der Website zu verbessern, Ihr Surfverhalten zu statistischen Zwecken zu analysieren, Ihre Erfahrungen zu personalisieren oder Ihnen Werbung anzuzeigen, die Ihren Pr\u00e4ferenzen entspricht.<\/p>\n<h3>Warum sollte ich Cookies zulassen?<\/h3>\n<p>Wenn Sie Cookies zulassen, k\u00f6nnen Sie unsere Website besser nutzen.<\/p>\n<p>Dar\u00fcber hinaus gibt es einige grundlegende Aktionen, f\u00fcr die Cookies erforderlich sind, wie der Kauf eines Telefonanschlusses oder Transaktionen im Kundenbereich.<\/p>\n<p>Wir verwenden Cookies zum Beispiel in den folgenden F\u00e4llen: &#8211; Wenn Sie sich bei Ihrem Konto anmelden &#8211; eine Historie Ihrer Pr\u00e4ferenzen f\u00fcr Ihren n\u00e4chsten Besuch &#8211; die Bereitstellung personalisierter Inhalte.<\/p>\n<h3>Arten und Zweck<\/h3>\n<h4>Eigene Cookies<\/h4>\n<p>Solche, die von der f\u00fcr die Website verantwortlichen Person erstellt oder verwaltet werden.<\/p>\n<p><b>Technische Zwecke:<\/b>  Diese erm\u00f6glichen es dem Nutzer, auf einer Website, einer Plattform oder einer Anwendung zu surfen und die verschiedenen Optionen oder Dienste zu nutzen, die dort vorhanden sind, wie z. B. die Steuerung des Datenverkehrs und der Datenkommunikation oder die Speicherung von Inhalten f\u00fcr die \u00dcbertragung von Videos oder Ton.<\/p>\n<p><b>Analysezwecke:<\/b> Sie dienen der Beobachtung und Analyse des Verhaltens der Nutzer der Website, der Erstellung von Browsing-Profilen, um auf der Grundlage der Analyse der Daten \u00fcber die Nutzung der Website Verbesserungen vornehmen zu k\u00f6nnen.<br \/>\nNeben anderen Daten werden eine Benutzerkennung pro Sitzung und das Datum der ersten Verbindung mit der Website sowie die vorherige Gelegenheit, bei der der Benutzer auf die Website zugegriffen hat, gespeichert. <\/p>\n<p><b>Zweck der Personalisierung:<\/b> Diese Cookies speichern Informationen \u00fcber das Nutzerverhalten, die durch die Aufzeichnung der Surfgewohnheiten gewonnen werden und die es erm\u00f6glichen, ein spezifisches Profil zu erstellen, um kommerzielle Informationen anzubieten, die dem Geschmack und den Vorlieben der Nutzer entsprechen.<br \/>\nSie speichern Informationen wie die Art der Verbindung, die Sprache, das Surfverhalten oder den Standort. <\/p>\n<h4>Cookies von Dritten<\/h4>\n<p>Diese Cookies werden von Werbe- und\/oder Analysedienstleistern au\u00dferhalb des Website-Managers gesetzt und verwaltet.<\/p>\n<p>Diese Cookies erm\u00f6glichen die effiziente Verwaltung von Werbe- und Informationskampagnen, die an die Pr\u00e4ferenzen des Nutzers angepasst sind.<br \/>\nSie k\u00f6nnen Informationen \u00fcber das Verhalten der Nutzer von qdqmedia.com speichern, um ein spezifisches Profil zu erstellen und Werbung auf der Grundlage ihrer Interessen anzuzeigen. <\/p>\n<p>Am Ende dieser Seite f\u00fchren wir sowohl die Dritten auf, die Cookies auf Ihrem Computer setzen und darauf zugreifen k\u00f6nnen (nicht ausgenommen von der Informations- und Einwilligungspflicht), als auch die Links zu den Datenschutzbestimmungen dieser Anbieter.<\/p>\n<h3>Cookies deaktivieren<\/h3>\n<h4>Was passiert, wenn ich Cookies blockiere?<\/h4>\n<p>Wenn Sie sich daf\u00fcr entscheiden, Cookies zu blockieren, kann dies dazu f\u00fchren, dass einige Funktionen der qdqmedia.com Website nicht richtig funktionieren.<br \/>\nDies wird Ihre M\u00f6glichkeiten auf unserer Website einschr\u00e4nken. <\/p>\n<p>Wenn Sie diese Einschr\u00e4nkungen akzeptieren und sich entscheiden, Cookies zu blockieren, folgen Sie bitte den Anweisungen f\u00fcr Ihren Browser im folgenden Abschnitt.<\/p>\n<h4>Wie kann ich Cookies blockieren oder zulassen?<\/h4>\n<p>Die meisten Browser sind standardm\u00e4\u00dfig so eingestellt, dass sie Cookies akzeptieren, aber Sie k\u00f6nnen Ihre Einstellungen so \u00e4ndern, dass einige oder alle Cookies blockiert werden, wenn Sie dies w\u00fcnschen.<br \/>\nWenn Ihnen die Auswirkungen auf Ihr Online-Erlebnis nicht gefallen, k\u00f6nnen Sie die Einstellungen genauso leicht wieder \u00e4ndern. <\/p>\n<div class=\"browser-cookies\">\n<h5>MICROSOFT INTERNET EXPLORER<\/h5>\n<p>Microsoft Internet Explorer 6\/7\/8 (Windows XP\/Vista)<\/p>\n<ol>\n<li>W\u00e4hlen Sie im Men\u00fc Extras und dann Internetoptionen.<\/li>\n<li>Klicken Sie auf die Registerkarte Datenschutz.<\/li>\n<li>W\u00e4hlen Sie die gew\u00fcnschten Einstellungen.<\/li>\n<li>Klicken Sie auf OK.<\/li>\n<\/ol>\n<p>Microsoft Internet Explorer 11<\/p>\n<ol>\n<li>Klicken Sie auf das Symbol Einstellungen (oben rechts)<\/li>\n<li>Klicken Sie auf Internetoptionen.<\/li>\n<li>Klicken Sie auf Datenschutz und w\u00e4hlen Sie Ihre Optionen aus.<\/li>\n<li>Klicken Sie auf \u00dcbernehmen und dann auf OK.<\/li>\n<\/ol>\n<h5>MOZILLA FIREFOX<\/h5>\n<ol>\n<li>Klicken Sie auf die Schaltfl\u00e4che Men\u00fc und w\u00e4hlen Sie Voreinstellungen.<\/li>\n<li>W\u00e4hlen Sie den Bereich Datenschutz und Sicherheit.<\/li>\n<li>Die Cookie-Einstellungen finden Sie in den Abschnitten Erweiterter Tracking-Schutz und Cookies und Website-Daten.<\/li>\n<\/ol>\n<h5>GOOGLE CHROME<\/h5>\n<p>Computer<\/p>\n<ol>\n<li style=\"list-style-type: none;\">\n<ol>\n<li>\u00d6ffnen Sie Chrome auf Ihrem Computer.<\/li>\n<li>Klicken Sie oben rechts auf Mehr und dann auf Einstellungen.<\/li>\n<li>Klicken Sie im unteren Bereich auf Erweiterte Einstellungen.<\/li>\n<li>Klicken Sie unter &#8222;Datenschutz und Sicherheit&#8220; auf Website-Einstellungen und dann auf Cookies.<\/li>\n<li>W\u00e4hlen Sie die gew\u00fcnschten Einstellungen.<\/li>\n<\/ol>\n<\/li>\n<\/ol>\n<p>Android<\/p>\n<ol>\n<li style=\"list-style-type: none;\">\n<ol>\n<li>\u00d6ffnen Sie auf Ihrem Android-Smartphone oder -Tablet die Chrome-App.<\/li>\n<li>Tippen Sie rechts neben der Adressleiste auf Mehr Mehr und dann auf Einstellungen.<\/li>\n<li>Tippen Sie auf Website-Einstellungen und dann auf Cookies.<\/li>\n<li>W\u00e4hlen Sie die gew\u00fcnschten Einstellungen.<\/li>\n<\/ol>\n<\/li>\n<\/ol>\n<p>iOS<\/p>\n<ol>\n<li>\u00d6ffnen Sie auf Ihrem iPhone oder iPad die Chrome-App.<\/li>\n<li>Tippen Sie unten rechts auf Mehr Mehr und dann auf Einstellungen Einstellungen.<\/li>\n<li>Toca Datenschutz<\/li>\n<li>W\u00e4hlen Sie die gew\u00fcnschten Einstellungen.<\/li>\n<\/ol>\n<h5>SAFARI<\/h5>\n<ol>\n<li>W\u00e4hlen Sie in der Safari-App auf Ihrem Mac die Option Safari.<\/li>\n<li>Klicken Sie auf Pr\u00e4ferenzen.<\/li>\n<li>Klicken Sie auf Datenschutz.<\/li>\n<li>W\u00e4hlen Sie die gew\u00fcnschten Einstellungen.<\/li>\n<\/ol>\n<p>In Safari IOS gehen Sie zu Einstellungen &gt; Safari und w\u00e4hlen Sie die gew\u00fcnschten Einstellungen.<\/p>\n<h5>OPERA<\/h5>\n<ol>\n<li>Klicken Sie auf die Schaltfl\u00e4che des Browser-Men\u00fcs.<\/li>\n<li>Gehen Sie zum unteren Ende des Men\u00fcs und klicken Sie auf Zu den Browsereinstellungen gehen.<\/li>\n<li>Bl\u00e4ttern Sie nach unten zum Abschnitt Datenschutz und Sicherheit.<\/li>\n<li>W\u00e4hlen Sie die gew\u00fcnschten Einstellungen.<\/li>\n<\/ol>\n<h5>ANDROID<\/h5>\n<ol>\n<li>Klicken Sie auf die Schaltfl\u00e4che des Browsermen\u00fcs (Hamburger).<\/li>\n<li>Klicken Sie auf die Schaltfl\u00e4che Konfiguration.<\/li>\n<li>Gehen Sie zu Datenschutz und Sicherheit.<\/li>\n<li>W\u00e4hlen Sie die gew\u00fcnschten Einstellungen.<\/li>\n<\/ol>\n<h5>WINDOWS-TELEFON<\/h5>\n<ol>\n<li>\u00d6ffnen Sie Internet Explorer, dann Mehr, dann Einstellungen.<\/li>\n<li>Sie k\u00f6nnen nun das Kontrollk\u00e4stchen Cookies zulassen aktivieren oder deaktivieren.<\/li>\n<\/ol>\n<\/div>\n\t\t\t\t\t\t\t\t<\/div>\n\t\t\t\t<\/div>\n\t\t\t\t\t<\/div>\n\t\t\t\t<\/div>\n\t\t\t\t<\/div>\n\t\t","protected":false},"excerpt":{"rendered":"<p>Cookies-Politik Was ist ein Cookie? Cookies sind kleine Textdateien, die zum Speichern von Informationen verwendet werden. Cookies werden auf Ihrem Ger\u00e4t gespeichert, wenn Sie \u00fcber Ihren Browser auf eine Website zugreifen. Diese Cookies helfen uns, die Website funktionsf\u00e4hig zu machen, sie sicherer zu machen, die Benutzerfreundlichkeit zu verbessern und zu verstehen, wie sich die Website [&hellip;]<\/p>\n","protected":false},"author":1,"featured_media":0,"parent":0,"menu_order":202,"comment_status":"closed","ping_status":"closed","template":"","meta":{"_seopress_robots_primary_cat":"","_seopress_titles_title":"","_seopress_titles_desc":"","_seopress_robots_index":"","_seopress_analysis_target_kw":"","footnotes":""},"class_list":["post-1149","page","type-page","status-publish","hentry"],"_links":{"self":[{"href":"https:\/\/www.hristinamilanova.com\/de\/wp-json\/wp\/v2\/pages\/1149","targetHints":{"allow":["GET"]}}],"collection":[{"href":"https:\/\/www.hristinamilanova.com\/de\/wp-json\/wp\/v2\/pages"}],"about":[{"href":"https:\/\/www.hristinamilanova.com\/de\/wp-json\/wp\/v2\/types\/page"}],"author":[{"embeddable":true,"href":"https:\/\/www.hristinamilanova.com\/de\/wp-json\/wp\/v2\/users\/1"}],"replies":[{"embeddable":true,"href":"https:\/\/www.hristinamilanova.com\/de\/wp-json\/wp\/v2\/comments?post=1149"}],"version-history":[{"count":0,"href":"https:\/\/www.hristinamilanova.com\/de\/wp-json\/wp\/v2\/pages\/1149\/revisions"}],"wp:attachment":[{"href":"https:\/\/www.hristinamilanova.com\/de\/wp-json\/wp\/v2\/media?parent=1149"}],"curies":[{"name":"wp","href":"https:\/\/api.w.org\/{rel}","templated":true}]}}