{"id":1151,"date":"2023-11-26T22:32:43","date_gmt":"2023-11-26T21:32:43","guid":{"rendered":"http:\/\/www.hristinamilanova.com\/datenschutzbestimmungen\/"},"modified":"2024-01-19T23:52:52","modified_gmt":"2024-01-19T22:52:52","slug":"datenschutzbestimmungen","status":"publish","type":"page","link":"https:\/\/www.hristinamilanova.com\/de\/datenschutzbestimmungen\/","title":{"rendered":"Datenschutzbestimmungen"},"content":{"rendered":"\t\t<div data-elementor-type=\"wp-page\" data-elementor-id=\"1151\" class=\"elementor elementor-1151 elementor-195\" data-elementor-post-type=\"page\">\n\t\t\t\t<div class=\"elementor-element elementor-element-3d919b4 e-flex e-con-boxed e-con e-parent\" data-id=\"3d919b4\" data-element_type=\"container\" data-e-type=\"container\">\n\t\t\t\t\t<div class=\"e-con-inner\">\n\t\t\t\t<div class=\"elementor-element elementor-element-d17bd70 elementor-widget elementor-widget-text-editor\" data-id=\"d17bd70\" data-element_type=\"widget\" data-e-type=\"widget\" data-widget_type=\"text-editor.default\">\n\t\t\t\t<div class=\"elementor-widget-container\">\n\t\t\t\t\t\t\t\t\t<h2>Datenschutzbestimmungen<\/h2>\n<p>Zur Einhaltung der Verordnung (EU) 2016\/679 des Europ\u00e4ischen Parlaments vom 27. April (GDPR) und des Organgesetzes 3\/2018 \u00fcber den Schutz personenbezogener Daten und die Gew\u00e4hrleistung digitaler Rechte vom 5. Dezember (LOPDGDD) werden die folgenden Informationen dargelegt.<\/p>\n<h3>Verantwortlicher f\u00fcr die Datenverarbeitung<\/h3>\n<p>Name des Unternehmens: HRISTINA VASKOVA MILANOVA NIF\/CIF: X3122718P Anschrift: Calle Busqueret 6 Bloq.<br \/>\n3 &#8211; 3 C, 07011 Palma De Mallorca (Balearen) E-Mail: hristinamilanova@gmail.com <\/p>\n<h3>Zweck<\/h3>\n<p>Die von den Interessenten \u00fcber die verschiedenen Formulare auf der Website zur Verf\u00fcgung gestellten Informationen werden verarbeitet, um die Zusendung der angeforderten Informationen zu verwalten, und auf der Grundlage der bereitgestellten Informationen kann gegebenenfalls ein Gesch\u00e4ftsprofil erstellt werden.<br \/>\nAuf der Grundlage dieses Profils werden keine automatisierten Entscheidungen getroffen.<br \/>\nDie \u00fcbermittelten personenbezogenen Daten werden so lange aufbewahrt, wie die Gesch\u00e4ftsbeziehung aufrechterhalten wird und der Interessent nicht ihre L\u00f6schung verlangt.  <\/p>\n<h3>Legitimation<\/h3>\n<p>F\u00fcr die Verarbeitung der Daten und das Angebot von Produkten und Dienstleistungen wird die Zustimmung der betroffenen Person eingeholt.<\/p>\n<h3>Adressaten<\/h3>\n<p>Personenbezogene Daten werden nicht an Dritte weitergegeben, au\u00dfer gegebenenfalls an andere Unternehmen der Gruppe f\u00fcr interne Verwaltungszwecke.<\/p>\n<h3>Rechte<\/h3>\n<p>Die betroffenen Personen haben das Recht auf Zugang zu ihren personenbezogenen Daten sowie auf die Berichtigung unrichtiger Daten oder gegebenenfalls auf deren L\u00f6schung, wenn die Daten f\u00fcr die Zwecke, f\u00fcr die sie erhoben wurden, nicht mehr erforderlich sind.<br \/>\nBetroffene Personen k\u00f6nnen unter bestimmten Umst\u00e4nden auch die Verarbeitung ihrer Daten einschr\u00e4nken oder ablehnen sowie die Daten\u00fcbertragbarkeit beantragen.<br \/>\nSie haben auch das Recht, ihre Einwilligung zu widerrufen und eine Beschwerde bei der Aufsichtsbeh\u00f6rde einzureichen.<br \/>\nUm Ihre Rechte auszu\u00fcben, sollten Sie sich unter Vorlage einer Kopie des Ausweises der betroffenen Person an den f\u00fcr die Verarbeitung Verantwortlichen unter der im ersten Feld angegebenen Adresse wenden.   <\/p>\n<hr>\n<h3>1 Wer ist f\u00fcr die Verarbeitung Ihrer personenbezogenen Daten verantwortlich?<\/h3>\n<p>HRISTINA VASKOVA MILANOVA, NIF\/ CIF: X3122718P, Adresse: Calle Busqueret 6 Bloq.<br \/>\n3 &#8211; 3 C, 07011 Palma De Mallorca (Balearen) und E-Mail hristinamilanova@gmail.com ist VERANTWORTLICH f\u00fcr die Verarbeitung der personenbezogenen Daten des BENUTZERS und informiert Sie, dass diese Daten in \u00dcbereinstimmung mit den Bestimmungen der Verordnung (EU) 2016\/679, vom 27. April (GDPR), und Organic Law 3\/2018, vom 5. Dezember (LOPDGDD) verarbeitet werden. <\/p>\n<h3>2. zu welchen Zwecken werden die Daten verarbeitet und auf welcher Grundlage ist die Verarbeitung legitimiert?<\/h3>\n<p>Die von den Interessenten zur Verf\u00fcgung gestellten Informationen werden verarbeitet, um die Zusendung der angeforderten Informationen zu verwalten, und es kann gegebenenfalls ein Gesch\u00e4ftsprofil auf der Grundlage der bereitgestellten Informationen erstellt werden.<br \/>\nBearbeitung von Bestellungen, Anfragen, Beantwortung von Anfragen oder jeder Art von Anfragen, die vom BENUTZER \u00fcber eines der Kontaktformulare, die auf der VERANTWORTLICHEN Website zur Verf\u00fcgung gestellt werden, gestellt werden. <\/p>\n<h3>3) Wie lange werden die Daten gespeichert?<\/h3>\n<p>Die \u00fcbermittelten personenbezogenen Daten werden so lange aufbewahrt, wie die Gesch\u00e4ftsbeziehung aufrechterhalten wird und die betroffene Person nicht um ihre L\u00f6schung ersucht.<br \/>\nWenn sie nicht mehr erforderlich sind, werden sie mit angemessenen Sicherheitsma\u00dfnahmen gel\u00f6scht. <\/p>\n<h3>4) Welche Rechte gibt es und wie kann man sie aus\u00fcben?<\/h3>\n<p>Die betroffenen Personen haben das Recht auf Auskunft \u00fcber ihre personenbezogenen Daten sowie auf Berichtigung unrichtiger Daten oder gegebenenfalls auf deren L\u00f6schung, wenn die Daten f\u00fcr die Zwecke, f\u00fcr die sie erhoben wurden, nicht mehr erforderlich sind.<br \/>\nDie betroffenen Personen k\u00f6nnen unter bestimmten Umst\u00e4nden auch Widerspruch gegen die Verarbeitung ihrer Daten einlegen.<br \/>\nSie haben auch das Recht, die erteilte Einwilligung zu widerrufen und sich bei der Aufsichtsbeh\u00f6rde zu beschweren.  <\/p>\n<p>Um Ihre Rechte auszu\u00fcben, sollten Sie sich an den Verantwortlichen unter der Adresse Calle Busqueret 6 Bloq.<br \/>\n3 &#8211; 3 C, 07011 Palma De Mallorca (Balearische Inseln). <\/p>\n<p>Die geltenden Datenschutzbestimmungen sch\u00fctzen Sie durch eine Reihe von Rechten in Bezug auf die Verwendung Ihrer Daten durch uns.<br \/>\nJedes einzelne Ihrer Rechte ist unpers\u00f6nlich und nicht \u00fcbertragbar, d.h. es kann nur vom Inhaber der Daten ausge\u00fcbt werden, vorbehaltlich der \u00dcberpr\u00fcfung seiner Identit\u00e4t. <\/p>\n<p>Die folgenden Rechte stehen Ihnen zu:<\/p>\n<p>* Beantragen Sie ZUGANG zu Ihren pers\u00f6nlichen Daten.<br \/>* Beantragen Sie die RECTIFIZIERUNG Ihrer Daten.<br \/>* Beantragen Sie die L\u00d6SCHUNG oder L\u00f6schung Ihrer Daten (Recht auf &#8222;Vergessenwerden&#8220;).<br \/>* LIMIT oder OPT OUT der Verwendung Ihrer Daten durch uns.<br \/>* Recht auf PORTABILIT\u00c4T Ihrer Daten f\u00fcr Telekommunikations- oder Internetdienste.<br \/>* Recht auf jederzeitigen WIDERRUF Ihrer Zustimmung.<br \/>* Sie haben das Recht, \u00fcber www.aepd.es eine Beschwerde bei der spanischen Datenschutzbeh\u00f6rde einzureichen.<\/p>\n<p>Um Ihre Rechte auf Auskunft, Berichtigung, L\u00f6schung, Einschr\u00e4nkung oder Widerspruch, \u00dcbertragbarkeit und Widerruf Ihrer Einwilligung auszu\u00fcben, sollten Sie sich an den Verantwortlichen unter der Adresse Calle Busqueret 6 Bloq.<br \/>\n3 &#8211; 3 C, 07011 Palma De Mallorca (Balearische Inseln). <\/p>\n<h3>5. an wen geben wir Ihre pers\u00f6nlichen Daten weiter?<br \/>\nEmpf\u00e4nger <\/h3>\n<p>Personenbezogene Daten werden nicht an Dritte weitergegeben, es sei denn, sie werden zu internen Verwaltungszwecken an andere Unternehmen der Gruppe weitergegeben oder es besteht eine gesetzliche Verpflichtung zur Weitergabe.<\/p>\n<h3>6. werden automatisierte Entscheidungen getroffen?<\/h3>\n<p>Es werden keine automatisierten Entscheidungen auf der Grundlage des Gesch\u00e4ftsprofils getroffen.<\/p>\n<h3>7 Werden Daten international \u00fcbertragen?<\/h3>\n<p>Wir \u00fcbermitteln Ihre Daten nicht ins Ausland.<\/p>\n<h3>8. warum d\u00fcrfen wir Ihre personenbezogenen Daten verarbeiten?<\/h3>\n<p>Die Einwilligung der betroffenen Person wird f\u00fcr die Verarbeitung ihrer Daten und das Angebot von Produkten und Dienstleistungen eingeholt.<br \/>\nPersonenbezogene Daten, die \u00fcber die Formulare auf der Website erhoben werden, werden ausschlie\u00dflich auf der Grundlage der von der betroffenen Person durch Ankreuzen des daf\u00fcr vorgesehenen Feldes erteilten Einwilligung verarbeitet.<br \/>\nDiese Zustimmung kann jederzeit zur\u00fcckgezogen werden.<br \/>\nBerechtigtes Interesse des f\u00fcr die Datenverarbeitung Verantwortlichen.<br \/>\nDie auf der Website erhobenen statistischen Informationen werden auf der Grundlage des berechtigten Interesses des f\u00fcr die Verarbeitung Verantwortlichen verarbeitet.<br \/>\nDiese Informationen erlauben es nicht, den Nutzer zu identifizieren.     <\/p>\n<h3>Rechtlicher Hinweis<\/h3>\n<p>Alle Texte, Fotos, Logos, Gutscheine, Produkte, Dienstleistungen und Bilder, die angezeigt werden, sowie gegebenenfalls Sprachnachrichten werden unter der alleinigen und ausschlie\u00dflichen Verantwortung des Inserenten gesammelt, der f\u00fcr die Richtigkeit der auf der Website enthaltenen Informationen verantwortlich ist. Beschwerdeformulare sind f\u00fcr den Verbraucher unter der Adresse von HRISTINA VASKOVA MILANOVA, NIF\/ CIF: X3122718P: Calle Busqueret 6 Bloq. 3 &#8211; 3 C, 07011 Palma De Mallorca (Balearen), und kann jederzeit unter der E-Mail-Adresse hristinamilanova@gmail.com kontaktiert werden. Im Einklang mit den nationalen und EU-Verbraucherschutzvorschriften steht ein Online-Beschwerde- und Streitbeilegungsverfahren gem\u00e4\u00df Artikel 14 der EU-Verordnung 524\/2013 zur Verf\u00fcgung. Diese Plattform wird von der Kommission bereitgestellt und ist unter folgendem Link zu finden: https:\/\/ec.europa.eu\/consumers\/odr\/main\/index.cfm?event=main.home2.show&amp;lng=ES<\/p>\n\t\t\t\t\t\t\t\t<\/div>\n\t\t\t\t<\/div>\n\t\t\t\t\t<\/div>\n\t\t\t\t<\/div>\n\t\t\t\t<\/div>\n\t\t","protected":false},"excerpt":{"rendered":"<p>Datenschutzbestimmungen Zur Einhaltung der Verordnung (EU) 2016\/679 des Europ\u00e4ischen Parlaments vom 27. April (GDPR) und des Organgesetzes 3\/2018 \u00fcber den Schutz personenbezogener Daten und die Gew\u00e4hrleistung digitaler Rechte vom 5. Dezember (LOPDGDD) werden die folgenden Informationen dargelegt. Verantwortlicher f\u00fcr die Datenverarbeitung Name des Unternehmens: HRISTINA VASKOVA MILANOVA NIF\/CIF: X3122718P Anschrift: Calle Busqueret 6 Bloq. 3 [&hellip;]<\/p>\n","protected":false},"author":1,"featured_media":0,"parent":0,"menu_order":203,"comment_status":"closed","ping_status":"closed","template":"","meta":{"_seopress_robots_primary_cat":"","_seopress_titles_title":"","_seopress_titles_desc":"","_seopress_robots_index":"","footnotes":""},"class_list":["post-1151","page","type-page","status-publish","hentry"],"_links":{"self":[{"href":"https:\/\/www.hristinamilanova.com\/de\/wp-json\/wp\/v2\/pages\/1151","targetHints":{"allow":["GET"]}}],"collection":[{"href":"https:\/\/www.hristinamilanova.com\/de\/wp-json\/wp\/v2\/pages"}],"about":[{"href":"https:\/\/www.hristinamilanova.com\/de\/wp-json\/wp\/v2\/types\/page"}],"author":[{"embeddable":true,"href":"https:\/\/www.hristinamilanova.com\/de\/wp-json\/wp\/v2\/users\/1"}],"replies":[{"embeddable":true,"href":"https:\/\/www.hristinamilanova.com\/de\/wp-json\/wp\/v2\/comments?post=1151"}],"version-history":[{"count":0,"href":"https:\/\/www.hristinamilanova.com\/de\/wp-json\/wp\/v2\/pages\/1151\/revisions"}],"wp:attachment":[{"href":"https:\/\/www.hristinamilanova.com\/de\/wp-json\/wp\/v2\/media?parent=1151"}],"curies":[{"name":"wp","href":"https:\/\/api.w.org\/{rel}","templated":true}]}}