{"id":1153,"date":"2023-11-26T13:43:13","date_gmt":"2023-11-26T12:43:13","guid":{"rendered":"http:\/\/www.hristinamilanova.com\/nachrichten\/"},"modified":"2024-09-27T15:24:13","modified_gmt":"2024-09-27T13:24:13","slug":"nachrichten","status":"publish","type":"page","link":"https:\/\/www.hristinamilanova.com\/de\/nachrichten\/","title":{"rendered":"Nachrichten"},"content":{"rendered":"\t\t<div data-elementor-type=\"wp-page\" data-elementor-id=\"1153\" class=\"elementor elementor-1153 elementor-25\" data-elementor-post-type=\"page\">\n\t\t\t\t<div class=\"elementor-element elementor-element-17aab82f e-flex e-con-boxed e-con e-parent\" data-id=\"17aab82f\" data-element_type=\"container\" data-e-type=\"container\" data-settings=\"{&quot;background_background&quot;:&quot;classic&quot;}\">\n\t\t\t\t\t<div class=\"e-con-inner\">\n\t\t\t\t<div class=\"elementor-element elementor-element-54f5c15c elementor-widget elementor-widget-text-editor\" data-id=\"54f5c15c\" data-element_type=\"widget\" data-e-type=\"widget\" data-widget_type=\"text-editor.default\">\n\t\t\t\t<div class=\"elementor-widget-container\">\n\t\t\t\t\t\t\t\t\t<h1>Nachrichten<\/h1>\n\t\t\t\t\t\t\t\t<\/div>\n\t\t\t\t<\/div>\n\t\t\t\t\t<\/div>\n\t\t\t\t<\/div>\n\t\t<div class=\"elementor-element elementor-element-7f60500f e-con-full e-flex e-con e-parent\" data-id=\"7f60500f\" data-element_type=\"container\" data-e-type=\"container\">\n\t\t\t\t<div class=\"elementor-element elementor-element-9330b56 elementor-grid-3 elementor-grid-tablet-2 elementor-grid-mobile-1 elementor-posts--thumbnail-top elementor-widget elementor-widget-posts\" data-id=\"9330b56\" data-element_type=\"widget\" data-e-type=\"widget\" data-settings=\"{&quot;pagination_type&quot;:&quot;prev_next&quot;,&quot;classic_columns&quot;:&quot;3&quot;,&quot;classic_columns_tablet&quot;:&quot;2&quot;,&quot;classic_columns_mobile&quot;:&quot;1&quot;,&quot;classic_row_gap&quot;:{&quot;unit&quot;:&quot;px&quot;,&quot;size&quot;:35,&quot;sizes&quot;:[]},&quot;classic_row_gap_tablet&quot;:{&quot;unit&quot;:&quot;px&quot;,&quot;size&quot;:&quot;&quot;,&quot;sizes&quot;:[]},&quot;classic_row_gap_mobile&quot;:{&quot;unit&quot;:&quot;px&quot;,&quot;size&quot;:&quot;&quot;,&quot;sizes&quot;:[]}}\" data-widget_type=\"posts.classic\">\n\t\t\t\t<div class=\"elementor-widget-container\">\n\t\t\t\t\t\t\t<div class=\"elementor-posts-container elementor-posts elementor-posts--skin-classic elementor-grid\" role=\"list\">\n\t\t\t\t<article class=\"elementor-post elementor-grid-item post-21179 post type-post status-publish format-standard has-post-thumbnail hentry category-arbeitsprozess category-blog-de\" role=\"listitem\">\n\t\t\t\t<a class=\"elementor-post__thumbnail__link\" href=\"https:\/\/www.hristinamilanova.com\/de\/prozess-in-die-realitaet-umsetzen\/\" tabindex=\"-1\" >\n\t\t\t<div class=\"elementor-post__thumbnail\"><img fetchpriority=\"high\" decoding=\"async\" width=\"800\" height=\"535\" src=\"https:\/\/www.hristinamilanova.com\/wp-content\/uploads\/2025\/07\/working_proces.png\" class=\"attachment-large size-large wp-image-21174\" alt=\"\" srcset=\"https:\/\/www.hristinamilanova.com\/wp-content\/uploads\/2025\/07\/working_proces.png 1012w, https:\/\/www.hristinamilanova.com\/wp-content\/uploads\/2025\/07\/working_proces-300x201.png 300w, https:\/\/www.hristinamilanova.com\/wp-content\/uploads\/2025\/07\/working_proces-768x514.png 768w\" sizes=\"(max-width: 800px) 100vw, 800px\" \/><\/div>\n\t\t<\/a>\n\t\t\t\t<div class=\"elementor-post__text\">\n\t\t\t\t<h3 class=\"elementor-post__title\">\n\t\t\t<a href=\"https:\/\/www.hristinamilanova.com\/de\/prozess-in-die-realitaet-umsetzen\/\" >\n\t\t\t\tArbeitsprozess. Ein Funke Licht in der Dunkelheit&#8230; Videoplattform f\u00fcr Future Fair in New York\t\t\t<\/a>\n\t\t<\/h3>\n\t\t\n\t\t<a class=\"elementor-post__read-more\" href=\"https:\/\/www.hristinamilanova.com\/de\/prozess-in-die-realitaet-umsetzen\/\" aria-label=\"Mehr \u00fcber Arbeitsprozess. Ein Funke Licht in der Dunkelheit&#8230; Videoplattform f\u00fcr Future Fair in New York\" tabindex=\"-1\" >\n\t\t\tsiehe mehr \u00bb\t\t<\/a>\n\n\t\t\t\t<\/div>\n\t\t\t\t<\/article>\n\t\t\t\t<article class=\"elementor-post elementor-grid-item post-20900 post type-post status-publish format-standard has-post-thumbnail hentry category-blog-de\" role=\"listitem\">\n\t\t\t\t<a class=\"elementor-post__thumbnail__link\" href=\"https:\/\/www.hristinamilanova.com\/de\/galerie-henoch-555-west-25-th-street-new-ny-10001\/\" tabindex=\"-1\" >\n\t\t\t<div class=\"elementor-post__thumbnail\"><img decoding=\"async\" width=\"800\" height=\"792\" src=\"https:\/\/www.hristinamilanova.com\/wp-content\/uploads\/2025\/06\/f12sm.jpg\" class=\"attachment-large size-large wp-image-20896\" alt=\"\" srcset=\"https:\/\/www.hristinamilanova.com\/wp-content\/uploads\/2025\/06\/f12sm.jpg 808w, https:\/\/www.hristinamilanova.com\/wp-content\/uploads\/2025\/06\/f12sm-300x297.jpg 300w, https:\/\/www.hristinamilanova.com\/wp-content\/uploads\/2025\/06\/f12sm-150x150.jpg 150w, https:\/\/www.hristinamilanova.com\/wp-content\/uploads\/2025\/06\/f12sm-768x760.jpg 768w\" sizes=\"(max-width: 800px) 100vw, 800px\" \/><\/div>\n\t\t<\/a>\n\t\t\t\t<div class=\"elementor-post__text\">\n\t\t\t\t<h3 class=\"elementor-post__title\">\n\t\t\t<a href=\"https:\/\/www.hristinamilanova.com\/de\/galerie-henoch-555-west-25-th-street-new-ny-10001\/\" >\n\t\t\t\tGALERIE HENOCH 555 WEST 25 TH STREET NEW NY 10001\t\t\t<\/a>\n\t\t<\/h3>\n\t\t\n\t\t<a class=\"elementor-post__read-more\" href=\"https:\/\/www.hristinamilanova.com\/de\/galerie-henoch-555-west-25-th-street-new-ny-10001\/\" aria-label=\"Mehr \u00fcber GALERIE HENOCH 555 WEST 25 TH STREET NEW NY 10001\" tabindex=\"-1\" >\n\t\t\tsiehe mehr \u00bb\t\t<\/a>\n\n\t\t\t\t<\/div>\n\t\t\t\t<\/article>\n\t\t\t\t<article class=\"elementor-post elementor-grid-item post-20773 post type-post status-publish format-standard has-post-thumbnail hentry category-blog-de\" role=\"listitem\">\n\t\t\t\t<a class=\"elementor-post__thumbnail__link\" href=\"https:\/\/www.hristinamilanova.com\/de\/future-fair-fuenf-jahre-zukunft-may-7-10-2025-chelsea-industrial-535-w-28th-street\/\" tabindex=\"-1\" >\n\t\t\t<div class=\"elementor-post__thumbnail\"><img decoding=\"async\" width=\"709\" height=\"482\" src=\"https:\/\/www.hristinamilanova.com\/wp-content\/uploads\/2025\/06\/invitacion-usa-1-copy.jpg\" class=\"attachment-large size-large wp-image-20803\" alt=\"\" srcset=\"https:\/\/www.hristinamilanova.com\/wp-content\/uploads\/2025\/06\/invitacion-usa-1-copy.jpg 709w, https:\/\/www.hristinamilanova.com\/wp-content\/uploads\/2025\/06\/invitacion-usa-1-copy-300x204.jpg 300w\" sizes=\"(max-width: 709px) 100vw, 709px\" \/><\/div>\n\t\t<\/a>\n\t\t\t\t<div class=\"elementor-post__text\">\n\t\t\t\t<h3 class=\"elementor-post__title\">\n\t\t\t<a href=\"https:\/\/www.hristinamilanova.com\/de\/future-fair-fuenf-jahre-zukunft-may-7-10-2025-chelsea-industrial-535-w-28th-street\/\" >\n\t\t\t\tFUTURE FAIR, F\u00fcnf Jahre Zukunft, MAY 7-10, 2025 CHELSEA INDUSTRIAL 535 W 28TH &amp; STREET\t\t\t<\/a>\n\t\t<\/h3>\n\t\t\n\t\t<a class=\"elementor-post__read-more\" href=\"https:\/\/www.hristinamilanova.com\/de\/future-fair-fuenf-jahre-zukunft-may-7-10-2025-chelsea-industrial-535-w-28th-street\/\" aria-label=\"Mehr \u00fcber FUTURE FAIR, F\u00fcnf Jahre Zukunft, MAY 7-10, 2025 CHELSEA INDUSTRIAL 535 W 28TH &amp; STREET\" tabindex=\"-1\" >\n\t\t\tsiehe mehr \u00bb\t\t<\/a>\n\n\t\t\t\t<\/div>\n\t\t\t\t<\/article>\n\t\t\t\t<article class=\"elementor-post elementor-grid-item post-14892 post type-post status-publish format-standard has-post-thumbnail hentry category-blog-de\" role=\"listitem\">\n\t\t\t\t<a class=\"elementor-post__thumbnail__link\" href=\"https:\/\/www.hristinamilanova.com\/de\/justmad-06-09-maer-2025\/\" tabindex=\"-1\" >\n\t\t\t<div class=\"elementor-post__thumbnail\"><img loading=\"lazy\" decoding=\"async\" width=\"800\" height=\"985\" src=\"https:\/\/www.hristinamilanova.com\/wp-content\/uploads\/2025\/03\/img_1520-832x1024.jpg\" class=\"attachment-large size-large wp-image-14889\" alt=\"\" srcset=\"https:\/\/www.hristinamilanova.com\/wp-content\/uploads\/2025\/03\/img_1520-832x1024.jpg 832w, https:\/\/www.hristinamilanova.com\/wp-content\/uploads\/2025\/03\/img_1520-244x300.jpg 244w, https:\/\/www.hristinamilanova.com\/wp-content\/uploads\/2025\/03\/img_1520-768x945.jpg 768w, https:\/\/www.hristinamilanova.com\/wp-content\/uploads\/2025\/03\/img_1520-1249x1536.jpg 1249w, https:\/\/www.hristinamilanova.com\/wp-content\/uploads\/2025\/03\/img_1520.jpg 1290w\" sizes=\"(max-width: 800px) 100vw, 800px\" \/><\/div>\n\t\t<\/a>\n\t\t\t\t<div class=\"elementor-post__text\">\n\t\t\t\t<h3 class=\"elementor-post__title\">\n\t\t\t<a href=\"https:\/\/www.hristinamilanova.com\/de\/justmad-06-09-maer-2025\/\" >\n\t\t\t\tKunstmesse JUSTMAD 06\/09 MAR 2025, Palacio Neptuno &#8211; Madrid\t\t\t<\/a>\n\t\t<\/h3>\n\t\t\n\t\t<a class=\"elementor-post__read-more\" href=\"https:\/\/www.hristinamilanova.com\/de\/justmad-06-09-maer-2025\/\" aria-label=\"Mehr \u00fcber Kunstmesse JUSTMAD 06\/09 MAR 2025, Palacio Neptuno &#8211; Madrid\" tabindex=\"-1\" >\n\t\t\tsiehe mehr \u00bb\t\t<\/a>\n\n\t\t\t\t<\/div>\n\t\t\t\t<\/article>\n\t\t\t\t<article class=\"elementor-post elementor-grid-item post-15152 post type-post status-publish format-standard has-post-thumbnail hentry category-blog-de\" role=\"listitem\">\n\t\t\t\t<a class=\"elementor-post__thumbnail__link\" href=\"https:\/\/www.hristinamilanova.com\/de\/installation-art-milanova-fuer-vp-hotels-privatsammlung\/\" tabindex=\"-1\" >\n\t\t\t<div class=\"elementor-post__thumbnail\"><img loading=\"lazy\" decoding=\"async\" width=\"768\" height=\"1024\" src=\"https:\/\/www.hristinamilanova.com\/wp-content\/uploads\/2025\/03\/img_54-768x1024.jpg\" class=\"attachment-large size-large wp-image-15150\" alt=\"\" srcset=\"https:\/\/www.hristinamilanova.com\/wp-content\/uploads\/2025\/03\/img_54-768x1025.jpg 768w, https:\/\/www.hristinamilanova.com\/wp-content\/uploads\/2025\/03\/img_54-225x300.jpg 225w, https:\/\/www.hristinamilanova.com\/wp-content\/uploads\/2025\/03\/img_54.jpg 850w\" sizes=\"(max-width: 768px) 100vw, 768px\" \/><\/div>\n\t\t<\/a>\n\t\t\t\t<div class=\"elementor-post__text\">\n\t\t\t\t<h3 class=\"elementor-post__title\">\n\t\t\t<a href=\"https:\/\/www.hristinamilanova.com\/de\/installation-art-milanova-fuer-vp-hotels-privatsammlung\/\" >\n\t\t\t\tArt Milanova Installation f\u00fcr VP.Hotels, Privatsammlung\t\t\t<\/a>\n\t\t<\/h3>\n\t\t\n\t\t<a class=\"elementor-post__read-more\" href=\"https:\/\/www.hristinamilanova.com\/de\/installation-art-milanova-fuer-vp-hotels-privatsammlung\/\" aria-label=\"Mehr \u00fcber Art Milanova Installation f\u00fcr VP.Hotels, Privatsammlung\" tabindex=\"-1\" >\n\t\t\tsiehe mehr \u00bb\t\t<\/a>\n\n\t\t\t\t<\/div>\n\t\t\t\t<\/article>\n\t\t\t\t<article class=\"elementor-post elementor-grid-item post-9457 post type-post status-publish format-standard has-post-thumbnail hentry category-blog-de\" role=\"listitem\">\n\t\t\t\t<a class=\"elementor-post__thumbnail__link\" href=\"https:\/\/www.hristinamilanova.com\/de\/von-angesicht-zu-angesicht-12-09-gruppe-shou-madrid\/\" tabindex=\"-1\" >\n\t\t\t<div class=\"elementor-post__thumbnail\"><img loading=\"lazy\" decoding=\"async\" width=\"567\" height=\"397\" src=\"https:\/\/www.hristinamilanova.com\/wp-content\/uploads\/2024\/09\/exibition-.jpg\" class=\"attachment-large size-large wp-image-9847\" alt=\"\" srcset=\"https:\/\/www.hristinamilanova.com\/wp-content\/uploads\/2024\/09\/exibition-.jpg 567w, https:\/\/www.hristinamilanova.com\/wp-content\/uploads\/2024\/09\/exibition--300x210.jpg 300w\" sizes=\"(max-width: 567px) 100vw, 567px\" \/><\/div>\n\t\t<\/a>\n\t\t\t\t<div class=\"elementor-post__text\">\n\t\t\t\t<h3 class=\"elementor-post__title\">\n\t\t\t<a href=\"https:\/\/www.hristinamilanova.com\/de\/von-angesicht-zu-angesicht-12-09-gruppe-shou-madrid\/\" >\n\t\t\t\tVon Angesicht zu Angesicht ,12.09. GROUP SHOW &#8211; Madrid\t\t\t<\/a>\n\t\t<\/h3>\n\t\t\n\t\t<a class=\"elementor-post__read-more\" href=\"https:\/\/www.hristinamilanova.com\/de\/von-angesicht-zu-angesicht-12-09-gruppe-shou-madrid\/\" aria-label=\"Mehr \u00fcber Von Angesicht zu Angesicht ,12.09. GROUP SHOW &#8211; Madrid\" tabindex=\"-1\" >\n\t\t\tsiehe mehr \u00bb\t\t<\/a>\n\n\t\t\t\t<\/div>\n\t\t\t\t<\/article>\n\t\t\t\t<article class=\"elementor-post elementor-grid-item post-9323 post type-post status-publish format-standard has-post-thumbnail hentry category-blog-de\" role=\"listitem\">\n\t\t\t\t<a class=\"elementor-post__thumbnail__link\" href=\"https:\/\/www.hristinamilanova.com\/de\/samsara-13-06-2024-spanisches-dorf\/\" tabindex=\"-1\" >\n\t\t\t<div class=\"elementor-post__thumbnail\"><img loading=\"lazy\" decoding=\"async\" width=\"800\" height=\"568\" src=\"https:\/\/www.hristinamilanova.com\/wp-content\/uploads\/2024\/06\/desert-painthing-1-1024x727.jpg\" class=\"attachment-large size-large wp-image-9450\" alt=\"\" srcset=\"https:\/\/www.hristinamilanova.com\/wp-content\/uploads\/2024\/06\/desert-painthing-1-1024x727.jpg 1024w, https:\/\/www.hristinamilanova.com\/wp-content\/uploads\/2024\/06\/desert-painthing-1-300x213.jpg 300w, https:\/\/www.hristinamilanova.com\/wp-content\/uploads\/2024\/06\/desert-painthing-1-768x545.jpg 768w, https:\/\/www.hristinamilanova.com\/wp-content\/uploads\/2024\/06\/desert-painthing-1.jpg 1417w\" sizes=\"(max-width: 800px) 100vw, 800px\" \/><\/div>\n\t\t<\/a>\n\t\t\t\t<div class=\"elementor-post__text\">\n\t\t\t\t<h3 class=\"elementor-post__title\">\n\t\t\t<a href=\"https:\/\/www.hristinamilanova.com\/de\/samsara-13-06-2024-spanisches-dorf\/\" >\n\t\t\t\tSAMSARA Ausstellung 13.06.2024 Pueblo Espa\u00f1ol wurde zwischen 1965 und 1968 unter der Leitung von Fernando Chueca Goitia gebaut, einem renommierten spanischen Architekten des 20. Jahrhunderts, der f\u00fcr bemerkenswerte Projekte wie die Almudena-Kathedrale in Madrid und die Erweiterung des Prado-Museums bekannt ist.\t\t\t<\/a>\n\t\t<\/h3>\n\t\t\n\t\t<a class=\"elementor-post__read-more\" href=\"https:\/\/www.hristinamilanova.com\/de\/samsara-13-06-2024-spanisches-dorf\/\" aria-label=\"Mehr \u00fcber SAMSARA Ausstellung 13.06.2024 Pueblo Espa\u00f1ol wurde zwischen 1965 und 1968 unter der Leitung von Fernando Chueca Goitia gebaut, einem renommierten spanischen Architekten des 20. Jahrhunderts, der f\u00fcr bemerkenswerte Projekte wie die Almudena-Kathedrale in Madrid und die Erweiterung des Prado-Museums bekannt ist.\" tabindex=\"-1\" >\n\t\t\tsiehe mehr \u00bb\t\t<\/a>\n\n\t\t\t\t<\/div>\n\t\t\t\t<\/article>\n\t\t\t\t<article class=\"elementor-post elementor-grid-item post-5346 post type-post status-publish format-standard has-post-thumbnail hentry category-blog-de\" role=\"listitem\">\n\t\t\t\t<a class=\"elementor-post__thumbnail__link\" href=\"https:\/\/www.hristinamilanova.com\/de\/ungewoehnlich-ausgewaehlt-am-27-april-2024-im-kas-kunstraum-artstrings\/\" tabindex=\"-1\" >\n\t\t\t<div class=\"elementor-post__thumbnail\"><img loading=\"lazy\" decoding=\"async\" width=\"729\" height=\"1024\" src=\"https:\/\/www.hristinamilanova.com\/wp-content\/uploads\/2024\/06\/sculpture-hristina-milanova-1-729x1024.jpg\" class=\"attachment-large size-large wp-image-5342\" alt=\"\" srcset=\"https:\/\/www.hristinamilanova.com\/wp-content\/uploads\/2024\/06\/sculpture-hristina-milanova-1-729x1024.jpg 729w, https:\/\/www.hristinamilanova.com\/wp-content\/uploads\/2024\/06\/sculpture-hristina-milanova-1-213x300.jpg 213w, https:\/\/www.hristinamilanova.com\/wp-content\/uploads\/2024\/06\/sculpture-hristina-milanova-1-768x1079.jpg 768w, https:\/\/www.hristinamilanova.com\/wp-content\/uploads\/2024\/06\/sculpture-hristina-milanova-1.jpg 868w\" sizes=\"(max-width: 729px) 100vw, 729px\" \/><\/div>\n\t\t<\/a>\n\t\t\t\t<div class=\"elementor-post__text\">\n\t\t\t\t<h3 class=\"elementor-post__title\">\n\t\t\t<a href=\"https:\/\/www.hristinamilanova.com\/de\/ungewoehnlich-ausgewaehlt-am-27-april-2024-im-kas-kunstraum-artstrings\/\" >\n\t\t\t\t&#8222;Ungew\u00f6hnlich ausgew\u00e4hlt&#8220; am 27. April 2024 im KAS Kunstraum Art&amp;Strings\t\t\t<\/a>\n\t\t<\/h3>\n\t\t\n\t\t<a class=\"elementor-post__read-more\" href=\"https:\/\/www.hristinamilanova.com\/de\/ungewoehnlich-ausgewaehlt-am-27-april-2024-im-kas-kunstraum-artstrings\/\" aria-label=\"Mehr \u00fcber &#8222;Ungew\u00f6hnlich ausgew\u00e4hlt&#8220; am 27. April 2024 im KAS Kunstraum Art&amp;Strings\" tabindex=\"-1\" >\n\t\t\tsiehe mehr \u00bb\t\t<\/a>\n\n\t\t\t\t<\/div>\n\t\t\t\t<\/article>\n\t\t\t\t<article class=\"elementor-post elementor-grid-item post-2797 post type-post status-publish format-standard has-post-thumbnail hentry category-blog-de\" role=\"listitem\">\n\t\t\t\t<a class=\"elementor-post__thumbnail__link\" href=\"https:\/\/www.hristinamilanova.com\/de\/menschen-in-bewegung-und-die-raeume-der-formen\/\" tabindex=\"-1\" >\n\t\t\t<div class=\"elementor-post__thumbnail\"><img loading=\"lazy\" decoding=\"async\" width=\"800\" height=\"534\" src=\"https:\/\/www.hristinamilanova.com\/wp-content\/uploads\/2024\/02\/exibition-1024x683.jpg\" class=\"attachment-large size-large wp-image-2790\" alt=\"\" srcset=\"https:\/\/www.hristinamilanova.com\/wp-content\/uploads\/2024\/02\/exibition-1024x683.jpg 1024w, https:\/\/www.hristinamilanova.com\/wp-content\/uploads\/2024\/02\/exibition-300x200.jpg 300w, https:\/\/www.hristinamilanova.com\/wp-content\/uploads\/2024\/02\/exibition-768x512.jpg 768w, https:\/\/www.hristinamilanova.com\/wp-content\/uploads\/2024\/02\/exibition.jpg 1200w\" sizes=\"(max-width: 800px) 100vw, 800px\" \/><\/div>\n\t\t<\/a>\n\t\t\t\t<div class=\"elementor-post__text\">\n\t\t\t\t<h3 class=\"elementor-post__title\">\n\t\t\t<a href=\"https:\/\/www.hristinamilanova.com\/de\/menschen-in-bewegung-und-die-raeume-der-formen\/\" >\n\t\t\t\tMenschen in Bewegung in den R\u00e4umen der Formen. KUNST\t\t\t<\/a>\n\t\t<\/h3>\n\t\t\n\t\t<a class=\"elementor-post__read-more\" href=\"https:\/\/www.hristinamilanova.com\/de\/menschen-in-bewegung-und-die-raeume-der-formen\/\" aria-label=\"Mehr \u00fcber Menschen in Bewegung in den R\u00e4umen der Formen. KUNST\" tabindex=\"-1\" >\n\t\t\tsiehe mehr \u00bb\t\t<\/a>\n\n\t\t\t\t<\/div>\n\t\t\t\t<\/article>\n\t\t\t\t<article class=\"elementor-post elementor-grid-item post-1731 post type-post status-publish format-standard has-post-thumbnail hentry category-blog-de\" role=\"listitem\">\n\t\t\t\t<a class=\"elementor-post__thumbnail__link\" href=\"https:\/\/www.hristinamilanova.com\/de\/kunstmessen\/\" tabindex=\"-1\" >\n\t\t\t<div class=\"elementor-post__thumbnail\"><img loading=\"lazy\" decoding=\"async\" width=\"800\" height=\"518\" src=\"https:\/\/www.hristinamilanova.com\/wp-content\/uploads\/2024\/01\/107.jpg\" class=\"attachment-large size-large wp-image-1690\" alt=\"\" srcset=\"https:\/\/www.hristinamilanova.com\/wp-content\/uploads\/2024\/01\/107.jpg 960w, https:\/\/www.hristinamilanova.com\/wp-content\/uploads\/2024\/01\/107-300x194.jpg 300w, https:\/\/www.hristinamilanova.com\/wp-content\/uploads\/2024\/01\/107-768x498.jpg 768w\" sizes=\"(max-width: 800px) 100vw, 800px\" \/><\/div>\n\t\t<\/a>\n\t\t\t\t<div class=\"elementor-post__text\">\n\t\t\t\t<h3 class=\"elementor-post__title\">\n\t\t\t<a href=\"https:\/\/www.hristinamilanova.com\/de\/kunstmessen\/\" >\n\t\t\t\tArtFerias\t\t\t<\/a>\n\t\t<\/h3>\n\t\t\n\t\t<a class=\"elementor-post__read-more\" href=\"https:\/\/www.hristinamilanova.com\/de\/kunstmessen\/\" aria-label=\"Mehr \u00fcber ArtFerias\" tabindex=\"-1\" >\n\t\t\tsiehe mehr \u00bb\t\t<\/a>\n\n\t\t\t\t<\/div>\n\t\t\t\t<\/article>\n\t\t\t\t<article class=\"elementor-post elementor-grid-item post-1737 post type-post status-publish format-standard has-post-thumbnail hentry category-blog-de\" role=\"listitem\">\n\t\t\t\t<a class=\"elementor-post__thumbnail__link\" href=\"https:\/\/www.hristinamilanova.com\/de\/projekt-innovation-kunst-milanova\/\" tabindex=\"-1\" >\n\t\t\t<div class=\"elementor-post__thumbnail\"><img loading=\"lazy\" decoding=\"async\" width=\"774\" height=\"1000\" src=\"https:\/\/www.hristinamilanova.com\/wp-content\/uploads\/2024\/01\/set-up.jpg\" class=\"attachment-large size-large wp-image-1671\" alt=\"\" srcset=\"https:\/\/www.hristinamilanova.com\/wp-content\/uploads\/2024\/01\/set-up.jpg 774w, https:\/\/www.hristinamilanova.com\/wp-content\/uploads\/2024\/01\/set-up-232x300.jpg 232w, https:\/\/www.hristinamilanova.com\/wp-content\/uploads\/2024\/01\/set-up-768x992.jpg 768w\" sizes=\"(max-width: 774px) 100vw, 774px\" \/><\/div>\n\t\t<\/a>\n\t\t\t\t<div class=\"elementor-post__text\">\n\t\t\t\t<h3 class=\"elementor-post__title\">\n\t\t\t<a href=\"https:\/\/www.hristinamilanova.com\/de\/projekt-innovation-kunst-milanova\/\" >\n\t\t\t\tProjekt Innovation Art Milanova\t\t\t<\/a>\n\t\t<\/h3>\n\t\t\n\t\t<a class=\"elementor-post__read-more\" href=\"https:\/\/www.hristinamilanova.com\/de\/projekt-innovation-kunst-milanova\/\" aria-label=\"Mehr \u00fcber Projekt Innovation Art Milanova\" tabindex=\"-1\" >\n\t\t\tsiehe mehr \u00bb\t\t<\/a>\n\n\t\t\t\t<\/div>\n\t\t\t\t<\/article>\n\t\t\t\t<article class=\"elementor-post elementor-grid-item post-2542 post type-post status-publish format-standard has-post-thumbnail hentry category-blog-de\" role=\"listitem\">\n\t\t\t\t<a class=\"elementor-post__thumbnail__link\" href=\"https:\/\/www.hristinamilanova.com\/de\/ausstellung-15-miles-von-art-milanova-interview-in-der-zeitschrift-minimal\/\" tabindex=\"-1\" >\n\t\t\t<div class=\"elementor-post__thumbnail\"><img loading=\"lazy\" decoding=\"async\" width=\"800\" height=\"502\" src=\"https:\/\/www.hristinamilanova.com\/wp-content\/uploads\/2024\/02\/Hristina-1-1024x643.jpg\" class=\"attachment-large size-large wp-image-2220\" alt=\"\" srcset=\"https:\/\/www.hristinamilanova.com\/wp-content\/uploads\/2024\/02\/Hristina-1-1024x643.jpg 1024w, https:\/\/www.hristinamilanova.com\/wp-content\/uploads\/2024\/02\/Hristina-1-300x188.jpg 300w, https:\/\/www.hristinamilanova.com\/wp-content\/uploads\/2024\/02\/Hristina-1-768x482.jpg 768w, https:\/\/www.hristinamilanova.com\/wp-content\/uploads\/2024\/02\/Hristina-1-1536x964.jpg 1536w, https:\/\/www.hristinamilanova.com\/wp-content\/uploads\/2024\/02\/Hristina-1-2048x1286.jpg 2048w\" sizes=\"(max-width: 800px) 100vw, 800px\" \/><\/div>\n\t\t<\/a>\n\t\t\t\t<div class=\"elementor-post__text\">\n\t\t\t\t<h3 class=\"elementor-post__title\">\n\t\t\t<a href=\"https:\/\/www.hristinamilanova.com\/de\/ausstellung-15-miles-von-art-milanova-interview-in-der-zeitschrift-minimal\/\" >\n\t\t\t\tAusstellung &#8211; 15 Miles von Hristina Milanova. Interview in der Zeitschrift Minimal\t\t\t<\/a>\n\t\t<\/h3>\n\t\t\n\t\t<a class=\"elementor-post__read-more\" href=\"https:\/\/www.hristinamilanova.com\/de\/ausstellung-15-miles-von-art-milanova-interview-in-der-zeitschrift-minimal\/\" aria-label=\"Mehr \u00fcber Ausstellung &#8211; 15 Miles von Hristina Milanova. Interview in der Zeitschrift Minimal\" tabindex=\"-1\" >\n\t\t\tsiehe mehr \u00bb\t\t<\/a>\n\n\t\t\t\t<\/div>\n\t\t\t\t<\/article>\n\t\t\t\t<\/div>\n\t\t\n\t\t\t\t<div class=\"e-load-more-anchor\" data-page=\"1\" data-max-page=\"2\" data-next-page=\"https:\/\/www.hristinamilanova.com\/de\/wp-json\/wp\/v2\/pages\/1153\/page\/2\/\"><\/div>\n\t\t\t\t<nav class=\"elementor-pagination\" aria-label=\"Seitennummerierung\">\n\t\t\t<span class=\"page-numbers prev\">\u00ab Vorherige<\/span>\n<a class=\"page-numbers next\" href=\"https:\/\/www.hristinamilanova.com\/de\/wp-json\/wp\/v2\/pages\/1153\/page\/2\/\">N\u00e4chste \u00bb<\/a>\t\t<\/nav>\n\t\t\t\t\t\t<\/div>\n\t\t\t\t<\/div>\n\t\t\t\t<\/div>\n\t\t\t\t<\/div>\n\t\t","protected":false},"excerpt":{"rendered":"<p>Nachrichten<\/p>\n","protected":false},"author":1,"featured_media":0,"parent":0,"menu_order":70,"comment_status":"closed","ping_status":"closed","template":"","meta":{"_seopress_robots_primary_cat":"","_seopress_titles_title":"","_seopress_titles_desc":"","_seopress_robots_index":"","_seopress_analysis_target_kw":"","footnotes":""},"class_list":["post-1153","page","type-page","status-publish","hentry"],"_links":{"self":[{"href":"https:\/\/www.hristinamilanova.com\/de\/wp-json\/wp\/v2\/pages\/1153","targetHints":{"allow":["GET"]}}],"collection":[{"href":"https:\/\/www.hristinamilanova.com\/de\/wp-json\/wp\/v2\/pages"}],"about":[{"href":"https:\/\/www.hristinamilanova.com\/de\/wp-json\/wp\/v2\/types\/page"}],"author":[{"embeddable":true,"href":"https:\/\/www.hristinamilanova.com\/de\/wp-json\/wp\/v2\/users\/1"}],"replies":[{"embeddable":true,"href":"https:\/\/www.hristinamilanova.com\/de\/wp-json\/wp\/v2\/comments?post=1153"}],"version-history":[{"count":0,"href":"https:\/\/www.hristinamilanova.com\/de\/wp-json\/wp\/v2\/pages\/1153\/revisions"}],"wp:attachment":[{"href":"https:\/\/www.hristinamilanova.com\/de\/wp-json\/wp\/v2\/media?parent=1153"}],"curies":[{"name":"wp","href":"https:\/\/api.w.org\/{rel}","templated":true}]}}